{"id":61846,"date":"2025-07-09T21:03:15","date_gmt":"2025-07-09T21:03:15","guid":{"rendered":"https:\/\/nordichouse.is\/outdoor-area\/"},"modified":"2025-09-03T08:22:29","modified_gmt":"2025-09-03T08:22:29","slug":"outdoor-area","status":"publish","type":"page","link":"https:\/\/nordichouse.is\/en\/outdoor-area\/","title":{"rendered":"Outdoor Area"},"content":{"rendered":"\n<h2 class=\"wp-block-heading\">Birch trees with Nordic blood in their veins<\/h2>\n\n<p>When Iceland\u2019s president, Vigdis (1980-1996), was travelling around the country to meet the people of her country, she made it a tradition to plant birch trees at the places she visited; one for the boys, one for the girls, and one for the unborn children. Planting trees is a global symbol of hope, looking forward, and a will to create a better future for the generations to come.<span class=\"Apple-converted-space\">\u00a0<\/span><\/p>\n\n<figure class=\"wp-block-gallery alignwide has-nested-images columns-2 is-cropped wp-block-gallery-1 is-layout-flex wp-block-gallery-is-layout-flex\">\n<figure class=\"wp-block-image size-large\"><img decoding=\"async\" width=\"1220\" height=\"813\" data-id=\"61804\" data-src=\"https:\/\/nordichouse.is\/wp-content\/uploads\/2025\/07\/20250409_ros_DSF9736-1220x813.jpg\" alt=\"\" class=\"wp-image-61804 lazyload\" data-srcset=\"https:\/\/nordichouse.is\/wp-content\/uploads\/2025\/07\/20250409_ros_DSF9736-1220x813.jpg 1220w, https:\/\/nordichouse.is\/wp-content\/uploads\/2025\/07\/20250409_ros_DSF9736-640x427.jpg 640w, https:\/\/nordichouse.is\/wp-content\/uploads\/2025\/07\/20250409_ros_DSF9736-768x512.jpg 768w, https:\/\/nordichouse.is\/wp-content\/uploads\/2025\/07\/20250409_ros_DSF9736-1536x1024.jpg 1536w, https:\/\/nordichouse.is\/wp-content\/uploads\/2025\/07\/20250409_ros_DSF9736-2048x1366.jpg 2048w\" data-sizes=\"(max-width: 1220px) 100vw, 1220px\" src=\"data:image\/svg+xml;base64,PHN2ZyB3aWR0aD0iMSIgaGVpZ2h0PSIxIiB4bWxucz0iaHR0cDovL3d3dy53My5vcmcvMjAwMC9zdmciPjwvc3ZnPg==\" style=\"--smush-placeholder-width: 1220px; --smush-placeholder-aspect-ratio: 1220\/813;\" \/><\/figure>\n\n\n\n<figure class=\"wp-block-image size-large\"><img decoding=\"async\" width=\"1220\" height=\"813\" data-id=\"61798\" data-src=\"https:\/\/nordichouse.is\/wp-content\/uploads\/2025\/07\/20250409_ros_DSF9675-1220x813.jpg\" alt=\"\" class=\"wp-image-61798 lazyload\" data-srcset=\"https:\/\/nordichouse.is\/wp-content\/uploads\/2025\/07\/20250409_ros_DSF9675-1220x813.jpg 1220w, https:\/\/nordichouse.is\/wp-content\/uploads\/2025\/07\/20250409_ros_DSF9675-640x427.jpg 640w, https:\/\/nordichouse.is\/wp-content\/uploads\/2025\/07\/20250409_ros_DSF9675-768x512.jpg 768w, https:\/\/nordichouse.is\/wp-content\/uploads\/2025\/07\/20250409_ros_DSF9675-1536x1024.jpg 1536w, https:\/\/nordichouse.is\/wp-content\/uploads\/2025\/07\/20250409_ros_DSF9675-2048x1366.jpg 2048w\" data-sizes=\"(max-width: 1220px) 100vw, 1220px\" src=\"data:image\/svg+xml;base64,PHN2ZyB3aWR0aD0iMSIgaGVpZ2h0PSIxIiB4bWxucz0iaHR0cDovL3d3dy53My5vcmcvMjAwMC9zdmciPjwvc3ZnPg==\" style=\"--smush-placeholder-width: 1220px; --smush-placeholder-aspect-ratio: 1220\/813;\" \/><\/figure>\n\n\n\n<figure class=\"wp-block-image size-large\"><img decoding=\"async\" width=\"1220\" height=\"813\" data-id=\"61807\" data-src=\"https:\/\/nordichouse.is\/wp-content\/uploads\/2025\/07\/20250409_ros_DSF9764-1220x813.jpg\" alt=\"\" class=\"wp-image-61807 lazyload\" data-srcset=\"https:\/\/nordichouse.is\/wp-content\/uploads\/2025\/07\/20250409_ros_DSF9764-1220x813.jpg 1220w, https:\/\/nordichouse.is\/wp-content\/uploads\/2025\/07\/20250409_ros_DSF9764-640x427.jpg 640w, https:\/\/nordichouse.is\/wp-content\/uploads\/2025\/07\/20250409_ros_DSF9764-768x512.jpg 768w, https:\/\/nordichouse.is\/wp-content\/uploads\/2025\/07\/20250409_ros_DSF9764-1536x1024.jpg 1536w, https:\/\/nordichouse.is\/wp-content\/uploads\/2025\/07\/20250409_ros_DSF9764-2048x1366.jpg 2048w\" data-sizes=\"(max-width: 1220px) 100vw, 1220px\" src=\"data:image\/svg+xml;base64,PHN2ZyB3aWR0aD0iMSIgaGVpZ2h0PSIxIiB4bWxucz0iaHR0cDovL3d3dy53My5vcmcvMjAwMC9zdmciPjwvc3ZnPg==\" style=\"--smush-placeholder-width: 1220px; --smush-placeholder-aspect-ratio: 1220\/813;\" \/><\/figure>\n<\/figure>\n<div class=\"wp-block-image\">\n<figure class=\"alignright size-medium\"><img decoding=\"async\" width=\"427\" height=\"640\" data-src=\"https:\/\/nordichouse.is\/wp-content\/uploads\/2025\/07\/20250409_ros_DSF9735-427x640.jpg\" alt=\"\" class=\"wp-image-61801 lazyload\" data-srcset=\"https:\/\/nordichouse.is\/wp-content\/uploads\/2025\/07\/20250409_ros_DSF9735-427x640.jpg 427w, https:\/\/nordichouse.is\/wp-content\/uploads\/2025\/07\/20250409_ros_DSF9735-813x1220.jpg 813w, https:\/\/nordichouse.is\/wp-content\/uploads\/2025\/07\/20250409_ros_DSF9735-768x1152.jpg 768w, https:\/\/nordichouse.is\/wp-content\/uploads\/2025\/07\/20250409_ros_DSF9735-1024x1536.jpg 1024w, https:\/\/nordichouse.is\/wp-content\/uploads\/2025\/07\/20250409_ros_DSF9735-1366x2048.jpg 1366w, https:\/\/nordichouse.is\/wp-content\/uploads\/2025\/07\/20250409_ros_DSF9735.jpg 1667w\" data-sizes=\"(max-width: 427px) 100vw, 427px\" src=\"data:image\/svg+xml;base64,PHN2ZyB3aWR0aD0iMSIgaGVpZ2h0PSIxIiB4bWxucz0iaHR0cDovL3d3dy53My5vcmcvMjAwMC9zdmciPjwvc3ZnPg==\" style=\"--smush-placeholder-width: 427px; --smush-placeholder-aspect-ratio: 427\/640;\" \/><\/figure>\n<\/div>\n<p>During the Barnekulturfestivalen in Reykjavik 2025, it was decided to plant trees by the Nordic House. On the 9th of April 2025, the environment-, energy-, and climate minister J\u00f3hann P\u00e1ll J\u00f3hannsson, together with the directors of the Nordic Houses in the Nordic region, planted five birch trees south of the lake by the Nordic house. These trees were not the usual Icelandic birch trees. These were a unique variety, with Nordic roots. One could say that these are birch trees with Nordic blood in their veins. <\/p>\n\n<p>The Nordic countries are internationally recognized as leaders in plant breeding. The forest is of great importance in the Nordic countries, and trees are a source of happiness and health. The Nordic Cooperation on Forest Research (SNS) and its tree breeding have a long and successful history and are one of the many foundational pillars in the diverse cooperation in the Nordics.<\/p>\n\n<p>But what does plant breeding mean? In short, it is the process by which the best trees from tree cultivation practices are selected for breeding tests. In this way, genetic groups develop, which we refer to as varieties. In Iceland, the plant geneticist \u00deorsteinn T\u00f3masson has utilized Nordic cooperation to breed Icelandic birch varieties that thrive in the Icelandic soil and environment, namely: Embla, Kofoed, Dumba, and Hekla.<\/p>\n\n<h3 class=\"wp-block-heading\">Embla<\/h3>\n\n<p>Embla was the first variation that \u00deorsteinn developed, with the help of Danish breeding techniques dating back over 30 years. Generally speaking, Icelandic birch is bent and crooked. But Embla, with handpicked parent trees, grows with a straight and bright stem, living up to the name \u201cthe bright tree\u201d (birch refers to light, \u201cbj\u00f6rt\u201d in Icelandic).<\/p>\n\n<h3 class=\"wp-block-heading\">Kofoed<\/h3>\n\n<p>Kofoed, named after Iceland\u2019s first director of forestry, A.F. Kofoed-Hansen, was introduced during the centennial of Icelandic forestry in 2007. It is the product of a Norwegian birch, which is not typically cultivated in Iceland, crossed with Embla.<span class=\"Apple-converted-space\">\u00a0<\/span><\/p>\n\n<h3 class=\"wp-block-heading\">Dumba<\/h3>\n\n<p>The successful result of Kofoed led to further experiments involving crossbreeding a Finnish, red-colored birch, which resulted in the development of the variety <b>Dumba<\/b>, a common name for red-colored cows in Iceland. The success of both Kofoed and Dumba has led to the development of a crossbreeding program with two new variations that have traditionally been difficult to cultivate in Iceland: the so-called \u201changing-birch\u201d (Betula pendula) and the \u201cNepal-birch\u201d (Betula utilis jaquemonti) from Asia.<span class=\"Apple-converted-space\">\u00a0<\/span><\/p>\n\n<h3 class=\"wp-block-heading\">Hekla<\/h3>\n\n<p>Hekla is a rapidly growing variety characterized by its red leaves and white stem and is related to four birch varieties from three different countries. It is now being tested in more locations in Iceland and proving to be a success. Hekla grows and is sold in Finland through a process known as vegetative culture (in which all trees are of the same genotype), whereas the other variations are cultivated using seeds.<\/p>\n\n<figure class=\"wp-block-image alignwide size-large\"><img decoding=\"async\" width=\"1220\" height=\"813\" data-src=\"https:\/\/nordichouse.is\/wp-content\/uploads\/2025\/07\/20240923-NH-salir_EA_lowres-15-1220x813.jpg\" alt=\"\" class=\"wp-image-61792 lazyload\" data-srcset=\"https:\/\/nordichouse.is\/wp-content\/uploads\/2025\/07\/20240923-NH-salir_EA_lowres-15-1220x813.jpg 1220w, https:\/\/nordichouse.is\/wp-content\/uploads\/2025\/07\/20240923-NH-salir_EA_lowres-15-640x427.jpg 640w, https:\/\/nordichouse.is\/wp-content\/uploads\/2025\/07\/20240923-NH-salir_EA_lowres-15-768x512.jpg 768w, https:\/\/nordichouse.is\/wp-content\/uploads\/2025\/07\/20240923-NH-salir_EA_lowres-15-1536x1024.jpg 1536w, https:\/\/nordichouse.is\/wp-content\/uploads\/2025\/07\/20240923-NH-salir_EA_lowres-15.jpg 2000w\" data-sizes=\"(max-width: 1220px) 100vw, 1220px\" src=\"data:image\/svg+xml;base64,PHN2ZyB3aWR0aD0iMSIgaGVpZ2h0PSIxIiB4bWxucz0iaHR0cDovL3d3dy53My5vcmcvMjAwMC9zdmciPjwvc3ZnPg==\" style=\"--smush-placeholder-width: 1220px; --smush-placeholder-aspect-ratio: 1220\/813;\" \/><\/figure>\n\n<h2 class=\"wp-block-heading\">The Nordic House Greenhouse<\/h2>\n\n<p>The greenhouse at the Nordic House is used in many fun and creative ways. Here you can sit and enjoy a cup of coffee, read a book, or have lunch. We also host concerts, workshops, and art exhibitions.<\/p>\n\n<p><p style=\"font-weight: 400;\"><strong>The Nordic House<\/strong> cultivates the greenhouse and its garden in collaboration with the organization <strong>W.O.M.E.N.<\/strong> \u2013 Women Of Multicultural Ethnicity Network in Iceland \u2013 and <strong>NordGen,<\/strong> which is the joint Nordic gene bank and knowledge center for genetic resources which is important to agriculture and forestry.<\/p><\/p>\n\n<p><a href=\"https:\/\/nordichouse.is\/en\/saum-sjaum-og-smokkum-graenn-voxtur-a-nordurlondum\/\"> Read more about W.O.M.E.N. and the global seed garden here.<\/a><\/p>\n\n<h2 class=\"wp-block-heading\">The Nature reserve in Vatnsm\u00fdri<\/h2>\n\n<p>The conservation area in Vatnsm\u00fdri is truly unique. It allows visitors to enjoy wild nature and birdlife in the middle of the Reykjav\u00edk city.<\/p>\n\n<p>In 2013, a group called \u201cFriends of the Pond\u201d was founded \u2013 an informal network within BirdLife Iceland. Their goal is to activate volunteers who wish to support a good cause by caring for the ecosystem of the pond and wetland in Vatnsm\u00fdri.<\/p>\n\n<p><p style=\"font-weight: 400;\">Every year, the group organizes a clean-up in the conservation area, usually in April. Volunteers come together to pick up trash, thin out invasive trees, and make the area a welcoming nesting site for ducks and waders.<\/p><br\/><a href=\"https:\/\/fuglavernd.is\/busvaedavernd\/hollvinir-tjarnarinnar\/\" data-type=\"link\" data-id=\"https:\/\/fuglavernd.is\/busvaedavernd\/hollvinir-tjarnarinnar\/\"> Friends of the Pond&#8217;s website<\/a><\/p>\n\n<p><\/p>\n\n<p><\/p>\n","protected":false},"excerpt":{"rendered":"<p>Birch trees with Nordic blood in their veins When Iceland\u2019s president, Vigdis (1980-1996), was travelling around the country to meet the people of her country, she made it a tradition to plant birch trees at the places she visited; one for the boys, one for the girls, and one for the unborn children. Planting trees [&hellip;]<\/p>\n","protected":false},"author":6,"featured_media":61797,"parent":0,"menu_order":0,"comment_status":"closed","ping_status":"closed","template":"","meta":{"_acf_changed":false,"footnotes":""},"class_list":["post-61846","page","type-page","status-publish","has-post-thumbnail","hentry","no-banner-image"],"acf":[],"_links":{"self":[{"href":"https:\/\/nordichouse.is\/en\/wp-json\/wp\/v2\/pages\/61846","targetHints":{"allow":["GET"]}}],"collection":[{"href":"https:\/\/nordichouse.is\/en\/wp-json\/wp\/v2\/pages"}],"about":[{"href":"https:\/\/nordichouse.is\/en\/wp-json\/wp\/v2\/types\/page"}],"author":[{"embeddable":true,"href":"https:\/\/nordichouse.is\/en\/wp-json\/wp\/v2\/users\/6"}],"replies":[{"embeddable":true,"href":"https:\/\/nordichouse.is\/en\/wp-json\/wp\/v2\/comments?post=61846"}],"version-history":[{"count":0,"href":"https:\/\/nordichouse.is\/en\/wp-json\/wp\/v2\/pages\/61846\/revisions"}],"wp:featuredmedia":[{"embeddable":true,"href":"https:\/\/nordichouse.is\/en\/wp-json\/wp\/v2\/media\/61797"}],"wp:attachment":[{"href":"https:\/\/nordichouse.is\/en\/wp-json\/wp\/v2\/media?parent=61846"}],"curies":[{"name":"wp","href":"https:\/\/api.w.org\/{rel}","templated":true}]}}