{"id":60131,"date":"2025-02-10T10:59:32","date_gmt":"2025-02-10T10:59:32","guid":{"rendered":"https:\/\/nordichouse.is\/info-norden\/"},"modified":"2025-02-10T11:39:18","modified_gmt":"2025-02-10T11:39:18","slug":"info-norden","status":"publish","type":"page","link":"https:\/\/nordichouse.is\/en\/info-norden\/","title":{"rendered":"Info Norden"},"content":{"rendered":"\n<p>Info Norden is the information service of the Nordic Council of Ministers. The aim is to improve cross-border mobility for citizens who want to relocate, work, study or start businesses in another Nordic country. Info Norden is represented in all the Nordic countries and in the Faroe Islands, Greenland and \u00c5land.<\/p>\n\n<p>Here are links to the Info Nordic office you may wish to contact:<\/p>\n\n<ul class=\"wp-block-list\">\n<li><a href=\"https:\/\/www.norden.org\/en\/organisation\/info-norden-denmark\"><b>Info Norden (Denmark)<\/b><\/a><\/li>\n\n\n\n<li><a href=\"https:\/\/www.norden.org\/en\/organisation\/info-norden-finland\"><b>Info Norden (Finland)<\/b><\/a><\/li>\n\n\n\n<li><a href=\"https:\/\/www.norden.org\/en\/organisation\/info-norden-faroe-islands\"><b>Info Norden (Faroe Islands)<\/b><\/a><\/li>\n\n\n\n<li><a href=\"https:\/\/www.norden.org\/en\/organisation\/info-norden-greenland\"><b>Info Norden (Greenland)<\/b><\/a><\/li>\n\n\n\n<li><a href=\"https:\/\/www.norden.org\/en\/organisation\/info-norden-iceland\"><b>Info Norden (Iceland)\u00a0<\/b><\/a><\/li>\n\n\n\n<li><a href=\"https:\/\/www.norden.org\/en\/organisation\/info-norden-norway\"><b>Info Norden (Norway)<\/b><\/a><\/li>\n\n\n\n<li><a href=\"https:\/\/www.norden.org\/en\/organisation\/info-norden-sweden\"><b>Info Norden (Sweden)<\/b><\/a><\/li>\n\n\n\n<li><a href=\"https:\/\/www.norden.org\/en\/organisation\/info-norden-aland\"><b>Info Norden (\u00c5land)<\/b><\/a><\/li>\n<\/ul>\n\n<p><\/p>\n\n<p>More information: <a href=\"https:\/\/www.norden.org\/en\/info-norden\">https:\/\/www.norden.org\/en\/info-norden<\/a><\/p>\n\n<h2 class=\"wp-block-heading\"><b>Contact<\/b><\/h2>\n\n<p><a href=\"https:\/\/www.norden.org\/is\/node\/91411\"><strong>Sigr\u00fan G\u00edgja Hrafnsd\u00f3ttir<\/strong><\/a>&#13;\nVerkefnastj\u00f3rProject manager for Info Norden in Iceland<\/p>\n\n<h3 class=\"wp-block-heading\">Email<\/h3>\n\n<p><a href=\"mailto:sigrun@nordichouse.is\">sigrun@nordichouse.is<\/a><br\/><a href=\"mailto:island@infonorden.org\">island@infonorden.org<\/a><\/p>\n\n<h3 class=\"wp-block-heading\"><strong>Address<\/strong><\/h3>\n\n<p>Info Norden<br\/>&#13;\nNorr\u00e6na h\u00fasi\u00f0,<br\/>&#13;\nS\u00e6mundargata 11<br\/>&#13;\n101 Reykjav\u00edk<br\/>&#13;\n\u00cdsland<\/p>\n\n<p>Follow <a href=\"https:\/\/www.facebook.com\/infonorden\/\"><b>Info Norden p\u00e5 Facebook<\/b><\/a><\/p>\n","protected":false},"excerpt":{"rendered":"<p>Info Norden is the information service of the Nordic Council of Ministers. The aim is to improve cross-border mobility for citizens who want to relocate, work, study or start businesses in another Nordic country. Info Norden is represented in all the Nordic countries and in the Faroe Islands, Greenland and \u00c5land. Here are links to [&hellip;]<\/p>\n","protected":false},"author":6,"featured_media":60138,"parent":0,"menu_order":0,"comment_status":"closed","ping_status":"closed","template":"","meta":{"_acf_changed":false,"footnotes":""},"class_list":["post-60131","page","type-page","status-publish","has-post-thumbnail","hentry","no-banner-image"],"acf":[],"_links":{"self":[{"href":"https:\/\/nordichouse.is\/en\/wp-json\/wp\/v2\/pages\/60131","targetHints":{"allow":["GET"]}}],"collection":[{"href":"https:\/\/nordichouse.is\/en\/wp-json\/wp\/v2\/pages"}],"about":[{"href":"https:\/\/nordichouse.is\/en\/wp-json\/wp\/v2\/types\/page"}],"author":[{"embeddable":true,"href":"https:\/\/nordichouse.is\/en\/wp-json\/wp\/v2\/users\/6"}],"replies":[{"embeddable":true,"href":"https:\/\/nordichouse.is\/en\/wp-json\/wp\/v2\/comments?post=60131"}],"version-history":[{"count":0,"href":"https:\/\/nordichouse.is\/en\/wp-json\/wp\/v2\/pages\/60131\/revisions"}],"wp:featuredmedia":[{"embeddable":true,"href":"https:\/\/nordichouse.is\/en\/wp-json\/wp\/v2\/media\/60138"}],"wp:attachment":[{"href":"https:\/\/nordichouse.is\/en\/wp-json\/wp\/v2\/media?parent=60131"}],"curies":[{"name":"wp","href":"https:\/\/api.w.org\/{rel}","templated":true}]}}