{"id":5616,"date":"2016-10-14T14:11:07","date_gmt":"2016-10-14T14:11:07","guid":{"rendered":"https:\/\/nordichouse.is\/en\/hofundakvold\/"},"modified":"2021-05-27T14:03:56","modified_gmt":"2021-05-27T14:03:56","slug":"hofundakvold","status":"publish","type":"page","link":"https:\/\/nordichouse.is\/en\/hofundakvold\/","title":{"rendered":"Meet the Author Series"},"content":{"rendered":"\n<p class=\"has-medium-font-size\">The Nordic House is a central literary arena in Reykjavik. The Nordic House has a long tradition of organizing author events with current and exciting Nordic writers in the spring and autumn period. It is our goal to invite a broad spectrum of interesting and relevant authors to talk about their books and their authorship.<\/p>\n\n<p>The Author\u2019s night consists of one or several authors who, in conversation with a literary expert in a Scandinavian language, unfold their authorship and literary work. The audience is welcome to ask questions at the end of the talks. You can experience and reexperience Author\u2019s nights through our Livestream channel.<\/p>\n\n<h2 class=\"wp-block-heading\">Program for Spring 2021<\/h2>\n\n<p>In the spring of 2021, we will focus on social sustainability and \u2018INTERUPTION\u2019 in February. All our author evenings can be found on Live stream here.<\/p>\n\n<p>In addition, we have started a Nordic reading circle, which you can get more information about here: bibliotek@nordichouse.is.<\/p>\n\n<p><strong>11. February<\/strong><\/p>\n\n<p><a href=\"https:\/\/nordichouse.is\/en\/event\/interruptions\/\">Andri Sn\u00e6r Magnason (IS) and Sigr\u00ed\u00f0ur Hagal\u00edn Bj\u00f6rnsd\u00f3ttir (IS)<\/a><\/p>\n\n<p><strong>11. March<\/strong><\/p>\n\n<p><a href=\"https:\/\/nordichouse.is\/en\/event\/niviaq-korneliussen-and-audur-ava-olafsdottir\/\">Niviaq Korneliussen (GL) and Au\u00f0ur Ava \u00d3lafsd\u00f3ttir (IS)<\/a><\/p>\n\n<p><strong>6. May<\/strong><\/p>\n\n<p><a href=\"https:\/\/nordichouse.is\/en\/event\/meet-the-author-with-monika-fagerholm\/\">Monika Fagerholm (FI-SE)<\/a><\/p>\n\n<h2 class=\"wp-block-heading\">Streaming<\/h2>\n\n<p>Meet the Author events are streamed live, visible from the event&#8217;s page. Older recordings will be available at <a href=\"https:\/\/nordichouse.is\/en\/channel\/\">The Nordic House Channel<\/a>.<\/p>\n\n<h2 class=\"wp-block-heading\">Since 2015, the following authors have visited the Nordic House, Reykjavik, as part of Meet the Author series:<\/h2>\n\n<p>Jens Andersen (DK), Einar M\u00e1r Gu\u00f0mundsson (IS \u2013 winner of the Nordic Council&#8217;s Literature Prize 1995), Camilla Plum (DK), Rawdna Carita Eira (NO-SAM), Kristina Sandberg (SE), Gaute Heivoll (NO), \u00c5sne Seierstad (NO), Susanna Alakoski (SE), Viveca Sten (SE), Carsten Jensen (DK), Athena Farrokhzad (SE), Er\u00edkur \u00d6rn Nor\u00f0ahl (IS), John Ajvide Lindqvist (SE), Katarina Frostenson (SE \u2013 winner of the Nordic Council&#8217;s Literature Prize  2016), Dorthe Nors (DK), Lars Mytting (NO), Kjell West\u00f6 (FINSE \u2013 winner of the Nordic Council&#8217;s Literature Prize  2014), Kim Leine (DK \u2013 winner of the Nordic Council&#8217;s Literature Prize  2013), S\u00f8rine Steenholdt (GR), Geir Guliksen (NO), Tom Buk-Swienty (DK), Vigdis Hjorth (NO), Sissal Kampmann (F\u00c6R), Kirsten Thorup (DK \u2013 winner of the Nordic Council&#8217;s Literature Prize  2017), Merete Pryds Helle (DK), Josefine Klougart (DK), Erik Skyum-Nielsen (DK), Hanne-Vibeke Holst (DK), Krist\u00edn Steinsd\u00f3ttir (IS), Sara Stridsberg (SE \u2013 winner of the Nordic Council\u00b4s Literature Prize  2007), Au\u00f0ur Ava \u00d3lafsd\u00f3ttir (IS \u2013 winner of the Nordic Council\u00b4s Literature Prize  2018), Rosa Liksom (FI), Johannes Anyuru (SE),  \u00c1sta Fanney Sigur\u00f0ard\u00f3ttir, Fr\u00ed\u00f0a \u00cdsberg, Haukur Ingvarsson og J\u00f3n \u00d6rn Lo\u00f0mfj\u00f6r\u00f0 (IS),  Pivinnguaq M\u00f8rch (GR), Pia Tafdrup (DK \u2013winner of the Nordic Council\u00b4s Literature Prize  1999), Tore Kv\u00e6ven (NO), Thomas Espedal (NO), Turi\u00f0 Sigur\u00f0ard\u00f3ttir (F\u00c6R)  and Theis \u00d8rntoft (DK), Gunnar D. Hansson (SE),  Jonas Eika \u2013 winner of the Nordic Council&#8217;s Literature Prize 2019 (DK) og Isold Uggad\u00f3ttir (IS), Hanne H\u00f8jgaard Viemose (DK) og Krist\u00edn Eir\u00edksd\u00f3ttir (IS), Krist\u00edn \u00d3marsdott\u00edr (IS) og John Swedenmark (SE), Andri Sn\u00e6r Magnason (IS), Sigr\u00ed\u00f0ur Hagal\u00edn (IS), Niviaq Korneliussen (GRO),&#13;\nMonika Fagerholm (FI &#8211; Winner of the 2020 Nordic Council Literature Prize)&#13;\n<\/p>\n\n<p><em>For inquiries please contact sofie(at)nordichous.is\u00a0<\/em><\/p>\n","protected":false},"excerpt":{"rendered":"<p>The Nordic House is a central literary arena in Reykjavik. The Nordic House has a long tradition of organizing author events with current and exciting Nordic writers in the spring and autumn period. It is our goal to invite a broad spectrum of interesting and relevant authors to talk about their books and their authorship. [&hellip;]<\/p>\n","protected":false},"author":6,"featured_media":22732,"parent":0,"menu_order":0,"comment_status":"closed","ping_status":"closed","template":"","meta":{"_acf_changed":false,"footnotes":""},"class_list":["post-5616","page","type-page","status-publish","has-post-thumbnail","hentry","no-banner-image"],"acf":[],"_links":{"self":[{"href":"https:\/\/nordichouse.is\/en\/wp-json\/wp\/v2\/pages\/5616","targetHints":{"allow":["GET"]}}],"collection":[{"href":"https:\/\/nordichouse.is\/en\/wp-json\/wp\/v2\/pages"}],"about":[{"href":"https:\/\/nordichouse.is\/en\/wp-json\/wp\/v2\/types\/page"}],"author":[{"embeddable":true,"href":"https:\/\/nordichouse.is\/en\/wp-json\/wp\/v2\/users\/6"}],"replies":[{"embeddable":true,"href":"https:\/\/nordichouse.is\/en\/wp-json\/wp\/v2\/comments?post=5616"}],"version-history":[{"count":0,"href":"https:\/\/nordichouse.is\/en\/wp-json\/wp\/v2\/pages\/5616\/revisions"}],"wp:featuredmedia":[{"embeddable":true,"href":"https:\/\/nordichouse.is\/en\/wp-json\/wp\/v2\/media\/22732"}],"wp:attachment":[{"href":"https:\/\/nordichouse.is\/en\/wp-json\/wp\/v2\/media?parent=5616"}],"curies":[{"name":"wp","href":"https:\/\/api.w.org\/{rel}","templated":true}]}}