{"id":51349,"date":"2022-05-02T12:28:07","date_gmt":"2022-05-02T12:28:07","guid":{"rendered":"https:\/\/nordichouse.is\/?page_id=51349"},"modified":"2022-05-02T12:30:12","modified_gmt":"2022-05-02T12:30:12","slug":"sono-restaurant-evening-opening","status":"publish","type":"page","link":"https:\/\/nordichouse.is\/en\/announcements\/sono-restaurant-evening-opening\/","title":{"rendered":"S\u00d3N\u00d3 Restaurant &#8211; Evening Opening"},"content":{"rendered":"<p>Restaurant S\u00d3N\u00d3 will be open on friday and saturday evenings from now on, with a brand new menu to celebrate spring which is now in full bloom.<br \/>\n<span style=\"font-size: 1rem;\">S\u00f3n\u00f3&#8217;s menu is seasonal and follows the course of the moon with the best available at any given time. They get their ingredients and inspiration to a large extent from their local area.<\/span><\/p>\n<p><strong><u>Opening hours:<\/u><\/strong><br \/>\n<strong>Tuesdays, Wednesdays, Thursdays &amp; Sundays<\/strong><br \/>\n<strong>10am -17pm<\/strong><br \/>\n<strong>Fridays &amp; Saturdays<\/strong><br \/>\n<strong>10am\u00a0&#8211; 22pm<\/strong><\/p>\n","protected":false},"excerpt":{"rendered":"<p>Restaurant S\u00d3N\u00d3 will be open on friday and saturday evenings from now on, with a brand new menu to celebrate spring which is now in full bloom. S\u00f3n\u00f3&#8217;s menu is seasonal and follows the course of the moon with the best available at any given time. They get their ingredients and inspiration to a large [&hellip;]<\/p>\n","protected":false},"author":26,"featured_media":0,"parent":9426,"menu_order":0,"comment_status":"closed","ping_status":"closed","template":"","meta":{"_acf_changed":false,"footnotes":""},"class_list":["post-51349","page","type-page","status-publish","hentry","no-banner-image"],"acf":[],"_links":{"self":[{"href":"https:\/\/nordichouse.is\/en\/wp-json\/wp\/v2\/pages\/51349","targetHints":{"allow":["GET"]}}],"collection":[{"href":"https:\/\/nordichouse.is\/en\/wp-json\/wp\/v2\/pages"}],"about":[{"href":"https:\/\/nordichouse.is\/en\/wp-json\/wp\/v2\/types\/page"}],"author":[{"embeddable":true,"href":"https:\/\/nordichouse.is\/en\/wp-json\/wp\/v2\/users\/26"}],"replies":[{"embeddable":true,"href":"https:\/\/nordichouse.is\/en\/wp-json\/wp\/v2\/comments?post=51349"}],"version-history":[{"count":0,"href":"https:\/\/nordichouse.is\/en\/wp-json\/wp\/v2\/pages\/51349\/revisions"}],"up":[{"embeddable":true,"href":"https:\/\/nordichouse.is\/en\/wp-json\/wp\/v2\/pages\/9426"}],"wp:attachment":[{"href":"https:\/\/nordichouse.is\/en\/wp-json\/wp\/v2\/media?parent=51349"}],"curies":[{"name":"wp","href":"https:\/\/api.w.org\/{rel}","templated":true}]}}