{"id":51269,"date":"2022-05-01T18:33:01","date_gmt":"2022-05-01T18:33:01","guid":{"rendered":"https:\/\/nordichouse.is\/?page_id=51269"},"modified":"2022-06-28T14:39:54","modified_gmt":"2022-06-28T14:39:54","slug":"pavilion-by-the-birch-wood","status":"publish","type":"page","link":"https:\/\/nordichouse.is\/en\/pavilion-by-the-birch-wood\/","title":{"rendered":"Pavilion by the Birch Wood"},"content":{"rendered":"\n<div class=\"wp-block-media-text alignwide has-media-on-the-right is-stacked-on-mobile\"><figure class=\"wp-block-media-text__media\"><img decoding=\"async\" width=\"853\" height=\"1211\" data-src=\"https:\/\/nordichouse.is\/wp-content\/uploads\/2022\/05\/pavilion-1.jpg\" alt=\"\" class=\"wp-image-51273 size-full lazyload\" data-srcset=\"https:\/\/nordichouse.is\/wp-content\/uploads\/2022\/05\/pavilion-1.jpg 853w, https:\/\/nordichouse.is\/wp-content\/uploads\/2022\/05\/pavilion-1-451x640.jpg 451w, https:\/\/nordichouse.is\/wp-content\/uploads\/2022\/05\/pavilion-1-768x1090.jpg 768w\" data-sizes=\"(max-width: 853px) 100vw, 853px\" src=\"data:image\/svg+xml;base64,PHN2ZyB3aWR0aD0iMSIgaGVpZ2h0PSIxIiB4bWxucz0iaHR0cDovL3d3dy53My5vcmcvMjAwMC9zdmciPjwvc3ZnPg==\" style=\"--smush-placeholder-width: 853px; --smush-placeholder-aspect-ratio: 853\/1211;\" \/><\/figure><div class=\"wp-block-media-text__content\">\n<p>The Nordic house has opened a SUSTAINABLE AND MULTI FUCTIONAL Pavilion&nbsp;that can provide and facilitate coming events of all kinds. The Pavillion has multi purposes for all kinds of outdoor events related to our inclusive, sustainable, and diverse program.<\/p>\n\n\n\n<p>The Pavilion provides the Nordic house with \u2018a scene\u2019&nbsp; that exactly creates the facilities for inclusive, diverse, sustainable and cross sectoral events that trough the PAVILLION will have a flexible platform for the use of events that can engaged&nbsp; both children, teenagers and adults in the capital of Iceland.<br><br>The&nbsp;pavilion&nbsp;is designed and built by&nbsp;BALDUR HELGI SNORRASON<\/p>\n\n\n\n<h3 class=\"wp-block-heading\">Sponsors<\/h3>\n\n\n\n<p>KEBONY \u2014 BYKO \u2014 <a href=\"http:\/\/www.audlind.org\/\" data-type=\"URL\" data-id=\"http:\/\/www.audlind.org\/\" target=\"_blank\" rel=\"noreferrer noopener nofollow\">AU\u00d0LIND<\/a><\/p>\n<\/div><\/div>\n\n\n\n<figure class=\"wp-block-gallery has-nested-images columns-default is-cropped wp-block-gallery-1 is-layout-flex wp-block-gallery-is-layout-flex\">\n<figure class=\"wp-block-image size-large\"><img decoding=\"async\" width=\"3447\" height=\"1687\" data-id=\"51276\" data-src=\"https:\/\/nordichouse.is\/wp-content\/uploads\/2022\/05\/FINAL-PAVILLION.png\" alt=\"\" class=\"wp-image-51276 lazyload\" data-srcset=\"https:\/\/nordichouse.is\/wp-content\/uploads\/2022\/05\/FINAL-PAVILLION.png 3447w, https:\/\/nordichouse.is\/wp-content\/uploads\/2022\/05\/FINAL-PAVILLION-640x313.png 640w, https:\/\/nordichouse.is\/wp-content\/uploads\/2022\/05\/FINAL-PAVILLION-1220x597.png 1220w, https:\/\/nordichouse.is\/wp-content\/uploads\/2022\/05\/FINAL-PAVILLION-768x376.png 768w, https:\/\/nordichouse.is\/wp-content\/uploads\/2022\/05\/FINAL-PAVILLION-1536x752.png 1536w, https:\/\/nordichouse.is\/wp-content\/uploads\/2022\/05\/FINAL-PAVILLION-2048x1002.png 2048w\" data-sizes=\"(max-width: 3447px) 100vw, 3447px\" src=\"data:image\/svg+xml;base64,PHN2ZyB3aWR0aD0iMSIgaGVpZ2h0PSIxIiB4bWxucz0iaHR0cDovL3d3dy53My5vcmcvMjAwMC9zdmciPjwvc3ZnPg==\" style=\"--smush-placeholder-width: 3447px; --smush-placeholder-aspect-ratio: 3447\/1687;\" \/><\/figure>\n\n\n\n<figure class=\"wp-block-image size-large\"><img decoding=\"async\" width=\"3447\" height=\"1687\" data-id=\"51279\" data-src=\"https:\/\/nordichouse.is\/wp-content\/uploads\/2022\/05\/FINAL-PAVILLION-2.png\" alt=\"\" class=\"wp-image-51279 lazyload\" data-srcset=\"https:\/\/nordichouse.is\/wp-content\/uploads\/2022\/05\/FINAL-PAVILLION-2.png 3447w, https:\/\/nordichouse.is\/wp-content\/uploads\/2022\/05\/FINAL-PAVILLION-2-640x313.png 640w, https:\/\/nordichouse.is\/wp-content\/uploads\/2022\/05\/FINAL-PAVILLION-2-1220x597.png 1220w, https:\/\/nordichouse.is\/wp-content\/uploads\/2022\/05\/FINAL-PAVILLION-2-768x376.png 768w, https:\/\/nordichouse.is\/wp-content\/uploads\/2022\/05\/FINAL-PAVILLION-2-1536x752.png 1536w, https:\/\/nordichouse.is\/wp-content\/uploads\/2022\/05\/FINAL-PAVILLION-2-2048x1002.png 2048w\" data-sizes=\"(max-width: 3447px) 100vw, 3447px\" src=\"data:image\/svg+xml;base64,PHN2ZyB3aWR0aD0iMSIgaGVpZ2h0PSIxIiB4bWxucz0iaHR0cDovL3d3dy53My5vcmcvMjAwMC9zdmciPjwvc3ZnPg==\" style=\"--smush-placeholder-width: 3447px; --smush-placeholder-aspect-ratio: 3447\/1687;\" \/><\/figure>\n<\/figure>\n\n\n\n<h3 class=\"wp-block-heading\">BIO: BALDUR HELGI SNORRASON<\/h3>\n\n\n\n<p><a href=\"http:\/\/barkstudio.is\">barkstudio.is<\/a><\/p>\n\n\n\n<p>Baldur Helgi Snorrason was born in Reykjav\u00edk in 1986. He has run the design studio Bark since graduating with a master&#8217;s degree in architecture from the Royal Academy of Architecture in Copenhagen 2016.&nbsp;He has worked on the boundaries of architecture, design and art in various projects that deal with spatial- and experience design in one way or another.&nbsp;The diverse flora of projects in recent years reflects Baldur&#8217;s interdisciplinary approach but recent works include:&nbsp;Singularity and interactive mirror installation that marked the opening of the Iceland Art Festival 2020 and&nbsp;Sj\u00e1varm\u00e1l, a sound sculpture that won in a recent competition for a new outdoor art piece in Reykjav\u00edk, Iceland.<\/p>\n\n\n\n<p>Carpenters: <br>Ragnar M\u00e1r Nikul\u00e1sson<br>Sigmar Freyr Eggertsson<\/p>\n","protected":false},"excerpt":{"rendered":"<p>The Nordic house has opened a SUSTAINABLE AND MULTI FUCTIONAL Pavilion&nbsp;that can provide and facilitate coming events of all kinds. The Pavillion has multi purposes for all kinds of outdoor events related to our inclusive, sustainable, and diverse program. The Pavilion provides the Nordic house with \u2018a scene\u2019&nbsp; that exactly creates the facilities for inclusive, [&hellip;]<\/p>\n","protected":false},"author":6,"featured_media":0,"parent":0,"menu_order":0,"comment_status":"closed","ping_status":"closed","template":"","meta":{"_acf_changed":false,"footnotes":""},"class_list":["post-51269","page","type-page","status-publish","hentry","no-banner-image"],"acf":[],"_links":{"self":[{"href":"https:\/\/nordichouse.is\/en\/wp-json\/wp\/v2\/pages\/51269","targetHints":{"allow":["GET"]}}],"collection":[{"href":"https:\/\/nordichouse.is\/en\/wp-json\/wp\/v2\/pages"}],"about":[{"href":"https:\/\/nordichouse.is\/en\/wp-json\/wp\/v2\/types\/page"}],"author":[{"embeddable":true,"href":"https:\/\/nordichouse.is\/en\/wp-json\/wp\/v2\/users\/6"}],"replies":[{"embeddable":true,"href":"https:\/\/nordichouse.is\/en\/wp-json\/wp\/v2\/comments?post=51269"}],"version-history":[{"count":0,"href":"https:\/\/nordichouse.is\/en\/wp-json\/wp\/v2\/pages\/51269\/revisions"}],"wp:attachment":[{"href":"https:\/\/nordichouse.is\/en\/wp-json\/wp\/v2\/media?parent=51269"}],"curies":[{"name":"wp","href":"https:\/\/api.w.org\/{rel}","templated":true}]}}