{"id":28599,"date":"2021-04-23T08:35:02","date_gmt":"2021-04-23T08:35:02","guid":{"rendered":"https:\/\/nordichouse.is\/sono-matseljur\/"},"modified":"2025-03-05T15:25:15","modified_gmt":"2025-03-05T15:25:15","slug":"plantan-bistro","status":"publish","type":"page","link":"https:\/\/nordichouse.is\/en\/plantan-bistro\/","title":{"rendered":"Plantan Bistro"},"content":{"rendered":"\r\n<div class=\"wp-block-columns alignwide is-layout-flex wp-container-core-columns-is-layout-9d6595d7 wp-block-columns-is-layout-flex\">\r\n<div class=\"wp-block-column is-layout-flow wp-block-column-is-layout-flow\" style=\"flex-basis: 50%;\">\r\n<p>Plantan bistr\u00f3 is a restaurant and catering service that offers a small seasonal menu with an emphasis on healthy and delicious food, pastries baked on site and good coffee. Everything on the menu is be plant-based and the selection rotates slightly as creativity and seasonal variation are important.<\/p>\r\n<p>The owners of Plantan bistr\u00f3 are Hrafnhildur Gunnarsd\u00f3ttir, Bern\u00f3dus \u00d3li Einarsson and J\u00fal\u00eda Sif Liljud\u00f3ttir. Some of you may recognize them from Plantan caf\u00e9 located at Nj\u00e1lsgata 64.<\/p>\r\n\r\n\r\n<div class=\"wp-block-image\">\r\n<figure class=\"aligncenter size-thumbnail is-resized\"><img decoding=\"async\" width=\"400\" height=\"400\" class=\"wp-image-59908 lazyload\" style=\"--smush-placeholder-width: 400px; --smush-placeholder-aspect-ratio: 400\/400;width: 120px; height: auto;\" data-src=\"https:\/\/nordichouse.is\/wp-content\/uploads\/2025\/01\/image00003-400x400.png\" alt=\"Plantan logo.\" data-srcset=\"https:\/\/nordichouse.is\/wp-content\/uploads\/2025\/01\/image00003-400x400.png 400w, https:\/\/nordichouse.is\/wp-content\/uploads\/2025\/01\/image00003-800x800.png 800w, https:\/\/nordichouse.is\/wp-content\/uploads\/2025\/01\/image00003-300x300.png 300w, https:\/\/nordichouse.is\/wp-content\/uploads\/2025\/01\/image00003-600x600.png 600w\" data-sizes=\"(max-width: 400px) 100vw, 400px\" src=\"data:image\/svg+xml;base64,PHN2ZyB3aWR0aD0iMSIgaGVpZ2h0PSIxIiB4bWxucz0iaHR0cDovL3d3dy53My5vcmcvMjAwMC9zdmciPjwvc3ZnPg==\" \/><\/figure>\r\n<\/div>\r\n\r\n\r\n<p><a href=\"https:\/\/www.facebook.com\/plantankaffihus\">Plantan on Facebook<\/a><\/p>\r\n\r\n\r\n\r\n<p><a href=\"https:\/\/www.instagram.com\/plantankaffihus\">Plantan on Instagram<\/a><\/p>\r\n<\/div>\r\n\r\n\r\n\r\n<div class=\"wp-block-column is-layout-flow wp-block-column-is-layout-flow\" style=\"flex-basis: 50%;\">\r\n<figure class=\"wp-block-image size-large\"><img decoding=\"async\" width=\"976\" height=\"1220\" class=\"wp-image-59902 lazyload\" data-src=\"https:\/\/nordichouse.is\/wp-content\/uploads\/2025\/01\/image00001-976x1220.jpeg\" alt=\"The owners of Plantan standing in front of the entry to The Nordic House\" data-srcset=\"https:\/\/nordichouse.is\/wp-content\/uploads\/2025\/01\/image00001-976x1220.jpeg 976w, https:\/\/nordichouse.is\/wp-content\/uploads\/2025\/01\/image00001-512x640.jpeg 512w, https:\/\/nordichouse.is\/wp-content\/uploads\/2025\/01\/image00001-768x960.jpeg 768w, https:\/\/nordichouse.is\/wp-content\/uploads\/2025\/01\/image00001-1229x1536.jpeg 1229w, https:\/\/nordichouse.is\/wp-content\/uploads\/2025\/01\/image00001-1638x2048.jpeg 1638w, https:\/\/nordichouse.is\/wp-content\/uploads\/2025\/01\/image00001-scaled.jpeg 2048w\" data-sizes=\"(max-width: 976px) 100vw, 976px\" src=\"data:image\/svg+xml;base64,PHN2ZyB3aWR0aD0iMSIgaGVpZ2h0PSIxIiB4bWxucz0iaHR0cDovL3d3dy53My5vcmcvMjAwMC9zdmciPjwvc3ZnPg==\" style=\"--smush-placeholder-width: 976px; --smush-placeholder-aspect-ratio: 976\/1220;\" \/><\/figure>\r\n<\/div>\r\n<\/div>\r\n\r\n\r\n\r\n<figure class=\"wp-block-gallery alignwide has-nested-images columns-default wp-block-gallery-1 is-layout-flex wp-block-gallery-is-layout-flex\">\r\n<figure class=\"wp-block-image size-large\"><img decoding=\"async\" width=\"813\" height=\"1220\" data-id=\"59914\" class=\"wp-image-59914 lazyload\" data-src=\"https:\/\/nordichouse.is\/wp-content\/uploads\/2025\/01\/image00004-813x1220.jpeg\" alt=\"Milk poured into a coffee cup.\" data-srcset=\"https:\/\/nordichouse.is\/wp-content\/uploads\/2025\/01\/image00004-813x1220.jpeg 813w, https:\/\/nordichouse.is\/wp-content\/uploads\/2025\/01\/image00004-427x640.jpeg 427w, https:\/\/nordichouse.is\/wp-content\/uploads\/2025\/01\/image00004-768x1152.jpeg 768w, https:\/\/nordichouse.is\/wp-content\/uploads\/2025\/01\/image00004-1024x1536.jpeg 1024w, https:\/\/nordichouse.is\/wp-content\/uploads\/2025\/01\/image00004-1365x2048.jpeg 1365w, https:\/\/nordichouse.is\/wp-content\/uploads\/2025\/01\/image00004-scaled.jpeg 1707w\" data-sizes=\"(max-width: 813px) 100vw, 813px\" src=\"data:image\/svg+xml;base64,PHN2ZyB3aWR0aD0iMSIgaGVpZ2h0PSIxIiB4bWxucz0iaHR0cDovL3d3dy53My5vcmcvMjAwMC9zdmciPjwvc3ZnPg==\" style=\"--smush-placeholder-width: 813px; --smush-placeholder-aspect-ratio: 813\/1220;\" \/><\/figure>\r\n\r\n\r\n\r\n<figure class=\"wp-block-image size-large\"><img decoding=\"async\" width=\"813\" height=\"1220\" data-id=\"59911\" class=\"wp-image-59911 lazyload\" data-src=\"https:\/\/nordichouse.is\/wp-content\/uploads\/2025\/01\/image00005-813x1220.jpeg\" alt=\"A delicious looking course on a plate.\" data-srcset=\"https:\/\/nordichouse.is\/wp-content\/uploads\/2025\/01\/image00005-813x1220.jpeg 813w, https:\/\/nordichouse.is\/wp-content\/uploads\/2025\/01\/image00005-427x640.jpeg 427w, https:\/\/nordichouse.is\/wp-content\/uploads\/2025\/01\/image00005-768x1152.jpeg 768w, https:\/\/nordichouse.is\/wp-content\/uploads\/2025\/01\/image00005-1024x1536.jpeg 1024w, https:\/\/nordichouse.is\/wp-content\/uploads\/2025\/01\/image00005-1365x2048.jpeg 1365w, https:\/\/nordichouse.is\/wp-content\/uploads\/2025\/01\/image00005-scaled.jpeg 1707w\" data-sizes=\"(max-width: 813px) 100vw, 813px\" src=\"data:image\/svg+xml;base64,PHN2ZyB3aWR0aD0iMSIgaGVpZ2h0PSIxIiB4bWxucz0iaHR0cDovL3d3dy53My5vcmcvMjAwMC9zdmciPjwvc3ZnPg==\" style=\"--smush-placeholder-width: 813px; --smush-placeholder-aspect-ratio: 813\/1220;\" \/><\/figure>\r\n<\/figure>\r\n","protected":false},"excerpt":{"rendered":"<p>Plantan bistr\u00f3 is a restaurant and catering service that offers a small seasonal menu with an emphasis on healthy and delicious food, pastries baked on site and good coffee. Everything on the menu is be plant-based and the selection rotates slightly as creativity and seasonal variation are important. The owners of Plantan bistr\u00f3 are Hrafnhildur [&hellip;]<\/p>\n","protected":false},"author":26,"featured_media":59907,"parent":0,"menu_order":0,"comment_status":"closed","ping_status":"closed","template":"","meta":{"_acf_changed":false,"footnotes":""},"class_list":["post-28599","page","type-page","status-publish","has-post-thumbnail","hentry","no-banner-image"],"acf":[],"_links":{"self":[{"href":"https:\/\/nordichouse.is\/en\/wp-json\/wp\/v2\/pages\/28599","targetHints":{"allow":["GET"]}}],"collection":[{"href":"https:\/\/nordichouse.is\/en\/wp-json\/wp\/v2\/pages"}],"about":[{"href":"https:\/\/nordichouse.is\/en\/wp-json\/wp\/v2\/types\/page"}],"author":[{"embeddable":true,"href":"https:\/\/nordichouse.is\/en\/wp-json\/wp\/v2\/users\/26"}],"replies":[{"embeddable":true,"href":"https:\/\/nordichouse.is\/en\/wp-json\/wp\/v2\/comments?post=28599"}],"version-history":[{"count":0,"href":"https:\/\/nordichouse.is\/en\/wp-json\/wp\/v2\/pages\/28599\/revisions"}],"wp:featuredmedia":[{"embeddable":true,"href":"https:\/\/nordichouse.is\/en\/wp-json\/wp\/v2\/media\/59907"}],"wp:attachment":[{"href":"https:\/\/nordichouse.is\/en\/wp-json\/wp\/v2\/media?parent=28599"}],"curies":[{"name":"wp","href":"https:\/\/api.w.org\/{rel}","templated":true}]}}