{"id":28428,"date":"2021-04-19T16:58:24","date_gmt":"2021-04-19T16:58:24","guid":{"rendered":"https:\/\/nordichouse.is\/fyrir-born\/baltnesk-barnamenningarhatid\/"},"modified":"2022-08-26T09:59:14","modified_gmt":"2022-08-26T09:59:14","slug":"baltnesk-barnamenningarhatid","status":"publish","type":"page","link":"https:\/\/nordichouse.is\/en\/fyrir-born\/baltnesk-barnamenningarhatid\/","title":{"rendered":"Baltic Countries&#8217; Children&#8217;s Culture Festival"},"content":{"rendered":"<p><strong>Baltic Countires&#8217; Children\u2019s Culture festival will be held in the Nordic house April 20 to June 14.<\/strong><\/p>\n<p>The Nordic house celebrates children\u2019s culture by presenting Baltic culture in a creative way in collaboration with people with background from the Baltic countries. During the first week of the festival, school groups will be invited to a collage workshop inspired by historical buildings from Vilnius, the capital of Lithuania. Lithuanian artist Jurgita Motiejunaite tells children about the history of the buildings and assists them in making their own collages. Artworks resulting from the scrap workshop will be hung on the wall in the entrance of the Nordic house creating an exhibition that will last until the end of the festival, the 14th of June.<\/p>\n<p>Various events will be held during the Baltic children\u2019s culture festival. To name some are an instrument workshop where participants get to learn about Trejdeksnis, a Lithuanian percussion instrument and a Baltic story- and cartoon workshop working around a Lithuanian folk tale about a grass snake.<\/p>\n<p>The library of the Nordic house furthermore offers story times in Lithuanian and Latvian and books in Estonian, Latvian and Lithuanian are available to read in the library in collaboration with Modurmal \u2013 organisation on bilingualism. Books from the Lithuanian publishing house Big and Small will be among the selected children books.<\/p>\n<p>The festival has a hybrid form meaning that the workshops are either open to the public or booked in advance by schoolgroups. Upcoming open events will appear below as the festival progresses. Booking and information is given by Hrafnhildur, mediator of arts and culture: hrafnhildur@nordichouse.is.<\/p>\n<p>&nbsp;<\/p>\n<p><em>Lithuanian<\/em><\/p>\n<p>Baltijos \u0161ali\u0173 Vaik\u0173 kult\u016bros festivalis vyksta \u0160iaur\u0117s \u0161ali\u0173 kult\u016bros namuose nuo baland\u017eio 20 d. iki bir\u017eelio 14 d.<\/p>\n<p>\u0160iaur\u0117s \u0161ali\u0173 kult\u016bros namai kvie\u010dia d\u017eiaugtis vaik\u0173 kult\u016bra k\u016brybi\u0161kai pristatydami Baltijos \u0161ali\u0173 kult\u016br\u0105 ir bendradarbiaudami su i\u0161 t\u0173 \u0161ali\u0173 kilusiais Islandijos gyventojais. Pirm\u0105j\u0105 festivalio savait\u0119 mokini\u0173 grup\u0117s kvie\u010diamos \u012f k\u016brybines kolia\u017eo dirbtuves, \u012fkv\u0117ptas istorini\u0173 Vilniaus, Lietuvos sostin\u0117s, pastat\u0173. Lietuv\u0117 meninink\u0117 Jurgita Motiej\u016bnait\u0117 pasakoja vaikams apie pastat\u0173 istorij\u0105 ir padeda jiems sukurti savo kolia\u017eus. Meniniai darbai sukurti k\u016brybini\u0173 dirbtuvi\u0173 metu bus pakabinti parodoje erdv\u0117se prie \u0160iaur\u0117s \u0161ali\u0173 kult\u016bros nam\u0173 \u012f\u0117jimo. Paroda t\u0119sis iki festivalio pabaigos bir\u017eelio 14 d.<\/p>\n<p>Baltijos \u0161ali\u0173 vaik\u0173 kult\u016bros festivalio metu vyks \u012fvair\u016bs renginiai, tokie kaip k\u016brybin\u0117s instrument\u0173 dirbtuv\u0117s, kuriose dalyviai susipa\u017eins su lietuvi\u0161ku perkusijos instrumentu d\u017einguliu (treidek\u0161niu)\u00a0 ir tradicine lietuvi\u0173 pasaka apie \u017ealt\u012f.<\/p>\n<p>\u0160iaur\u0117s \u0161ali\u0173 kult\u016bros nam\u0173 biblioteka si\u016blo daugiau rengini\u0173, skirt\u0173 istorijoms lietuvi\u0173 ir latvi\u0173 kalbomis, o taip pat ir knyg\u0173 \u0161iomis kalbomis, kurios prieinamos bendradarbiaujant su \u201eModurnal\u201c \u2013 su dvikalbyste dirban\u010dia organizacija. Knygos i\u0161 lietuvi\u0161kos leidyklos \u201eDidelis ir ma\u017eas\u201c yra tarp atrinkt\u0173 knyg\u0173 vaikams.<\/p>\n<p>Festivalis vyksta mi\u0161ria forma, tai yra, k\u016brybin\u0117s dirbtuv\u0117s atviros pla\u010diajai publikai arba \u012f jas mokini\u0173 grup\u0117ms reikia registruotis i\u0161 anksto. Vykstant festivaliui, artimiausi renginiai pasirodo \u017eemiau. D\u0117l registracijos ar informacijos kreipkit\u0117s \u012f men\u0173 ir kult\u016bros koordinator\u0119 Hrafnhildur el. pa\u0161tu <a href=\"mailto:hrafnhildur@nordichouse.is\">hrafnhildur@nordichouse.is<\/a>.<\/p>\n","protected":false},"excerpt":{"rendered":"<p>Baltic Countires&#8217; Children\u2019s Culture festival will be held in the Nordic house April 20 to June 14. The Nordic house celebrates children\u2019s culture by presenting Baltic culture in a creative way in collaboration with people with background from the Baltic countries. During the first week of the festival, school groups will be invited to a [&hellip;]<\/p>\n","protected":false},"author":26,"featured_media":28319,"parent":460,"menu_order":0,"comment_status":"closed","ping_status":"closed","template":"","meta":{"_acf_changed":false,"footnotes":""},"class_list":["post-28428","page","type-page","status-publish","has-post-thumbnail","hentry","no-banner-image"],"acf":[],"_links":{"self":[{"href":"https:\/\/nordichouse.is\/en\/wp-json\/wp\/v2\/pages\/28428","targetHints":{"allow":["GET"]}}],"collection":[{"href":"https:\/\/nordichouse.is\/en\/wp-json\/wp\/v2\/pages"}],"about":[{"href":"https:\/\/nordichouse.is\/en\/wp-json\/wp\/v2\/types\/page"}],"author":[{"embeddable":true,"href":"https:\/\/nordichouse.is\/en\/wp-json\/wp\/v2\/users\/26"}],"replies":[{"embeddable":true,"href":"https:\/\/nordichouse.is\/en\/wp-json\/wp\/v2\/comments?post=28428"}],"version-history":[{"count":0,"href":"https:\/\/nordichouse.is\/en\/wp-json\/wp\/v2\/pages\/28428\/revisions"}],"up":[{"embeddable":true,"href":"https:\/\/nordichouse.is\/en\/wp-json\/wp\/v2\/pages\/460"}],"wp:featuredmedia":[{"embeddable":true,"href":"https:\/\/nordichouse.is\/en\/wp-json\/wp\/v2\/media\/28319"}],"wp:attachment":[{"href":"https:\/\/nordichouse.is\/en\/wp-json\/wp\/v2\/media?parent=28428"}],"curies":[{"name":"wp","href":"https:\/\/api.w.org\/{rel}","templated":true}]}}