{"id":27486,"date":"2021-01-19T20:22:51","date_gmt":"2021-01-19T20:22:51","guid":{"rendered":"https:\/\/nordichouse.is\/?page_id=27486"},"modified":"2021-06-22T15:31:03","modified_gmt":"2021-06-22T15:31:03","slug":"visitor-guide","status":"publish","type":"page","link":"https:\/\/nordichouse.is\/en\/visitor-guide\/","title":{"rendered":"Virtual Visits"},"content":{"rendered":"\n<h2 class=\"wp-block-heading\">A Guided Visual Tour<\/h2>\n\n\n\n<h3 class=\"wp-block-heading\">The Nordic House: A Total Work of Art<\/h3>\n\n\n\n<p>A guided visual tour of the history, architecture, and culture<\/p>\n\n\n\n<figure class=\"wp-block-embed alignwide is-type-video is-provider-vimeo wp-block-embed-vimeo wp-embed-aspect-21-9 wp-has-aspect-ratio\"><div class=\"wp-block-embed__wrapper\">\n<iframe title=\"The Nordic House: A Total Work of Art\" data-src=\"https:\/\/player.vimeo.com\/video\/491225965?dnt=1&amp;app_id=122963\" width=\"640\" height=\"268\" frameborder=\"0\" allow=\"autoplay; fullscreen; picture-in-picture; clipboard-write\" src=\"data:image\/svg+xml;base64,PHN2ZyB3aWR0aD0iMSIgaGVpZ2h0PSIxIiB4bWxucz0iaHR0cDovL3d3dy53My5vcmcvMjAwMC9zdmciPjwvc3ZnPg==\" class=\"lazyload\" data-load-mode=\"1\"><\/iframe>\n<\/div><\/figure>\n\n\n\n<p>Manuscript: Gu\u00f0ni T\u00f3masson<br>English Voice Over Bjartmar \u00de\u00f3r\u00f0arson<br>Director: Kristbj\u00f6rg Kona Kristj\u00e1nsd\u00f3ttir<br>Director of Photography and Editor: Blair Alexander Massie<br>Produced by The Nordic House in Reykjavik<\/p>\n\n\n\n<div class=\"wp-block-media-text alignwide has-media-on-the-right is-stacked-on-mobile has-paleyellow-background-color has-background\"><figure class=\"wp-block-media-text__media\"><img decoding=\"async\" width=\"1080\" height=\"1080\" data-src=\"https:\/\/nordichouse.is\/wp-content\/uploads\/2018\/09\/nh_audioguide_symbol.png\" alt=\"Audio Guide Illustration\" class=\"wp-image-26884 size-full lazyload\" data-srcset=\"https:\/\/nordichouse.is\/wp-content\/uploads\/2018\/09\/nh_audioguide_symbol.png 1080w, https:\/\/nordichouse.is\/wp-content\/uploads\/2018\/09\/nh_audioguide_symbol-640x640.png 640w, https:\/\/nordichouse.is\/wp-content\/uploads\/2018\/09\/nh_audioguide_symbol-768x768.png 768w\" data-sizes=\"(max-width: 1080px) 100vw, 1080px\" src=\"data:image\/svg+xml;base64,PHN2ZyB3aWR0aD0iMSIgaGVpZ2h0PSIxIiB4bWxucz0iaHR0cDovL3d3dy53My5vcmcvMjAwMC9zdmciPjwvc3ZnPg==\" style=\"--smush-placeholder-width: 1080px; --smush-placeholder-aspect-ratio: 1080\/1080;\" \/><\/figure><div class=\"wp-block-media-text__content\">\n<h2 class=\"wp-block-heading\">The Nordic House Audio Guide<\/h2>\n\n\n\n<p>The audio guide is an interactive experience offering an insightful tour around the house and the garden. Both the history of the house and the architecture are extensively covered in the guide giving you a new perspective on this cultural gem in Vatsm\u00fdrin. The audio guide takes around 20 minutes and is offered in English, Icelandic and Danish. The narrator of the English audio is the First Lady of Iceland Eliza Reid.<\/p>\n\n\n\n<p>Please use the player below to listen to our Audio Guide of The Nordic House, or borrow equipment from the house reception for free.<\/p>\n\n\n\n<figure class=\"wp-block-audio\"><audio controls src=\"https:\/\/nordichouse.is\/wp-content\/uploads\/2018\/09\/hljodganga_ens.mp3\"><\/audio><figcaption>English<\/figcaption><\/figure>\n\n\n\n<figure class=\"wp-block-audio\"><audio controls src=\"https:\/\/nordichouse.is\/wp-content\/uploads\/2018\/09\/hljodganga_isl.mp3\"><\/audio><figcaption>\u00cdslenska<\/figcaption><\/figure>\n\n\n\n<figure class=\"wp-block-audio\"><audio controls src=\"https:\/\/nordichouse.is\/wp-content\/uploads\/2018\/09\/hljodganga_dan.mp3\"><\/audio><figcaption>Dansk<\/figcaption><\/figure>\n\n\n\n<figure class=\"wp-block-audio\"><audio controls src=\"https:\/\/nordichouse.is\/wp-content\/uploads\/2019\/10\/nh-finnska-loka-online-audio-converter-com_.mp3\"><\/audio><figcaption>Suomi<\/figcaption><\/figure>\n<\/div><\/div>\n\n\n\n\n","protected":false},"excerpt":{"rendered":"<p>A Guided Visual Tour The Nordic House: A Total Work of Art A guided visual tour of the history, architecture, and culture Manuscript: Gu\u00f0ni T\u00f3massonEnglish Voice Over Bjartmar \u00de\u00f3r\u00f0arsonDirector: Kristbj\u00f6rg Kona Kristj\u00e1nsd\u00f3ttirDirector of Photography and Editor: Blair Alexander MassieProduced by The Nordic House in Reykjavik<\/p>\n","protected":false},"author":6,"featured_media":0,"parent":0,"menu_order":0,"comment_status":"closed","ping_status":"closed","template":"","meta":{"_acf_changed":false,"footnotes":""},"class_list":["post-27486","page","type-page","status-publish","hentry","no-banner-image"],"acf":[],"_links":{"self":[{"href":"https:\/\/nordichouse.is\/en\/wp-json\/wp\/v2\/pages\/27486","targetHints":{"allow":["GET"]}}],"collection":[{"href":"https:\/\/nordichouse.is\/en\/wp-json\/wp\/v2\/pages"}],"about":[{"href":"https:\/\/nordichouse.is\/en\/wp-json\/wp\/v2\/types\/page"}],"author":[{"embeddable":true,"href":"https:\/\/nordichouse.is\/en\/wp-json\/wp\/v2\/users\/6"}],"replies":[{"embeddable":true,"href":"https:\/\/nordichouse.is\/en\/wp-json\/wp\/v2\/comments?post=27486"}],"version-history":[{"count":0,"href":"https:\/\/nordichouse.is\/en\/wp-json\/wp\/v2\/pages\/27486\/revisions"}],"wp:attachment":[{"href":"https:\/\/nordichouse.is\/en\/wp-json\/wp\/v2\/media?parent=27486"}],"curies":[{"name":"wp","href":"https:\/\/api.w.org\/{rel}","templated":true}]}}