{"id":23657,"date":"2020-03-25T12:47:36","date_gmt":"2020-03-25T12:47:36","guid":{"rendered":"https:\/\/nordichouse.is\/?page_id=23657"},"modified":"2020-05-15T11:42:47","modified_gmt":"2020-05-15T11:42:47","slug":"bibliotikarenes-rekommendationer","status":"publish","type":"page","link":"https:\/\/nordichouse.is\/en\/bibliotikarenes-rekommendationer\/","title":{"rendered":"The library recommends"},"content":{"rendered":"<div>\u00c1 t\u00edmum sem \u00feessum er f\u00e1tt betra en a\u00f0 gleyma s\u00e9r ofan \u00ed g\u00f3\u00f0ri b\u00f3k. Sko\u00f0a\u00f0u hva\u00f0 b\u00f3kasafni\u00f0 m\u00e6lir me\u00f0 \u00feennan m\u00e1nu\u00f0inn.<\/div>\n<div><\/div>\n","protected":false},"excerpt":{"rendered":"<p>\u00c1 t\u00edmum sem \u00feessum er f\u00e1tt betra en a\u00f0 gleyma s\u00e9r ofan \u00ed g\u00f3\u00f0ri b\u00f3k. Sko\u00f0a\u00f0u hva\u00f0 b\u00f3kasafni\u00f0 m\u00e6lir me\u00f0 \u00feennan m\u00e1nu\u00f0inn.<\/p>\n","protected":false},"author":26,"featured_media":23732,"parent":0,"menu_order":0,"comment_status":"closed","ping_status":"closed","template":"","meta":{"_acf_changed":false,"footnotes":""},"class_list":["post-23657","page","type-page","status-publish","has-post-thumbnail","hentry","no-banner-image"],"acf":[],"_links":{"self":[{"href":"https:\/\/nordichouse.is\/en\/wp-json\/wp\/v2\/pages\/23657","targetHints":{"allow":["GET"]}}],"collection":[{"href":"https:\/\/nordichouse.is\/en\/wp-json\/wp\/v2\/pages"}],"about":[{"href":"https:\/\/nordichouse.is\/en\/wp-json\/wp\/v2\/types\/page"}],"author":[{"embeddable":true,"href":"https:\/\/nordichouse.is\/en\/wp-json\/wp\/v2\/users\/26"}],"replies":[{"embeddable":true,"href":"https:\/\/nordichouse.is\/en\/wp-json\/wp\/v2\/comments?post=23657"}],"version-history":[{"count":0,"href":"https:\/\/nordichouse.is\/en\/wp-json\/wp\/v2\/pages\/23657\/revisions"}],"wp:featuredmedia":[{"embeddable":true,"href":"https:\/\/nordichouse.is\/en\/wp-json\/wp\/v2\/media\/23732"}],"wp:attachment":[{"href":"https:\/\/nordichouse.is\/en\/wp-json\/wp\/v2\/media?parent=23657"}],"curies":[{"name":"wp","href":"https:\/\/api.w.org\/{rel}","templated":true}]}}