{"id":20877,"date":"2019-04-05T11:01:00","date_gmt":"2019-04-05T11:01:00","guid":{"rendered":"https:\/\/nordichouse.is\/heimsoknir\/"},"modified":"2025-09-10T11:47:15","modified_gmt":"2025-09-10T11:47:15","slug":"children-and-youth","status":"publish","type":"page","link":"https:\/\/nordichouse.is\/en\/children-and-youth\/","title":{"rendered":"Children and Youth"},"content":{"rendered":"\n<p class=\"has-medium-font-size\">Welcome to The Nordic House. We accept group visits by request. Visits by schools and kindergartens are free of charge.<\/p>\n\n<p class=\"has-medium-font-size\">More information available from The Nordic House Mediator of Arts and Culture:<br\/>Hrafnhildur Gissurard\u00f3ttir \/ <a href=\"mailto:hrafnhildur@nordichouse.is\">hrafnhildur@nordichouse.is<\/a> \/ <a href=\"tel:+3545517061\">551 7061<\/a>.<\/p>\n\n<div class=\"wp-block-buttons is-layout-flex wp-block-buttons-is-layout-flex\">\n<div class=\"wp-block-button is-style-outline is-style-outline--1\"><a class=\"wp-block-button__link no-border-radius wp-element-button\" href=\"https:\/\/nordichouse.is\/en\/book-a-visit\/\">Book Visit<\/a><\/div>\n\n\n\n<div class=\"wp-block-button is-style-outline is-style-outline--2\"><a class=\"wp-block-button__link no-border-radius wp-element-button\" href=\"https:\/\/nordichouse.is\/wp-content\/uploads\/2025\/01\/NorraenaHusid-Kort_TILBUID.pdf\">View map of The Nordic House<\/a><\/div>\n<\/div>\n\n<div class=\"wp-block-media-text alignwide is-stacked-on-mobile\" style=\"grid-template-columns:30% auto\"><figure class=\"wp-block-media-text__media\"><img decoding=\"async\" width=\"863\" height=\"1220\" data-src=\"https:\/\/nordichouse.is\/wp-content\/uploads\/2025\/09\/BARNA-OG-UNGLINGASTARF-NH-FALL-2025-863x1220.jpg\" alt=\"\" class=\"wp-image-62223 size-medium lazyload\" data-srcset=\"https:\/\/nordichouse.is\/wp-content\/uploads\/2025\/09\/BARNA-OG-UNGLINGASTARF-NH-FALL-2025-863x1220.jpg 863w, https:\/\/nordichouse.is\/wp-content\/uploads\/2025\/09\/BARNA-OG-UNGLINGASTARF-NH-FALL-2025-452x640.jpg 452w, https:\/\/nordichouse.is\/wp-content\/uploads\/2025\/09\/BARNA-OG-UNGLINGASTARF-NH-FALL-2025-768x1086.jpg 768w, https:\/\/nordichouse.is\/wp-content\/uploads\/2025\/09\/BARNA-OG-UNGLINGASTARF-NH-FALL-2025-1086x1536.jpg 1086w, https:\/\/nordichouse.is\/wp-content\/uploads\/2025\/09\/BARNA-OG-UNGLINGASTARF-NH-FALL-2025.jpg 1414w\" data-sizes=\"(max-width: 863px) 100vw, 863px\" src=\"data:image\/svg+xml;base64,PHN2ZyB3aWR0aD0iMSIgaGVpZ2h0PSIxIiB4bWxucz0iaHR0cDovL3d3dy53My5vcmcvMjAwMC9zdmciPjwvc3ZnPg==\" style=\"--smush-placeholder-width: 863px; --smush-placeholder-aspect-ratio: 863\/1220;\" \/><\/figure><div class=\"wp-block-media-text__content\">\n<h2 class=\"wp-block-heading\">Brochure about Children and Youth Programs<\/h2>\n\n\n\n<p>Spring-Summer 2023<\/p>\n\n\n\n<div class=\"wp-block-buttons is-layout-flex wp-block-buttons-is-layout-flex\">\n<div class=\"wp-block-button\"><a class=\"wp-block-button__link wp-element-button\" href=\"https:\/\/nordichouse.is\/wp-content\/uploads\/2025\/09\/BARNA-OG-UNGLINGASTARF-NH-FALL-2025-2.pdf\" target=\"_blank\" rel=\"noreferrer noopener\">View Brochure<\/a><\/div>\n<\/div>\n<\/div><\/div>\n\n<figure class=\"wp-block-image size-large\"><img decoding=\"async\" width=\"1220\" height=\"813\" data-src=\"https:\/\/nordichouse.is\/wp-content\/uploads\/2022\/11\/20220405-Norraena-husid-Barnamenningarhatid_1_EA_034-1220x813.jpg\" alt=\"\" class=\"wp-image-54413 lazyload\" data-srcset=\"https:\/\/nordichouse.is\/wp-content\/uploads\/2022\/11\/20220405-Norraena-husid-Barnamenningarhatid_1_EA_034-1220x813.jpg 1220w, https:\/\/nordichouse.is\/wp-content\/uploads\/2022\/11\/20220405-Norraena-husid-Barnamenningarhatid_1_EA_034-640x427.jpg 640w, https:\/\/nordichouse.is\/wp-content\/uploads\/2022\/11\/20220405-Norraena-husid-Barnamenningarhatid_1_EA_034-768x512.jpg 768w, https:\/\/nordichouse.is\/wp-content\/uploads\/2022\/11\/20220405-Norraena-husid-Barnamenningarhatid_1_EA_034-1536x1024.jpg 1536w\" data-sizes=\"(max-width: 1220px) 100vw, 1220px\" src=\"data:image\/svg+xml;base64,PHN2ZyB3aWR0aD0iMSIgaGVpZ2h0PSIxIiB4bWxucz0iaHR0cDovL3d3dy53My5vcmcvMjAwMC9zdmciPjwvc3ZnPg==\" style=\"--smush-placeholder-width: 1220px; --smush-placeholder-aspect-ratio: 1220\/813;\" \/><\/figure>\n\n<h2 class=\"wp-block-heading\">Pedagogical activites for children and a gathering place for families at the Nordic house<\/h2>\n\n<p>The Nordic house emphasizes quality mediation for young people, children and families. Cross disciplinary creative events, workshops and guided tours &#8211; that are based on the diverse program and exhibitions at the Nordic house- are tailored for our younger guests. <\/p>\n\n<p>Special programs for school groups of different ages, are carried out all year around and creative education around the topic of the Nordic &#8211; and Baltic countries art &amp; culture.  The Nordic house educational program follows the curriculum of education and is in context with the diverse program and exhibitions of the Nordic house. <\/p>\n\n<p> <\/p>\n\n<p>The educational program of the Nordic house follows the Nordic Council of Ministers\u2019 political priorities that aim to ensure that people of all ages have access to the highest quality education. <\/p>\n\n<figure class=\"wp-block-gallery alignwide has-nested-images columns-default is-cropped wp-block-gallery-3 is-layout-flex wp-block-gallery-is-layout-flex\">\n<figure class=\"wp-block-image size-large\"><img decoding=\"async\" width=\"1220\" height=\"814\" data-id=\"59468\" data-src=\"https:\/\/nordichouse.is\/wp-content\/uploads\/2024\/10\/nordic-house-the-tree-10-1220x814.jpg\" alt=\"\" class=\"wp-image-59468 lazyload\" data-srcset=\"https:\/\/nordichouse.is\/wp-content\/uploads\/2024\/10\/nordic-house-the-tree-10-1220x814.jpg 1220w, https:\/\/nordichouse.is\/wp-content\/uploads\/2024\/10\/nordic-house-the-tree-10-640x427.jpg 640w, https:\/\/nordichouse.is\/wp-content\/uploads\/2024\/10\/nordic-house-the-tree-10-768x513.jpg 768w, https:\/\/nordichouse.is\/wp-content\/uploads\/2024\/10\/nordic-house-the-tree-10-1536x1025.jpg 1536w, https:\/\/nordichouse.is\/wp-content\/uploads\/2024\/10\/nordic-house-the-tree-10-2048x1367.jpg 2048w\" data-sizes=\"(max-width: 1220px) 100vw, 1220px\" src=\"data:image\/svg+xml;base64,PHN2ZyB3aWR0aD0iMSIgaGVpZ2h0PSIxIiB4bWxucz0iaHR0cDovL3d3dy53My5vcmcvMjAwMC9zdmciPjwvc3ZnPg==\" style=\"--smush-placeholder-width: 1220px; --smush-placeholder-aspect-ratio: 1220\/814;\" \/><\/figure>\n<\/figure>\n\n<h3 class=\"wp-block-heading\">The Children\u2019s Library<\/h3>\n\n<p>Kindergartens, primary schools and other groups can book visits to the Nordic House and the library. The library is well equipped with cards and toys, cushions and dolls, books and a cool exhibition that includes fun adventures.<\/p>\n\n<p> <\/p>\n\n<div class=\"wp-block-buttons is-layout-flex wp-block-buttons-is-layout-flex\">\n<div class=\"wp-block-button is-style-outline is-style-outline--4\"><a class=\"wp-block-button__link no-border-radius wp-element-button\" href=\"https:\/\/nordichouse.is\/en\/sogustundir\/\">Story time<\/a><\/div>\n<\/div>\n<div class=\"wp-block-image\">\n<figure class=\"aligncenter size-medium\"><img decoding=\"async\" width=\"640\" height=\"640\" data-src=\"https:\/\/nordichouse.is\/wp-content\/uploads\/2022\/11\/bogbanan-swim-640x640.jpg\" alt=\"\" class=\"wp-image-54395 lazyload\" data-srcset=\"https:\/\/nordichouse.is\/wp-content\/uploads\/2022\/11\/bogbanan-swim-640x640.jpg 640w, https:\/\/nordichouse.is\/wp-content\/uploads\/2022\/11\/bogbanan-swim-1220x1220.jpg 1220w, https:\/\/nordichouse.is\/wp-content\/uploads\/2022\/11\/bogbanan-swim-400x400.jpg 400w, https:\/\/nordichouse.is\/wp-content\/uploads\/2022\/11\/bogbanan-swim-768x768.jpg 768w, https:\/\/nordichouse.is\/wp-content\/uploads\/2022\/11\/bogbanan-swim-1536x1536.jpg 1536w, https:\/\/nordichouse.is\/wp-content\/uploads\/2022\/11\/bogbanan-swim-2048x2048.jpg 2048w, https:\/\/nordichouse.is\/wp-content\/uploads\/2022\/11\/bogbanan-swim-800x800.jpg 800w\" data-sizes=\"(max-width: 640px) 100vw, 640px\" src=\"data:image\/svg+xml;base64,PHN2ZyB3aWR0aD0iMSIgaGVpZ2h0PSIxIiB4bWxucz0iaHR0cDovL3d3dy53My5vcmcvMjAwMC9zdmciPjwvc3ZnPg==\" style=\"--smush-placeholder-width: 640px; --smush-placeholder-aspect-ratio: 640\/640;\" \/><\/figure>\n<\/div>\n<h3 class=\"wp-block-heading\">The Nordic Book Absorber<\/h3>\n\n<p>Book talk with children about Nordic picture books<br\/><br\/><a href=\"https:\/\/bokslukaren.org\"><strong>The Nordic Book Absorber<\/strong><\/a> provides access to free learning and support material about picture books from the Nordic countries in all Nordic languages. The material can be found on the website bokslukaren.org and is free for everyone to use. The website contains triggers for diverse and meaningful conversations with different themes for guardians, parents and teachers. Here you can see books that are available at the City Library, but you can also get the books in Nordic languages at the Norr\u00e6na h\u00fass library in Reykjav\u00edk.<\/p>\n\n<p>In 2023, an exhibition will open at the children&#8217;s library of Norr\u00e6na h\u00fas with the books of Norr\u00e6na bok\u00e1gleypis, and guides and education will be offered in connection with the exhibition.<\/p>\n\n<p>The educational website Nordic Book Absorber is the result of a Nordic collaboration between the City Library, the Nordic House in Finland, the Nordic House in the Faroe Islands, the Nordic Institute in Greenland and the Nordic Institute in the \u00c5land Islands.<\/p>\n\n<figure class=\"wp-block-image size-full is-resized\"><img decoding=\"async\" data-src=\"https:\/\/nordichouse.is\/wp-content\/uploads\/2022\/11\/BBS_logo_gratt_allt-1.svg\" alt=\"\" class=\"wp-image-54401 lazyload\" style=\"width:249px;height:108px\" src=\"data:image\/svg+xml;base64,PHN2ZyB3aWR0aD0iMSIgaGVpZ2h0PSIxIiB4bWxucz0iaHR0cDovL3d3dy53My5vcmcvMjAwMC9zdmciPjwvc3ZnPg==\" \/><\/figure>\n\n<p>For further information contact:<br\/>Hrafnhildur Gissurard\u00f3ttir, Mediator of Arts and Culture:\u00a0<a href=\"mailto:hrafnhildur@nordichouse.is\">hrafnhildur<\/a>@nordichouse.is<br\/>and Gu\u00f0r\u00fan El\u00edsa Ragnarsd\u00f3ttir, specialist at the Borgarb\u00f3kasafn\u00a0<a href=\"mailto:gudrun.elisa.ragnarsdottir@reykjavik.is\">gudrun.elisa.ragnarsdottir@reykjavik.is<\/a><\/p>\n\n<figure class=\"wp-block-image alignwide size-full\"><img decoding=\"async\" width=\"2560\" height=\"1707\" data-src=\"https:\/\/nordichouse.is\/wp-content\/uploads\/2024\/10\/20230418-norraenahusid-barnamenning-56-scaled.jpg\" alt=\"\" class=\"wp-image-59477 lazyload\" data-srcset=\"https:\/\/nordichouse.is\/wp-content\/uploads\/2024\/10\/20230418-norraenahusid-barnamenning-56-scaled.jpg 2560w, https:\/\/nordichouse.is\/wp-content\/uploads\/2024\/10\/20230418-norraenahusid-barnamenning-56-640x427.jpg 640w, https:\/\/nordichouse.is\/wp-content\/uploads\/2024\/10\/20230418-norraenahusid-barnamenning-56-1220x813.jpg 1220w, https:\/\/nordichouse.is\/wp-content\/uploads\/2024\/10\/20230418-norraenahusid-barnamenning-56-768x512.jpg 768w, https:\/\/nordichouse.is\/wp-content\/uploads\/2024\/10\/20230418-norraenahusid-barnamenning-56-1536x1024.jpg 1536w, https:\/\/nordichouse.is\/wp-content\/uploads\/2024\/10\/20230418-norraenahusid-barnamenning-56-2048x1365.jpg 2048w\" data-sizes=\"(max-width: 2560px) 100vw, 2560px\" src=\"data:image\/svg+xml;base64,PHN2ZyB3aWR0aD0iMSIgaGVpZ2h0PSIxIiB4bWxucz0iaHR0cDovL3d3dy53My5vcmcvMjAwMC9zdmciPjwvc3ZnPg==\" style=\"--smush-placeholder-width: 2560px; --smush-placeholder-aspect-ratio: 2560\/1707;\" \/><\/figure>\n\n<h2 class=\"wp-block-heading\">The Nordic House&#8217;s Friend School<\/h2>\n\n<p>The project <em><strong>The Nordic House&#8217;s Friend School<\/strong><\/em> is a long term joint project with H\u00f3labrekkusk\u00f3li, emphasizing students in the 6th grade.<\/p>\n\n<p>The project starts with a visit to The Nordic House where students learn about the house&#8217;s work, the Nordic countries, along with high points in Nordic culture with special focus on the arts, music and literature. The project consists of a comprehensive education where the students have an opportunity to work as a group, every group picking their focus, giving students a chance to learn related to their interests under the guidance of a curator instructor.<\/p>\n\n<p>The Nordic House follows the policy of the Nordic Council of Ministers in conducting international work with emphasis on children&#8217;s rights and the vision of young people, along with aiming to make the Nordic countries one of the most sustainable and intergrated area in the world. <\/p>\n\n<figure class=\"wp-block-image alignwide size-large\"><img decoding=\"async\" width=\"1220\" height=\"813\" data-src=\"https:\/\/nordichouse.is\/wp-content\/uploads\/2023\/07\/SyningBarnBokSafnNET-8-1220x813.jpg\" alt=\"\" class=\"wp-image-56325 lazyload\" data-srcset=\"https:\/\/nordichouse.is\/wp-content\/uploads\/2023\/07\/SyningBarnBokSafnNET-8-1220x813.jpg 1220w, https:\/\/nordichouse.is\/wp-content\/uploads\/2023\/07\/SyningBarnBokSafnNET-8-640x427.jpg 640w, https:\/\/nordichouse.is\/wp-content\/uploads\/2023\/07\/SyningBarnBokSafnNET-8-768x512.jpg 768w, https:\/\/nordichouse.is\/wp-content\/uploads\/2023\/07\/SyningBarnBokSafnNET-8-1536x1024.jpg 1536w, https:\/\/nordichouse.is\/wp-content\/uploads\/2023\/07\/SyningBarnBokSafnNET-8.jpg 2048w\" data-sizes=\"(max-width: 1220px) 100vw, 1220px\" src=\"data:image\/svg+xml;base64,PHN2ZyB3aWR0aD0iMSIgaGVpZ2h0PSIxIiB4bWxucz0iaHR0cDovL3d3dy53My5vcmcvMjAwMC9zdmciPjwvc3ZnPg==\" style=\"--smush-placeholder-width: 1220px; --smush-placeholder-aspect-ratio: 1220\/813;\" \/><\/figure>\n\n<figure class=\"wp-block-gallery has-nested-images columns-default is-cropped wp-block-gallery-5 is-layout-flex wp-block-gallery-is-layout-flex\">\n<figure class=\"wp-block-image size-large\"><img decoding=\"async\" width=\"1220\" height=\"813\" data-id=\"28225\" data-src=\"https:\/\/nordichouse.is\/wp-content\/uploads\/2021\/04\/norraenahusid-julietterowland29-1220x813.jpg\" alt=\"\" class=\"wp-image-28225 lazyload\" data-srcset=\"https:\/\/nordichouse.is\/wp-content\/uploads\/2021\/04\/norraenahusid-julietterowland29-1220x813.jpg 1220w, https:\/\/nordichouse.is\/wp-content\/uploads\/2021\/04\/norraenahusid-julietterowland29-640x426.jpg 640w, https:\/\/nordichouse.is\/wp-content\/uploads\/2021\/04\/norraenahusid-julietterowland29-768x512.jpg 768w, https:\/\/nordichouse.is\/wp-content\/uploads\/2021\/04\/norraenahusid-julietterowland29.jpg 1250w\" data-sizes=\"(max-width: 1220px) 100vw, 1220px\" src=\"data:image\/svg+xml;base64,PHN2ZyB3aWR0aD0iMSIgaGVpZ2h0PSIxIiB4bWxucz0iaHR0cDovL3d3dy53My5vcmcvMjAwMC9zdmciPjwvc3ZnPg==\" style=\"--smush-placeholder-width: 1220px; --smush-placeholder-aspect-ratio: 1220\/813;\" \/><\/figure>\n\n\n\n<figure class=\"wp-block-image size-large\"><img decoding=\"async\" width=\"1220\" height=\"813\" data-id=\"28228\" data-src=\"https:\/\/nordichouse.is\/wp-content\/uploads\/2021\/04\/norraenahusid-julietterowland40-1220x813.jpg\" alt=\"\" class=\"wp-image-28228 lazyload\" data-srcset=\"https:\/\/nordichouse.is\/wp-content\/uploads\/2021\/04\/norraenahusid-julietterowland40-1220x813.jpg 1220w, https:\/\/nordichouse.is\/wp-content\/uploads\/2021\/04\/norraenahusid-julietterowland40-640x426.jpg 640w, https:\/\/nordichouse.is\/wp-content\/uploads\/2021\/04\/norraenahusid-julietterowland40-768x512.jpg 768w, https:\/\/nordichouse.is\/wp-content\/uploads\/2021\/04\/norraenahusid-julietterowland40.jpg 1250w\" data-sizes=\"(max-width: 1220px) 100vw, 1220px\" src=\"data:image\/svg+xml;base64,PHN2ZyB3aWR0aD0iMSIgaGVpZ2h0PSIxIiB4bWxucz0iaHR0cDovL3d3dy53My5vcmcvMjAwMC9zdmciPjwvc3ZnPg==\" style=\"--smush-placeholder-width: 1220px; --smush-placeholder-aspect-ratio: 1220\/813;\" \/><\/figure>\n\n\n\n<figure class=\"wp-block-image size-large\"><img decoding=\"async\" width=\"814\" height=\"1220\" data-id=\"59459\" data-src=\"https:\/\/nordichouse.is\/wp-content\/uploads\/2024\/10\/nordic-house-the-tree-5-814x1220.jpg\" alt=\"\" class=\"wp-image-59459 lazyload\" data-srcset=\"https:\/\/nordichouse.is\/wp-content\/uploads\/2024\/10\/nordic-house-the-tree-5-814x1220.jpg 814w, https:\/\/nordichouse.is\/wp-content\/uploads\/2024\/10\/nordic-house-the-tree-5-427x640.jpg 427w, https:\/\/nordichouse.is\/wp-content\/uploads\/2024\/10\/nordic-house-the-tree-5-768x1150.jpg 768w, https:\/\/nordichouse.is\/wp-content\/uploads\/2024\/10\/nordic-house-the-tree-5-1025x1536.jpg 1025w, https:\/\/nordichouse.is\/wp-content\/uploads\/2024\/10\/nordic-house-the-tree-5-1367x2048.jpg 1367w, https:\/\/nordichouse.is\/wp-content\/uploads\/2024\/10\/nordic-house-the-tree-5-scaled.jpg 1709w\" data-sizes=\"(max-width: 814px) 100vw, 814px\" src=\"data:image\/svg+xml;base64,PHN2ZyB3aWR0aD0iMSIgaGVpZ2h0PSIxIiB4bWxucz0iaHR0cDovL3d3dy53My5vcmcvMjAwMC9zdmciPjwvc3ZnPg==\" style=\"--smush-placeholder-width: 814px; --smush-placeholder-aspect-ratio: 814\/1220;\" \/><\/figure>\n<\/figure>\n\n<p>\u00a0<\/p>\n","protected":false},"excerpt":{"rendered":"<p>Welcome to The Nordic House. We accept group visits by request. Visits by schools and kindergartens are free of charge. More information available from The Nordic House Mediator of Arts and Culture:Hrafnhildur Gissurard\u00f3ttir \/ hrafnhildur@nordichouse.is \/ 551 7061. Pedagogical activites for children and a gathering place for families at the Nordic house The Nordic house [&hellip;]<\/p>\n","protected":false},"author":6,"featured_media":0,"parent":0,"menu_order":0,"comment_status":"closed","ping_status":"closed","template":"","meta":{"_acf_changed":false,"footnotes":""},"class_list":["post-20877","page","type-page","status-publish","hentry","no-banner-image"],"acf":[],"_links":{"self":[{"href":"https:\/\/nordichouse.is\/en\/wp-json\/wp\/v2\/pages\/20877","targetHints":{"allow":["GET"]}}],"collection":[{"href":"https:\/\/nordichouse.is\/en\/wp-json\/wp\/v2\/pages"}],"about":[{"href":"https:\/\/nordichouse.is\/en\/wp-json\/wp\/v2\/types\/page"}],"author":[{"embeddable":true,"href":"https:\/\/nordichouse.is\/en\/wp-json\/wp\/v2\/users\/6"}],"replies":[{"embeddable":true,"href":"https:\/\/nordichouse.is\/en\/wp-json\/wp\/v2\/comments?post=20877"}],"version-history":[{"count":0,"href":"https:\/\/nordichouse.is\/en\/wp-json\/wp\/v2\/pages\/20877\/revisions"}],"wp:attachment":[{"href":"https:\/\/nordichouse.is\/en\/wp-json\/wp\/v2\/media?parent=20877"}],"curies":[{"name":"wp","href":"https:\/\/api.w.org\/{rel}","templated":true}]}}