{"id":11152,"date":"2018-08-20T13:58:23","date_gmt":"2018-08-20T13:58:23","guid":{"rendered":"https:\/\/nordichouse.is\/laerlingsstodur\/"},"modified":"2022-09-22T09:32:12","modified_gmt":"2022-09-22T09:32:12","slug":"laerlingsstodur","status":"publish","type":"page","link":"https:\/\/nordichouse.is\/en\/laerlingsstodur\/","title":{"rendered":"L\u00e6rlingsst\u00f6\u00f0ur"},"content":{"rendered":"","protected":false},"excerpt":{"rendered":"","protected":false},"author":6,"featured_media":28819,"parent":0,"menu_order":0,"comment_status":"closed","ping_status":"closed","template":"","meta":{"_acf_changed":false,"footnotes":""},"class_list":["post-11152","page","type-page","status-publish","has-post-thumbnail","hentry","no-banner-image"],"acf":[],"_links":{"self":[{"href":"https:\/\/nordichouse.is\/en\/wp-json\/wp\/v2\/pages\/11152","targetHints":{"allow":["GET"]}}],"collection":[{"href":"https:\/\/nordichouse.is\/en\/wp-json\/wp\/v2\/pages"}],"about":[{"href":"https:\/\/nordichouse.is\/en\/wp-json\/wp\/v2\/types\/page"}],"author":[{"embeddable":true,"href":"https:\/\/nordichouse.is\/en\/wp-json\/wp\/v2\/users\/6"}],"replies":[{"embeddable":true,"href":"https:\/\/nordichouse.is\/en\/wp-json\/wp\/v2\/comments?post=11152"}],"version-history":[{"count":0,"href":"https:\/\/nordichouse.is\/en\/wp-json\/wp\/v2\/pages\/11152\/revisions"}],"wp:featuredmedia":[{"embeddable":true,"href":"https:\/\/nordichouse.is\/en\/wp-json\/wp\/v2\/media\/28819"}],"wp:attachment":[{"href":"https:\/\/nordichouse.is\/en\/wp-json\/wp\/v2\/media?parent=11152"}],"curies":[{"name":"wp","href":"https:\/\/api.w.org\/{rel}","templated":true}]}}