{"id":64582,"date":"2026-04-23T10:49:26","date_gmt":"2026-04-23T10:49:26","guid":{"rendered":"https:\/\/nordichouse.is\/alvar-aalto-route\/"},"modified":"2026-04-23T10:50:29","modified_gmt":"2026-04-23T10:50:29","slug":"alvar-aalto-route","status":"publish","type":"page","link":"https:\/\/nordichouse.is\/da\/alvar-aalto-route\/","title":{"rendered":"Alvar Aalto Route"},"content":{"rendered":"\n<p class=\"has-medium-font-size\">Alvar Aalto Route (Alvar Aalto-rutten) f\u00f6rbinder platser som har ritats av Alvar Aaltos arkitektkontor och bildar en fascinerande kulturell resv\u00e4g genom Europa. F\u00f6rutom i Finland kan du uppleva Aaltos m\u00e4sterverk i l\u00e4nder som Italien, Frankrike, Tyskland, Island och Estland. Alvar Aalto-rutten erbjuder upplevelser inom arkitekturens och designens v\u00e4rld, n\u00e4rhet till naturen, h\u00f6gkvalitativa boendetj\u00e4nster och lokala specialiteter.<\/p>\n\n<figure class=\"wp-block-image size-large\"><img decoding=\"async\" width=\"1220\" height=\"221\" data-src=\"https:\/\/nordichouse.is\/wp-content\/uploads\/2026\/04\/Alvar-Aalto-Route-Cultural-Route-of-the-Council-of-Europe-1220x221.png\" alt=\"\" class=\"wp-image-64560 lazyload\" data-srcset=\"https:\/\/nordichouse.is\/wp-content\/uploads\/2026\/04\/Alvar-Aalto-Route-Cultural-Route-of-the-Council-of-Europe-1220x221.png 1220w, https:\/\/nordichouse.is\/wp-content\/uploads\/2026\/04\/Alvar-Aalto-Route-Cultural-Route-of-the-Council-of-Europe-640x116.png 640w, https:\/\/nordichouse.is\/wp-content\/uploads\/2026\/04\/Alvar-Aalto-Route-Cultural-Route-of-the-Council-of-Europe-768x139.png 768w, https:\/\/nordichouse.is\/wp-content\/uploads\/2026\/04\/Alvar-Aalto-Route-Cultural-Route-of-the-Council-of-Europe-1536x278.png 1536w, https:\/\/nordichouse.is\/wp-content\/uploads\/2026\/04\/Alvar-Aalto-Route-Cultural-Route-of-the-Council-of-Europe-2048x371.png 2048w\" data-sizes=\"(max-width: 1220px) 100vw, 1220px\" src=\"data:image\/svg+xml;base64,PHN2ZyB3aWR0aD0iMSIgaGVpZ2h0PSIxIiB4bWxucz0iaHR0cDovL3d3dy53My5vcmcvMjAwMC9zdmciPjwvc3ZnPg==\" style=\"--smush-placeholder-width: 1220px; --smush-placeholder-aspect-ratio: 1220\/221;\" \/><\/figure>\n\n<p>Alvar Aalto-rutten certifierades som en Kulturv\u00e4g av Europar\u00e5det \u00e5r 2021. Certifieringen inneb\u00e4r att rutten ing\u00e5r i ett n\u00e4tverk av h\u00f6gt ansedda europeiska kulturv\u00e4gar.<\/p>\n\n<p>Programmet f\u00f6r Kulturv\u00e4gar, som lanserades av Europar\u00e5det 1987, visar p\u00e5 ett tydligt s\u00e4tt, genom en resa i tid och rum, hur arvet fr\u00e5n Europas olika l\u00e4nder och kulturer tillsammans utg\u00f6r ett gemensamt kulturarv. Kulturv\u00e4garna oms\u00e4tter Europar\u00e5dets grundl\u00e4ggande v\u00e4rderingar i praktiken: m\u00e4nskliga r\u00e4ttigheter, kulturell demokrati, kulturell m\u00e5ngfald och identitet, dialog, \u00f6msesidigt utbyte och berikning \u00f6ver gr\u00e4nser och \u00e5rhundraden. \u00c5ret 2023 fanns 47 certifierade Kulturv\u00e4gar inom Europar\u00e5det.<\/p>\n\n<p><a href=\"https:\/\/visit.alvaraalto.fi\/en\/alvar-aalto-route\/#aalto-route-map\" target=\"_blank\" rel=\"noreferrer noopener\">L\u00e4s mer om Alvar Aaltorutterna p\u00e5 deras webbplats h\u00e4r.<\/a><\/p>\n\n<figure class=\"wp-block-gallery alignwide has-nested-images columns-2 is-cropped wp-block-gallery-1 is-layout-flex wp-block-gallery-is-layout-flex\">\n<figure class=\"wp-block-image size-large\"><img decoding=\"async\" width=\"1220\" height=\"813\" data-id=\"64566\" data-src=\"https:\/\/nordichouse.is\/wp-content\/uploads\/2026\/04\/20220517-Norraena-husid_edit_EA_001-1-1220x813.jpg\" alt=\"\" class=\"wp-image-64566 lazyload\" style=\"--smush-placeholder-width: 1220px; --smush-placeholder-aspect-ratio: 1220\/813;aspect-ratio:4\/3\" data-srcset=\"https:\/\/nordichouse.is\/wp-content\/uploads\/2026\/04\/20220517-Norraena-husid_edit_EA_001-1-1220x813.jpg 1220w, https:\/\/nordichouse.is\/wp-content\/uploads\/2026\/04\/20220517-Norraena-husid_edit_EA_001-1-640x427.jpg 640w, https:\/\/nordichouse.is\/wp-content\/uploads\/2026\/04\/20220517-Norraena-husid_edit_EA_001-1-768x512.jpg 768w, https:\/\/nordichouse.is\/wp-content\/uploads\/2026\/04\/20220517-Norraena-husid_edit_EA_001-1-1536x1024.jpg 1536w, https:\/\/nordichouse.is\/wp-content\/uploads\/2026\/04\/20220517-Norraena-husid_edit_EA_001-1-2048x1365.jpg 2048w\" data-sizes=\"(max-width: 1220px) 100vw, 1220px\" src=\"data:image\/svg+xml;base64,PHN2ZyB3aWR0aD0iMSIgaGVpZ2h0PSIxIiB4bWxucz0iaHR0cDovL3d3dy53My5vcmcvMjAwMC9zdmciPjwvc3ZnPg==\" \/><\/figure>\n\n\n\n<figure class=\"wp-block-image size-large\"><img decoding=\"async\" width=\"1220\" height=\"813\" data-id=\"64569\" data-src=\"https:\/\/nordichouse.is\/wp-content\/uploads\/2026\/04\/20240210-NH-Bokasafn_lowres-1-1220x813.jpg\" alt=\"\" class=\"wp-image-64569 lazyload\" style=\"--smush-placeholder-width: 1220px; --smush-placeholder-aspect-ratio: 1220\/813;aspect-ratio:4\/3\" data-srcset=\"https:\/\/nordichouse.is\/wp-content\/uploads\/2026\/04\/20240210-NH-Bokasafn_lowres-1-1220x813.jpg 1220w, https:\/\/nordichouse.is\/wp-content\/uploads\/2026\/04\/20240210-NH-Bokasafn_lowres-1-640x427.jpg 640w, https:\/\/nordichouse.is\/wp-content\/uploads\/2026\/04\/20240210-NH-Bokasafn_lowres-1-768x512.jpg 768w, https:\/\/nordichouse.is\/wp-content\/uploads\/2026\/04\/20240210-NH-Bokasafn_lowres-1-1536x1024.jpg 1536w, https:\/\/nordichouse.is\/wp-content\/uploads\/2026\/04\/20240210-NH-Bokasafn_lowres-1-2048x1365.jpg 2048w\" data-sizes=\"(max-width: 1220px) 100vw, 1220px\" src=\"data:image\/svg+xml;base64,PHN2ZyB3aWR0aD0iMSIgaGVpZ2h0PSIxIiB4bWxucz0iaHR0cDovL3d3dy53My5vcmcvMjAwMC9zdmciPjwvc3ZnPg==\" \/><\/figure>\n\n\n\n<figure class=\"wp-block-image size-large\"><img decoding=\"async\" width=\"1220\" height=\"813\" data-id=\"64573\" data-src=\"https:\/\/nordichouse.is\/wp-content\/uploads\/2026\/04\/20240210-NH-Bokasafn_lowres-3-2-1220x813.jpg\" alt=\"\" class=\"wp-image-64573 lazyload\" style=\"--smush-placeholder-width: 1220px; --smush-placeholder-aspect-ratio: 1220\/813;aspect-ratio:4\/3\" data-srcset=\"https:\/\/nordichouse.is\/wp-content\/uploads\/2026\/04\/20240210-NH-Bokasafn_lowres-3-2-1220x813.jpg 1220w, https:\/\/nordichouse.is\/wp-content\/uploads\/2026\/04\/20240210-NH-Bokasafn_lowres-3-2-640x427.jpg 640w, https:\/\/nordichouse.is\/wp-content\/uploads\/2026\/04\/20240210-NH-Bokasafn_lowres-3-2-768x512.jpg 768w, https:\/\/nordichouse.is\/wp-content\/uploads\/2026\/04\/20240210-NH-Bokasafn_lowres-3-2-1536x1024.jpg 1536w, https:\/\/nordichouse.is\/wp-content\/uploads\/2026\/04\/20240210-NH-Bokasafn_lowres-3-2-2048x1365.jpg 2048w\" data-sizes=\"(max-width: 1220px) 100vw, 1220px\" src=\"data:image\/svg+xml;base64,PHN2ZyB3aWR0aD0iMSIgaGVpZ2h0PSIxIiB4bWxucz0iaHR0cDovL3d3dy53My5vcmcvMjAwMC9zdmciPjwvc3ZnPg==\" \/><\/figure>\n\n\n\n<figure class=\"wp-block-image size-large\"><img decoding=\"async\" width=\"1220\" height=\"1017\" data-id=\"64579\" data-src=\"https:\/\/nordichouse.is\/wp-content\/uploads\/2026\/04\/Norraena-husid-januar-1972-MWL-8.2.72-sh-002-1220x1017.jpg\" alt=\"\" class=\"wp-image-64579 lazyload\" style=\"--smush-placeholder-width: 1220px; --smush-placeholder-aspect-ratio: 1220\/1017;aspect-ratio:4\/3\" data-srcset=\"https:\/\/nordichouse.is\/wp-content\/uploads\/2026\/04\/Norraena-husid-januar-1972-MWL-8.2.72-sh-002-1220x1017.jpg 1220w, https:\/\/nordichouse.is\/wp-content\/uploads\/2026\/04\/Norraena-husid-januar-1972-MWL-8.2.72-sh-002-640x533.jpg 640w, https:\/\/nordichouse.is\/wp-content\/uploads\/2026\/04\/Norraena-husid-januar-1972-MWL-8.2.72-sh-002-768x640.jpg 768w, https:\/\/nordichouse.is\/wp-content\/uploads\/2026\/04\/Norraena-husid-januar-1972-MWL-8.2.72-sh-002-1536x1280.jpg 1536w, https:\/\/nordichouse.is\/wp-content\/uploads\/2026\/04\/Norraena-husid-januar-1972-MWL-8.2.72-sh-002.jpg 1920w\" data-sizes=\"(max-width: 1220px) 100vw, 1220px\" src=\"data:image\/svg+xml;base64,PHN2ZyB3aWR0aD0iMSIgaGVpZ2h0PSIxIiB4bWxucz0iaHR0cDovL3d3dy53My5vcmcvMjAwMC9zdmciPjwvc3ZnPg==\" \/><\/figure>\n\n\n\n<figure class=\"wp-block-image size-large\"><img decoding=\"async\" width=\"1214\" height=\"1220\" data-id=\"64572\" data-src=\"https:\/\/nordichouse.is\/wp-content\/uploads\/2026\/04\/Norraenahusid_11_73_69-1214x1220.jpg\" alt=\"\" class=\"wp-image-64572 lazyload\" style=\"--smush-placeholder-width: 1214px; --smush-placeholder-aspect-ratio: 1214\/1220;aspect-ratio:4\/3\" data-srcset=\"https:\/\/nordichouse.is\/wp-content\/uploads\/2026\/04\/Norraenahusid_11_73_69-1214x1220.jpg 1214w, https:\/\/nordichouse.is\/wp-content\/uploads\/2026\/04\/Norraenahusid_11_73_69-637x640.jpg 637w, https:\/\/nordichouse.is\/wp-content\/uploads\/2026\/04\/Norraenahusid_11_73_69-768x772.jpg 768w, https:\/\/nordichouse.is\/wp-content\/uploads\/2026\/04\/Norraenahusid_11_73_69-1529x1536.jpg 1529w, https:\/\/nordichouse.is\/wp-content\/uploads\/2026\/04\/Norraenahusid_11_73_69-2038x2048.jpg 2038w\" data-sizes=\"(max-width: 1214px) 100vw, 1214px\" src=\"data:image\/svg+xml;base64,PHN2ZyB3aWR0aD0iMSIgaGVpZ2h0PSIxIiB4bWxucz0iaHR0cDovL3d3dy53My5vcmcvMjAwMC9zdmciPjwvc3ZnPg==\" \/><\/figure>\n\n\n\n<figure class=\"wp-block-image size-large\"><img decoding=\"async\" width=\"1209\" height=\"1220\" data-id=\"64563\" data-src=\"https:\/\/nordichouse.is\/wp-content\/uploads\/2026\/04\/MWL-11.73.69-2-1209x1220.jpg\" alt=\"\" class=\"wp-image-64563 lazyload\" style=\"--smush-placeholder-width: 1209px; --smush-placeholder-aspect-ratio: 1209\/1220;aspect-ratio:4\/3\" data-srcset=\"https:\/\/nordichouse.is\/wp-content\/uploads\/2026\/04\/MWL-11.73.69-2-1209x1220.jpg 1209w, https:\/\/nordichouse.is\/wp-content\/uploads\/2026\/04\/MWL-11.73.69-2-634x640.jpg 634w, https:\/\/nordichouse.is\/wp-content\/uploads\/2026\/04\/MWL-11.73.69-2-768x775.jpg 768w, https:\/\/nordichouse.is\/wp-content\/uploads\/2026\/04\/MWL-11.73.69-2-1522x1536.jpg 1522w, https:\/\/nordichouse.is\/wp-content\/uploads\/2026\/04\/MWL-11.73.69-2.jpg 1917w\" data-sizes=\"(max-width: 1209px) 100vw, 1209px\" src=\"data:image\/svg+xml;base64,PHN2ZyB3aWR0aD0iMSIgaGVpZ2h0PSIxIiB4bWxucz0iaHR0cDovL3d3dy53My5vcmcvMjAwMC9zdmciPjwvc3ZnPg==\" \/><\/figure>\n<\/figure>\n","protected":false},"excerpt":{"rendered":"<p>Alvar Aalto Route (Alvar Aalto-rutten) f\u00f6rbinder platser som har ritats av Alvar Aaltos arkitektkontor och bildar en fascinerande kulturell resv\u00e4g genom Europa. F\u00f6rutom i Finland kan du uppleva Aaltos m\u00e4sterverk i l\u00e4nder som Italien, Frankrike, Tyskland, Island och Estland. Alvar Aalto-rutten erbjuder upplevelser inom arkitekturens och designens v\u00e4rld, n\u00e4rhet till naturen, h\u00f6gkvalitativa boendetj\u00e4nster och lokala [&hellip;]<\/p>\n","protected":false},"author":6,"featured_media":64555,"parent":0,"menu_order":0,"comment_status":"closed","ping_status":"closed","template":"","meta":{"_acf_changed":false,"footnotes":""},"class_list":["post-64582","page","type-page","status-publish","has-post-thumbnail","hentry","no-banner-image"],"acf":[],"_links":{"self":[{"href":"https:\/\/nordichouse.is\/da\/wp-json\/wp\/v2\/pages\/64582","targetHints":{"allow":["GET"]}}],"collection":[{"href":"https:\/\/nordichouse.is\/da\/wp-json\/wp\/v2\/pages"}],"about":[{"href":"https:\/\/nordichouse.is\/da\/wp-json\/wp\/v2\/types\/page"}],"author":[{"embeddable":true,"href":"https:\/\/nordichouse.is\/da\/wp-json\/wp\/v2\/users\/6"}],"replies":[{"embeddable":true,"href":"https:\/\/nordichouse.is\/da\/wp-json\/wp\/v2\/comments?post=64582"}],"version-history":[{"count":0,"href":"https:\/\/nordichouse.is\/da\/wp-json\/wp\/v2\/pages\/64582\/revisions"}],"wp:featuredmedia":[{"embeddable":true,"href":"https:\/\/nordichouse.is\/da\/wp-json\/wp\/v2\/media\/64555"}],"wp:attachment":[{"href":"https:\/\/nordichouse.is\/da\/wp-json\/wp\/v2\/media?parent=64582"}],"curies":[{"name":"wp","href":"https:\/\/api.w.org\/{rel}","templated":true}]}}