{"id":61845,"date":"2025-07-09T21:03:15","date_gmt":"2025-07-09T21:03:15","guid":{"rendered":"https:\/\/nordichouse.is\/udeareal\/"},"modified":"2025-09-03T08:22:07","modified_gmt":"2025-09-03T08:22:07","slug":"udeareal","status":"publish","type":"page","link":"https:\/\/nordichouse.is\/da\/udeareal\/","title":{"rendered":"Udeareal"},"content":{"rendered":"\n<h2 class=\"wp-block-heading\">Bj\u00f8rketr\u00e6r med nordisk blod i \u00e5rene<\/h2>\n\n<p>Da Islands <a href=\"https:\/\/www.forseti.is\/sagan\/fyrri-forsetar\/vigd%25C3%25ADs-finnbogad%25C3%25B3ttir\/\">president Vigd\u00eds (1980\u20131996)<\/a> reiste rundt i landet for \u00e5 m\u00f8te sine landsmenn, hadde hun for skikk \u00e5 plante tre bj\u00f8rketr\u00e6r p\u00e5 steder hun bes\u00f8kte; en for gutter, en for jenter og en for uf\u00f8dte barn. \u00c5 plante tr\u00e6r er et globalt symbol p\u00e5 h\u00e5p og fremsyn og en vilje til \u00e5 skape en bedre fremtid for fremtidige generasjoner.<span class=\"Apple-converted-space\">\u00a0<\/span><\/p>\n\n<figure class=\"wp-block-gallery alignwide has-nested-images columns-2 is-cropped wp-block-gallery-1 is-layout-flex wp-block-gallery-is-layout-flex\">\n<figure class=\"wp-block-image size-large\"><img decoding=\"async\" width=\"1220\" height=\"813\" data-id=\"61804\" data-src=\"https:\/\/nordichouse.is\/wp-content\/uploads\/2025\/07\/20250409_ros_DSF9736-1220x813.jpg\" alt=\"\" class=\"wp-image-61804 lazyload\" data-srcset=\"https:\/\/nordichouse.is\/wp-content\/uploads\/2025\/07\/20250409_ros_DSF9736-1220x813.jpg 1220w, https:\/\/nordichouse.is\/wp-content\/uploads\/2025\/07\/20250409_ros_DSF9736-640x427.jpg 640w, https:\/\/nordichouse.is\/wp-content\/uploads\/2025\/07\/20250409_ros_DSF9736-768x512.jpg 768w, https:\/\/nordichouse.is\/wp-content\/uploads\/2025\/07\/20250409_ros_DSF9736-1536x1024.jpg 1536w, https:\/\/nordichouse.is\/wp-content\/uploads\/2025\/07\/20250409_ros_DSF9736-2048x1366.jpg 2048w\" data-sizes=\"(max-width: 1220px) 100vw, 1220px\" src=\"data:image\/svg+xml;base64,PHN2ZyB3aWR0aD0iMSIgaGVpZ2h0PSIxIiB4bWxucz0iaHR0cDovL3d3dy53My5vcmcvMjAwMC9zdmciPjwvc3ZnPg==\" style=\"--smush-placeholder-width: 1220px; --smush-placeholder-aspect-ratio: 1220\/813;\" \/><\/figure>\n\n\n\n<figure class=\"wp-block-image size-large\"><img decoding=\"async\" width=\"1220\" height=\"813\" data-id=\"61798\" data-src=\"https:\/\/nordichouse.is\/wp-content\/uploads\/2025\/07\/20250409_ros_DSF9675-1220x813.jpg\" alt=\"\" class=\"wp-image-61798 lazyload\" data-srcset=\"https:\/\/nordichouse.is\/wp-content\/uploads\/2025\/07\/20250409_ros_DSF9675-1220x813.jpg 1220w, https:\/\/nordichouse.is\/wp-content\/uploads\/2025\/07\/20250409_ros_DSF9675-640x427.jpg 640w, https:\/\/nordichouse.is\/wp-content\/uploads\/2025\/07\/20250409_ros_DSF9675-768x512.jpg 768w, https:\/\/nordichouse.is\/wp-content\/uploads\/2025\/07\/20250409_ros_DSF9675-1536x1024.jpg 1536w, https:\/\/nordichouse.is\/wp-content\/uploads\/2025\/07\/20250409_ros_DSF9675-2048x1366.jpg 2048w\" data-sizes=\"(max-width: 1220px) 100vw, 1220px\" src=\"data:image\/svg+xml;base64,PHN2ZyB3aWR0aD0iMSIgaGVpZ2h0PSIxIiB4bWxucz0iaHR0cDovL3d3dy53My5vcmcvMjAwMC9zdmciPjwvc3ZnPg==\" style=\"--smush-placeholder-width: 1220px; --smush-placeholder-aspect-ratio: 1220\/813;\" \/><\/figure>\n\n\n\n<figure class=\"wp-block-image size-large\"><img decoding=\"async\" width=\"1220\" height=\"813\" data-id=\"61807\" data-src=\"https:\/\/nordichouse.is\/wp-content\/uploads\/2025\/07\/20250409_ros_DSF9764-1220x813.jpg\" alt=\"\" class=\"wp-image-61807 lazyload\" data-srcset=\"https:\/\/nordichouse.is\/wp-content\/uploads\/2025\/07\/20250409_ros_DSF9764-1220x813.jpg 1220w, https:\/\/nordichouse.is\/wp-content\/uploads\/2025\/07\/20250409_ros_DSF9764-640x427.jpg 640w, https:\/\/nordichouse.is\/wp-content\/uploads\/2025\/07\/20250409_ros_DSF9764-768x512.jpg 768w, https:\/\/nordichouse.is\/wp-content\/uploads\/2025\/07\/20250409_ros_DSF9764-1536x1024.jpg 1536w, https:\/\/nordichouse.is\/wp-content\/uploads\/2025\/07\/20250409_ros_DSF9764-2048x1366.jpg 2048w\" data-sizes=\"(max-width: 1220px) 100vw, 1220px\" src=\"data:image\/svg+xml;base64,PHN2ZyB3aWR0aD0iMSIgaGVpZ2h0PSIxIiB4bWxucz0iaHR0cDovL3d3dy53My5vcmcvMjAwMC9zdmciPjwvc3ZnPg==\" style=\"--smush-placeholder-width: 1220px; --smush-placeholder-aspect-ratio: 1220\/813;\" \/><\/figure>\n<\/figure>\n<div class=\"wp-block-image\">\n<figure class=\"alignright size-medium\"><img decoding=\"async\" width=\"427\" height=\"640\" data-src=\"https:\/\/nordichouse.is\/wp-content\/uploads\/2025\/07\/20250409_ros_DSF9735-427x640.jpg\" alt=\"\" class=\"wp-image-61801 lazyload\" data-srcset=\"https:\/\/nordichouse.is\/wp-content\/uploads\/2025\/07\/20250409_ros_DSF9735-427x640.jpg 427w, https:\/\/nordichouse.is\/wp-content\/uploads\/2025\/07\/20250409_ros_DSF9735-813x1220.jpg 813w, https:\/\/nordichouse.is\/wp-content\/uploads\/2025\/07\/20250409_ros_DSF9735-768x1152.jpg 768w, https:\/\/nordichouse.is\/wp-content\/uploads\/2025\/07\/20250409_ros_DSF9735-1024x1536.jpg 1024w, https:\/\/nordichouse.is\/wp-content\/uploads\/2025\/07\/20250409_ros_DSF9735-1366x2048.jpg 1366w, https:\/\/nordichouse.is\/wp-content\/uploads\/2025\/07\/20250409_ros_DSF9735.jpg 1667w\" data-sizes=\"(max-width: 427px) 100vw, 427px\" src=\"data:image\/svg+xml;base64,PHN2ZyB3aWR0aD0iMSIgaGVpZ2h0PSIxIiB4bWxucz0iaHR0cDovL3d3dy53My5vcmcvMjAwMC9zdmciPjwvc3ZnPg==\" style=\"--smush-placeholder-width: 427px; --smush-placeholder-aspect-ratio: 427\/640;\" \/><\/figure>\n<\/div>\n<p>I anledning Barnekulturfestivalen 2025 i Reykjavik ble det besluttet \u00e5 plante tr\u00e6r ved Nordens hus. Den 9. april 2025 plantet milj\u00f8-, energi- og klimaminister J\u00f3hann P\u00e1ll J\u00f3hannsson, sammen med direkt\u00f8rene for de nordiske husene i Norden, fem bj\u00f8rketr\u00e6r s\u00f8r for dammen ved Nordens hus. Dette var ingen vanlige islandske bj\u00f8rketr\u00e6r. Dette var helt spesielle varianter med nordiske r\u00f8tter. Man kan si at dette er bj\u00f8rketr\u00e6r med nordisk blod i \u00e5rene.<\/p>\n\n<p>De nordiske landene er internasjonalt ledende innen planteforedling. Skogen er til stor nytte i Norden og t\u00e6r er kilde til lykke og velv\u00e6re. Det <a href=\"https:\/\/nordicforestresearch.org\/\">nordiske samarbeidet om skogforskning (SNS)<\/a> og treforedling har en lang og vellykket historie og er en av de mange grunnpilarene i det <a href=\"https:\/\/www.norden.org\/no\">mangfoldige nordiske samarbeidet<\/a>.<br\/><br\/>P\u00e5 Island har <a href=\"https:\/\/www.bbl.is\/frettir\/falkaorda-fyrir-plontukynbaetur\">plantegenetikeren \u00deorsteinn T\u00f3masson<\/a> benyttet nordisk samarbeid for \u00e5 avle islandsk bj\u00f8rk. Den f\u00f8rste sorten han utviklet ved hjelp av danske foredlingsmetoder for over 30 \u00e5r siden heter \u00abEmbla\u00bb. Senere har \u00deorsteinn utviklet tre ytterligere varianter; <b>Kofoed<\/b>, <b>Dumba<\/b> og <b>Hekla<\/b>. Disse variantene, som trives i islandsk jord og klima, har l\u00e5nt nyttige egenskaper fra sine s\u00f8stre i Norge, Sverige og Finland. Det er interessant \u00e5 merke seg at sorten \u00abHekla\u00bb er den f\u00f8rste og eneste islandske sorten som selges i planteskoler utenfor Island.<\/p>\n\n<p>Hva inneb\u00e6rer planteforedling? De beste tr\u00e6rne fra dyrkingen blir valgt ut for avl og avkom testet. P\u00e5 den m\u00e5ten kommer genetiske grupper, kalt varianter. Den f\u00f8rste islandske sorten som ble dyrket ved hjelp av planteforedlingsmetoder er sort der fikk navnet \u00ab<b>Embla<\/b>\u00bb, som nevnt ovenfor. Embla har vist seg \u00e5 v\u00e6re det beste av alt genetisk materiale som er testet i sammenlignende eksperimenter. Sorten har blitt brukt b\u00e5de i byomr\u00e5der og i generelt skogbruk over hele Island. Etter denne dyrkingen har det blitt utf\u00f8rt fors\u00f8k med bj\u00f8rk fra andre land, noe som generelt har falt d\u00e5rlig ut.<\/p>\n\n<h3 class=\"wp-block-heading\">Embla<\/h3>\n\n<p>Den f\u00f8rste islandske sorten som ble dyrket ved hjelp av planteforedlingsmetoder er sort der fikk navnet \u00ab<b>Embla<\/b>\u00bb Generelt sett er islandsk bj\u00f8rk ganske buet og skjev. Men Embla, som har spesielt utvalgte foreldre, vokser med en rett og lys stamme og lever opp til navnet \u00abdet lyse treet\u00bb (bj\u00f8rk refererer til lys \u2013 bj\u00f6rt p\u00e5 islandsk).<\/p>\n\n<h3 class=\"wp-block-heading\">Kofoed<\/h3>\n\n<p>Det har vist seg at norsk bj\u00f8rk, som ikke er egnet til dyrking p\u00e5 Island, er nyttig i krysninger med Embla. Denne typen krysning f\u00f8rte til sorten <b>Kofoed<\/b>, som ble oppkalt etter Islands f\u00f8rste skogbruksdirekt\u00f8r, <a href=\"https:\/\/timarit.is\/page\/1310702#page\/n7\/mode\/2up\">A.F. Kofoed-Hansen<\/a>, p\u00e5 hundre\u00e5rsjubileet til den islandske skogforvaltningen i 2007.<\/p>\n\n<h3 class=\"wp-block-heading\">Dumba<\/h3>\n\n<p>Dette gode resultatet f\u00f8rte til ytterligere eksperimenter med krysninger med en finsk sort med r\u00f8d sommerfarge. Eksperimentet f\u00f8rte til utviklingen av sorten <b>Dumba<\/b>, som er et vanlig navn p\u00e5 r\u00f8dfargede kyr i Island. Denne suksessen har f\u00f8rt til at man har startet krysningsavl med to nye arter som har v\u00e6rt vanskelige \u00e5 dyrke p\u00e5 Island, den s\u00e5kalte hengebj\u00f8rken (Betula pendula) og nepalbj\u00f8rken (Betula utilis jaquemonti) fra Asia<\/p>\n\n<h3 class=\"wp-block-heading\">Hekla<\/h3>\n\n<p>En hurtigvoksende variant med r\u00f8de blader og hvit stamme har sine r\u00f8tter i fire bj\u00f8rkearter fra tre land, testes n\u00e5 flere steder i Island og viser seg \u00e5 v\u00e6re vellykket. Hekla formeres og selges i Finland gjennom s\u00e5kalt vevskultur (med vevskultur vil alle tr\u00e6rne v\u00e6re av samme genotype), mens de tre andre variantene dyrkes med fr\u00f8.<\/p>\n\n<figure class=\"wp-block-image alignwide size-large\"><img decoding=\"async\" width=\"1220\" height=\"813\" data-src=\"https:\/\/nordichouse.is\/wp-content\/uploads\/2025\/07\/20240923-NH-salir_EA_lowres-15-1220x813.jpg\" alt=\"\" class=\"wp-image-61792 lazyload\" data-srcset=\"https:\/\/nordichouse.is\/wp-content\/uploads\/2025\/07\/20240923-NH-salir_EA_lowres-15-1220x813.jpg 1220w, https:\/\/nordichouse.is\/wp-content\/uploads\/2025\/07\/20240923-NH-salir_EA_lowres-15-640x427.jpg 640w, https:\/\/nordichouse.is\/wp-content\/uploads\/2025\/07\/20240923-NH-salir_EA_lowres-15-768x512.jpg 768w, https:\/\/nordichouse.is\/wp-content\/uploads\/2025\/07\/20240923-NH-salir_EA_lowres-15-1536x1024.jpg 1536w, https:\/\/nordichouse.is\/wp-content\/uploads\/2025\/07\/20240923-NH-salir_EA_lowres-15.jpg 2000w\" data-sizes=\"(max-width: 1220px) 100vw, 1220px\" src=\"data:image\/svg+xml;base64,PHN2ZyB3aWR0aD0iMSIgaGVpZ2h0PSIxIiB4bWxucz0iaHR0cDovL3d3dy53My5vcmcvMjAwMC9zdmciPjwvc3ZnPg==\" style=\"--smush-placeholder-width: 1220px; --smush-placeholder-aspect-ratio: 1220\/813;\" \/><\/figure>\n\n<h2 class=\"wp-block-heading\">V\u00e4xthuset vid Nordens hus<\/h2>\n\n<p>Nordenshus v\u00e4xthus anv\u00e4nds p\u00e5 m\u00e5nga roliga och kreativa s\u00e4tt. H\u00e4r kan du sitta ner och njuta av en kopp kaffe, l\u00e4sa en bok eller \u00e4ta lunch. Vi arrangerar ocks\u00e5 konserter, workshops och konstutst\u00e4llningar h\u00e4r.<\/p>\n\n<p><strong>Nordens hus<\/strong> har odlingar i v\u00e4xthuset och sin tr\u00e4dg\u00e5rd i samarbete med organisationen <strong>W.O.M.E.N.<\/strong> \u2013 Women Of Multicultural Ethnicity Network in Iceland \u2013 samt <strong>NordGen<\/strong>, som \u00e4r Nordens gemensamma genbank och kunskapscenter f\u00f6r genetiska resurser viktiga f\u00f6r jordbruk och skogsbruk.<\/p>\n\n<p><p><a href=\"https:\/\/nordichouse.is\/da\/saum-sjaum-og-smokkum-graenn-voxtur-a-nordurlondum\/\">L\u00e4s mer om W.O.M.E.N. och v\u00e4rldsarvstr\u00e4dg\u00e5rden h\u00e4r.<\/a><\/p><\/p>\n\n<h2 class=\"wp-block-heading\">Naturreservatet i Vatnsm\u00fdri<\/h2>\n\n<p>Naturreservatet i Vatnsm\u00fdri \u00e4r unikt. H\u00e4r kan man uppleva vild natur och f\u00e5gelliv mitt i Reykjav\u00edk.<\/p>\n\n<p>\u00c5r 2013 grundades gruppen &#8220;Tj\u00e4rnens v\u00e4nner\u201d \u2013 ett informellt n\u00e4tverk som skyddar f\u00e5glar p\u00e5 Island (Fuglavernd). Syftet \u00e4r att engagera frivilliga som vill bidra till att v\u00e5rda ekosystemet i dammen och naturreservatet i Vatnsm\u00fdri.<\/p>\n\n<p><span lang=\"SV\">Varje \u00e5r organiserar gruppen en st\u00e4ddag i reservatet, vanligtvis i april. D\u00e5 samlas frivilliga f\u00f6r att plocka skr\u00e4p, gallra o\u00f6nskad v\u00e4xtlighet och f\u00f6rb\u00e4ttra omr\u00e5det som h\u00e4ckningsplats f\u00f6r \u00e4nder och vadarf\u00e5glar.<\/span><br\/><br\/><a href=\"https:\/\/fuglavernd.is\/busvaedavernd\/hollvinir-tjarnarinnar\/\" data-type=\"link\" data-id=\"https:\/\/fuglavernd.is\/busvaedavernd\/hollvinir-tjarnarinnar\/\">Tj\u00e4rnens v\u00e4nner webbplats<\/a><\/p>\n\n<p><\/p>\n\n<p><\/p>\n","protected":false},"excerpt":{"rendered":"<p>Bj\u00f8rketr\u00e6r med nordisk blod i \u00e5rene Da Islands president Vigd\u00eds (1980\u20131996) reiste rundt i landet for \u00e5 m\u00f8te sine landsmenn, hadde hun for skikk \u00e5 plante tre bj\u00f8rketr\u00e6r p\u00e5 steder hun bes\u00f8kte; en for gutter, en for jenter og en for uf\u00f8dte barn. \u00c5 plante tr\u00e6r er et globalt symbol p\u00e5 h\u00e5p og fremsyn og [&hellip;]<\/p>\n","protected":false},"author":6,"featured_media":61796,"parent":0,"menu_order":0,"comment_status":"closed","ping_status":"closed","template":"","meta":{"_acf_changed":false,"footnotes":""},"class_list":["post-61845","page","type-page","status-publish","has-post-thumbnail","hentry","no-banner-image"],"acf":[],"_links":{"self":[{"href":"https:\/\/nordichouse.is\/da\/wp-json\/wp\/v2\/pages\/61845","targetHints":{"allow":["GET"]}}],"collection":[{"href":"https:\/\/nordichouse.is\/da\/wp-json\/wp\/v2\/pages"}],"about":[{"href":"https:\/\/nordichouse.is\/da\/wp-json\/wp\/v2\/types\/page"}],"author":[{"embeddable":true,"href":"https:\/\/nordichouse.is\/da\/wp-json\/wp\/v2\/users\/6"}],"replies":[{"embeddable":true,"href":"https:\/\/nordichouse.is\/da\/wp-json\/wp\/v2\/comments?post=61845"}],"version-history":[{"count":0,"href":"https:\/\/nordichouse.is\/da\/wp-json\/wp\/v2\/pages\/61845\/revisions"}],"wp:featuredmedia":[{"embeddable":true,"href":"https:\/\/nordichouse.is\/da\/wp-json\/wp\/v2\/media\/61796"}],"wp:attachment":[{"href":"https:\/\/nordichouse.is\/da\/wp-json\/wp\/v2\/media?parent=61845"}],"curies":[{"name":"wp","href":"https:\/\/api.w.org\/{rel}","templated":true}]}}