{"id":60130,"date":"2025-02-10T10:59:32","date_gmt":"2025-02-10T10:59:32","guid":{"rendered":"https:\/\/nordichouse.is\/info-norden\/"},"modified":"2025-02-10T11:39:16","modified_gmt":"2025-02-10T11:39:16","slug":"info-norden","status":"publish","type":"page","link":"https:\/\/nordichouse.is\/da\/info-norden\/","title":{"rendered":"Info Norden"},"content":{"rendered":"\n<p>Info Norden \u00e4r Nordiska ministerr\u00e5dets informationstj\u00e4nst. Syftet \u00e4r att underl\u00e4tta r\u00f6rligheten f\u00f6r dig som vill flytta, arbeta, studera eller starta eget f\u00f6retag \u00f6ver gr\u00e4nserna. Info Norden finns i alla de nordiska l\u00e4nderna samt p\u00e5 F\u00e4r\u00f6arna, Gr\u00f6nland och \u00c5land.<\/p>\n\n<p>H\u00e4r hittar du kontaktupplysningar till Info Nordens olika kontor:<\/p>\n\n<ul class=\"wp-block-list\">\n<li><a href=\"https:\/\/www.norden.org\/sv\/organisation\/info-norden-danmark\"><b>Info Norden (Danmark)<\/b><\/a><\/li>\n\n\n\n<li><a href=\"https:\/\/www.norden.org\/sv\/organisation\/info-norden-finland\"><b>Info Norden (Finland)<\/b><\/a><\/li>\n\n\n\n<li><a href=\"https:\/\/www.norden.org\/sv\/organisation\/info-norden-faroarna\"><b>Info Norden (F\u00e4r\u00f6arna)<\/b><\/a><\/li>\n\n\n\n<li><a href=\"https:\/\/www.norden.org\/sv\/organisation\/info-norden-gronland\"><b>Info Norden (Gr\u00f6nland)<\/b><\/a><\/li>\n\n\n\n<li><a href=\"https:\/\/www.norden.org\/sv\/organisation\/info-norden-island\"><b>Info Norden (Island)\u00a0<\/b><\/a><\/li>\n\n\n\n<li><a href=\"https:\/\/www.norden.org\/sv\/organisation\/info-norden-norge\"><b>Info Norden (Norge)<\/b><\/a><\/li>\n\n\n\n<li><a href=\"https:\/\/www.norden.org\/sv\/organisation\/info-norden-sverige\"><b>Info Norden (Sverige)<\/b><\/a><\/li>\n\n\n\n<li><a href=\"https:\/\/www.norden.org\/sv\/organisation\/info-norden-aland\"><b>Info Norden (\u00c5land)<\/b><\/a><\/li>\n<\/ul>\n\n<p><\/p>\n\n<p>Mer info: <a href=\"https:\/\/www.norden.org\/sv\/info-norden\">https:\/\/www.norden.org\/sv\/info-norden<\/a><\/p>\n\n<h2 class=\"wp-block-heading\"><b>Kontakt<\/b><\/h2>\n\n<p><a href=\"https:\/\/www.norden.org\/is\/node\/91411\"><strong>Sigr\u00fan G\u00edgja Hrafnsd\u00f3ttir<\/strong><\/a>&#13;\nProjektledare Info Norden Island<\/p>\n\n<h3 class=\"wp-block-heading\">Epost<\/h3>\n\n<p><a href=\"mailto:sigrun@nordichouse.is\">sigrun@nordichouse.is<\/a><br\/><a href=\"mailto:island@infonorden.org\">island@infonorden.org<\/a><\/p>\n\n<h3 class=\"wp-block-heading\"><b>Address<\/b><\/h3>\n\n<p>Info Norden&#13;\nNorr\u00e6na h\u00fasi\u00f0,&#13;\nS\u00e6mundargata 11&#13;\n101 Reykjav\u00edk&#13;\nIsland<\/p>\n\n<p>Follow <a href=\"https:\/\/www.facebook.com\/infonorden\/\"><b>Info Norden p\u00e5 Facebook<\/b><\/a><\/p>\n","protected":false},"excerpt":{"rendered":"<p>Info Norden \u00e4r Nordiska ministerr\u00e5dets informationstj\u00e4nst. Syftet \u00e4r att underl\u00e4tta r\u00f6rligheten f\u00f6r dig som vill flytta, arbeta, studera eller starta eget f\u00f6retag \u00f6ver gr\u00e4nserna. Info Norden finns i alla de nordiska l\u00e4nderna samt p\u00e5 F\u00e4r\u00f6arna, Gr\u00f6nland och \u00c5land. H\u00e4r hittar du kontaktupplysningar till Info Nordens olika kontor: Mer info: https:\/\/www.norden.org\/sv\/info-norden Kontakt Sigr\u00fan G\u00edgja Hrafnsd\u00f3ttir&#13; Projektledare [&hellip;]<\/p>\n","protected":false},"author":6,"featured_media":60137,"parent":0,"menu_order":0,"comment_status":"closed","ping_status":"closed","template":"","meta":{"_acf_changed":false,"footnotes":""},"class_list":["post-60130","page","type-page","status-publish","has-post-thumbnail","hentry","no-banner-image"],"acf":[],"_links":{"self":[{"href":"https:\/\/nordichouse.is\/da\/wp-json\/wp\/v2\/pages\/60130","targetHints":{"allow":["GET"]}}],"collection":[{"href":"https:\/\/nordichouse.is\/da\/wp-json\/wp\/v2\/pages"}],"about":[{"href":"https:\/\/nordichouse.is\/da\/wp-json\/wp\/v2\/types\/page"}],"author":[{"embeddable":true,"href":"https:\/\/nordichouse.is\/da\/wp-json\/wp\/v2\/users\/6"}],"replies":[{"embeddable":true,"href":"https:\/\/nordichouse.is\/da\/wp-json\/wp\/v2\/comments?post=60130"}],"version-history":[{"count":0,"href":"https:\/\/nordichouse.is\/da\/wp-json\/wp\/v2\/pages\/60130\/revisions"}],"wp:featuredmedia":[{"embeddable":true,"href":"https:\/\/nordichouse.is\/da\/wp-json\/wp\/v2\/media\/60137"}],"wp:attachment":[{"href":"https:\/\/nordichouse.is\/da\/wp-json\/wp\/v2\/media?parent=60130"}],"curies":[{"name":"wp","href":"https:\/\/api.w.org\/{rel}","templated":true}]}}