{"id":5615,"date":"2016-10-14T14:11:07","date_gmt":"2016-10-14T14:11:07","guid":{"rendered":"https:\/\/nordichouse.is\/da\/hofundakvold\/"},"modified":"2021-05-27T14:05:35","modified_gmt":"2021-05-27T14:05:35","slug":"hofundakvold","status":"publish","type":"page","link":"https:\/\/nordichouse.is\/da\/hofundakvold\/","title":{"rendered":"Forfatteraften i Nordens Hus"},"content":{"rendered":"\n<p class=\"has-medium-font-size\">Nordens Hus udg\u00f8r en central litter\u00e6r arena i Reykjavik. Nordens Hus har en lang tradition for at arrangere forfatterevents med aktuelle og sp\u00e6ndende nordiske forfattere i for\u00e5rs- og i efter\u00e5rsperioden. Det er vores m\u00e5l at invitere et s\u00e5 bredt spektrum af interessante og relevante forfattere, som fort\u00e6ller om sine b\u00f8ger og sit forfatterskab.<\/p>\n\n<p>Forfatteraften best\u00e5r af \u00e9n eller flere forfattere, der i samtale med en litteraturkender p\u00e5 et skandinavisk sprog, udfolder deres forfatterskaber og litter\u00e6re virke. Publikum er velkommen til at stille sp\u00f8rgsm\u00e5l i slutningen af samtalerne. Du kan opleve og genopleve Forfatteraftenens arrangementer via vores livestreams uanset, hvor i verden, du befinder dig.<\/p>\n\n<h2 class=\"wp-block-heading\">Forfatteraftener for\u00e5ret 2021<\/h2>\n\n<p>I for\u00e5ret 2021 har vi fokus p\u00e5 social holdbarhed og \u2019INTERUPTION\u2019 i februar. Alle vores forfatteraftner findes p\u00e5 Live stream her.<\/p>\n\n<p>Derudover har vi startet en nordisk l\u00e6secirkel, som du kan f\u00e5 mere information om her: bibliotek@nordichouse.is<\/p>\n\n<p><strong>11. februar<\/strong><\/p>\n\n<p><a href=\"https:\/\/nordichouse.is\/vidburdur\/truflanir\/\">Andri Sn\u00e6r Magnason (IS) og Sigr\u00ed\u00f0ur Hagal\u00edn Bj\u00f6rnsd\u00f3ttir (IS)<\/a><\/p>\n\n<p><strong>11. marts<\/strong><\/p>\n\n<p><a href=\"https:\/\/nordichouse.is\/vidburdur\/niviaq-korneliussen-og-audur-ava-olafsdottir\/\">Niviaq Korneliussen (GL) og Au\u00f0ur Ava \u00d3lafsd\u00f3ttir (IS)<\/a><\/p>\n\n<p><strong>6. maj<\/strong><\/p>\n\n<p><a href=\"https:\/\/nordichouse.is\/vidburdur\/hofundakvold-med-monika-fagerholm\/\">Monika Fagerholm (FI-SE)<\/a><\/p>\n\n<h2 class=\"wp-block-heading\">Live-stream<\/h2>\n\n<p>Livestream during the event is on the event page.\u00a0Du kan se live-stream optagelser fra flere forfatterer som har bes\u00f8gt Nordens Hus p\u00e5 <a href=\"https:\/\/nordichouse.is\/da\/channel\/\">Nordens Hus Channel<\/a>.<\/p>\n\n<h2 class=\"wp-block-heading\">Siden 2015 har vi ved tidligere forfatteraftener i Nordens Hus, Reykjavik, haft bes\u00f8g af:<\/h2>\n\n<p>Jens Andersen (DK), Einar M\u00e1r Gu\u00f0mundsson (IS \u2013\u00a0vinder af Nordisk R\u00e5ds litteraturpris 1995), Camilla Plum (DK), Rawdna Carita Eira (NO-SAM), Kristina Sandberg (SE), Gaute Heivoll (NO), \u00c5sne Seierstad (NO), Susanna Alakoski (SE), Viveca Sten (SE), Carsten Jensen (DK), Athena Farrokhzad (SE), Er\u00edkur \u00d6rn Nor\u00f0ahl (IS), John Ajvide Lindqvist (SE), Katarina Frostenson (SE \u2013\u00a0vinder af Nordisk R\u00e5ds litteraturpris 2016), Dorthe Nors (DK), Lars Mytting (NO), Kjell West\u00f6 (FINSE \u2013\u00a0vinder af Nordisk R\u00e5ds litteraturpris 2014), Kim Leine (DK \u2013\u00a0vinder af Nordisk R\u00e5ds litteraturpris 2013), S\u00f8rine Steenholdt (GR), Geir Guliksen (NO), Tom Buk-Swienty (DK), Vigdis Hjorth (NO), Sissal Kampmann (F\u00c6R), Kirsten Thorup (DK \u2013\u00a0vinder af Nordisk R\u00e5ds litteraturpris 2017), Merete Pryds Helle (DK),\u00a0Josefine Klougart (DK),\u00a0Erik Skyum-Nielsen (DK), Hanne-Vibeke Holst (DK), Krist\u00edn Steinsd\u00f3ttir (IS),\u00a0Sara Stridsberg (SE \u2013\u00a0vinder af Nordisk R\u00e5ds litteraturpris 2007),\u00a0Au\u00f0ur Ava \u00d3lafsd\u00f3ttir\u00a0(IS\u00a0\u2013 vinder af Nordisk R\u00e5ds litteraturpris 2018),\u00a0Rosa Liksom\u00a0(FI),\u00a0Johannes Anyuru\u00a0(SE),\u00a0\u00a0\u00c1sta Fanney Sigur\u00f0ard\u00f3ttir, Fr\u00ed\u00f0a \u00cdsberg, Haukur Ingvarsson og J\u00f3n \u00d6rn Lo\u00f0mfj\u00f6r\u00f0\u00a0(IS), Pivinnguaq M\u00f8rch\u00a0(GR),\u00a0Pia Tafdrup (DK &#8211;\u00a0vinder af Nordisk R\u00e5ds litteraturpris\u00a01999), Tore Kv\u00e6ven (NO), Thomas Espedal (NO), Turi\u00f0 Sigur\u00f0ard\u00f3ttir (F\u00c6R)\u00a0 og Theis \u00d8rntoft (DK), Gunnar D. Hansson (SE), Jonas Eika (DK \u2013\u00a0vinder af Nordisk R\u00e5ds litteraturpris 2019) og Isold Uggad\u00f3ttir (IS), Hanne H\u00f8jgaard Viemose (DK) og Krist\u00edn Eir\u00edksd\u00f3ttir (IS), Krist\u00edn \u00d3marsdott\u00edr (IS) og John Swedenmark (SE), Andri Sn\u00e6r Magnason (IS), Sigr\u00ed\u00f0ur Hagal\u00edn (IS), Niviaq Korneliussen (GRO), Monika Fagerholm (FI -vinder af Nordisk R\u00e5ds litteraturpris 2020)<\/p>\n\n<p><em>For yderligere information, kontakt\u00a0sofie(at)nordichous.is<\/em><\/p>\n","protected":false},"excerpt":{"rendered":"<p>Nordens Hus udg\u00f8r en central litter\u00e6r arena i Reykjavik. Nordens Hus har en lang tradition for at arrangere forfatterevents med aktuelle og sp\u00e6ndende nordiske forfattere i for\u00e5rs- og i efter\u00e5rsperioden. Det er vores m\u00e5l at invitere et s\u00e5 bredt spektrum af interessante og relevante forfattere, som fort\u00e6ller om sine b\u00f8ger og sit forfatterskab. Forfatteraften best\u00e5r [&hellip;]<\/p>\n","protected":false},"author":6,"featured_media":22731,"parent":0,"menu_order":0,"comment_status":"closed","ping_status":"closed","template":"","meta":{"_acf_changed":false,"footnotes":""},"class_list":["post-5615","page","type-page","status-publish","has-post-thumbnail","hentry","no-banner-image"],"acf":[],"_links":{"self":[{"href":"https:\/\/nordichouse.is\/da\/wp-json\/wp\/v2\/pages\/5615","targetHints":{"allow":["GET"]}}],"collection":[{"href":"https:\/\/nordichouse.is\/da\/wp-json\/wp\/v2\/pages"}],"about":[{"href":"https:\/\/nordichouse.is\/da\/wp-json\/wp\/v2\/types\/page"}],"author":[{"embeddable":true,"href":"https:\/\/nordichouse.is\/da\/wp-json\/wp\/v2\/users\/6"}],"replies":[{"embeddable":true,"href":"https:\/\/nordichouse.is\/da\/wp-json\/wp\/v2\/comments?post=5615"}],"version-history":[{"count":0,"href":"https:\/\/nordichouse.is\/da\/wp-json\/wp\/v2\/pages\/5615\/revisions"}],"wp:featuredmedia":[{"embeddable":true,"href":"https:\/\/nordichouse.is\/da\/wp-json\/wp\/v2\/media\/22731"}],"wp:attachment":[{"href":"https:\/\/nordichouse.is\/da\/wp-json\/wp\/v2\/media?parent=5615"}],"curies":[{"name":"wp","href":"https:\/\/api.w.org\/{rel}","templated":true}]}}