{"id":51351,"date":"2022-05-02T12:28:07","date_gmt":"2022-05-02T12:28:07","guid":{"rendered":"https:\/\/nordichouse.is\/?page_id=51351"},"modified":"2022-05-02T12:35:02","modified_gmt":"2022-05-02T12:35:02","slug":"sono-restaurang-nu-oeppet-paa-fredags-och-loerdagskvaellar","status":"publish","type":"page","link":"https:\/\/nordichouse.is\/da\/announcements\/sono-restaurang-nu-oeppet-paa-fredags-och-loerdagskvaellar\/","title":{"rendered":"S\u00d3N\u00d3 restaurang nu \u00f6ppet p\u00e5 fredags- och l\u00f6rdagskv\u00e4llar"},"content":{"rendered":"<p>Restaurang S\u00d3N\u00d3 kommer att ha \u00f6ppet p\u00e5 fredags- och l\u00f6rdagskv\u00e4llar fr\u00e5n och med nu, med en helt ny meny f\u00f6r att fira v\u00e5ren som nu st\u00e5r i full blom.<br \/>\nS\u00f3n\u00f3&#8217;s meny \u00e4r s\u00e4songsbetonad och f\u00f6ljer m\u00e5nens g\u00e5ng med det b\u00e4sta som finns tillg\u00e4ngligt vid varje given tidpunkt. De h\u00e4mtar sina r\u00e5varor och inspiration i stor del fr\u00e5n sitt n\u00e4romr\u00e5de.<\/p>\n<p><strong>\u00d6ppettider:<\/strong><br \/>\n<strong>Tisdagar, onsdagar, torsdagar och s\u00f6ndagar<\/strong><br \/>\n<strong>10:00-17:00<\/strong><br \/>\n<strong>Fredagar &amp; l\u00f6rdagar<\/strong><br \/>\n<strong>10.00\u201322.00<\/strong><\/p>\n","protected":false},"excerpt":{"rendered":"<p>Restaurang S\u00d3N\u00d3 kommer att ha \u00f6ppet p\u00e5 fredags- och l\u00f6rdagskv\u00e4llar fr\u00e5n och med nu, med en helt ny meny f\u00f6r att fira v\u00e5ren som nu st\u00e5r i full blom. S\u00f3n\u00f3&#8217;s meny \u00e4r s\u00e4songsbetonad och f\u00f6ljer m\u00e5nens g\u00e5ng med det b\u00e4sta som finns tillg\u00e4ngligt vid varje given tidpunkt. De h\u00e4mtar sina r\u00e5varor och inspiration i stor [&hellip;]<\/p>\n","protected":false},"author":26,"featured_media":0,"parent":9425,"menu_order":1,"comment_status":"closed","ping_status":"closed","template":"","meta":{"_acf_changed":false,"footnotes":""},"class_list":["post-51351","page","type-page","status-publish","hentry","no-banner-image"],"acf":[],"_links":{"self":[{"href":"https:\/\/nordichouse.is\/da\/wp-json\/wp\/v2\/pages\/51351","targetHints":{"allow":["GET"]}}],"collection":[{"href":"https:\/\/nordichouse.is\/da\/wp-json\/wp\/v2\/pages"}],"about":[{"href":"https:\/\/nordichouse.is\/da\/wp-json\/wp\/v2\/types\/page"}],"author":[{"embeddable":true,"href":"https:\/\/nordichouse.is\/da\/wp-json\/wp\/v2\/users\/26"}],"replies":[{"embeddable":true,"href":"https:\/\/nordichouse.is\/da\/wp-json\/wp\/v2\/comments?post=51351"}],"version-history":[{"count":0,"href":"https:\/\/nordichouse.is\/da\/wp-json\/wp\/v2\/pages\/51351\/revisions"}],"up":[{"embeddable":true,"href":"https:\/\/nordichouse.is\/da\/wp-json\/wp\/v2\/pages\/9425"}],"wp:attachment":[{"href":"https:\/\/nordichouse.is\/da\/wp-json\/wp\/v2\/media?parent=51351"}],"curies":[{"name":"wp","href":"https:\/\/api.w.org\/{rel}","templated":true}]}}