{"id":51285,"date":"2022-05-01T18:33:01","date_gmt":"2022-05-01T18:33:01","guid":{"rendered":"https:\/\/nordichouse.is\/pavilion-by-the-birch-wood\/"},"modified":"2022-06-28T14:40:29","modified_gmt":"2022-06-28T14:40:29","slug":"pavilion-by-the-birch-wood","status":"publish","type":"page","link":"https:\/\/nordichouse.is\/da\/pavilion-by-the-birch-wood\/","title":{"rendered":"Pavillion ved birketr\u00e6erne"},"content":{"rendered":"\n<div class=\"wp-block-media-text alignwide has-media-on-the-right is-stacked-on-mobile\"><figure class=\"wp-block-media-text__media\"><img decoding=\"async\" width=\"853\" height=\"1211\" data-src=\"https:\/\/nordichouse.is\/wp-content\/uploads\/2022\/05\/pavilion-1.jpg\" alt=\"\" class=\"wp-image-51274 size-full lazyload\" data-srcset=\"https:\/\/nordichouse.is\/wp-content\/uploads\/2022\/05\/pavilion-1.jpg 853w, https:\/\/nordichouse.is\/wp-content\/uploads\/2022\/05\/pavilion-1-451x640.jpg 451w, https:\/\/nordichouse.is\/wp-content\/uploads\/2022\/05\/pavilion-1-768x1090.jpg 768w\" data-sizes=\"(max-width: 853px) 100vw, 853px\" src=\"data:image\/svg+xml;base64,PHN2ZyB3aWR0aD0iMSIgaGVpZ2h0PSIxIiB4bWxucz0iaHR0cDovL3d3dy53My5vcmcvMjAwMC9zdmciPjwvc3ZnPg==\" style=\"--smush-placeholder-width: 853px; --smush-placeholder-aspect-ratio: 853\/1211;\" \/><\/figure><div class=\"wp-block-media-text__content\">\n<p>Nordens Hus \u00e5bner en B\u00c6REDYGTIG OG MULTIFUKTIONEL Pavillon, der kan levere og facilitere kommende arrangementer af enhver art. &#8211; Pavillonen har mange form\u00e5l til alle former for udend\u00f8rs arrangementer relateret til vores inkluderende, b\u00e6redygtige og mangfoldige program.<\/p>\n\n\n\n<p>Pavillonen forsyner det nordiske hus med &#8216;en scene&#8217;, der netop skaber faciliteterne for inkluderende, mangfoldige, b\u00e6redygtige og tv\u00e6rsektorielle arrangementer, der gennem PAVILLIONEN vil have en fleksibel platform for brug af arrangementer, der kan engagere b\u00e5de b\u00f8rn, teenagere og voksne i Islands hovedstad.<\/p>\n\n\n\n<h3 class=\"wp-block-heading\">Sponsors<\/h3>\n\n\n\n<p>KEBONY \u2014 BYKO \u2014 <a href=\"http:\/\/www.audlind.org\/\" data-type=\"URL\" data-id=\"http:\/\/www.audlind.org\/\" target=\"_blank\" rel=\"noreferrer noopener nofollow\">AU\u00d0LIND<\/a><\/p>\n<\/div><\/div>\n\n<figure class=\"wp-block-gallery has-nested-images columns-default is-cropped wp-block-gallery-1 is-layout-flex wp-block-gallery-is-layout-flex\">\n<figure class=\"wp-block-image size-large\"><img decoding=\"async\" width=\"3447\" height=\"1687\" data-id=\"51277\" data-src=\"https:\/\/nordichouse.is\/wp-content\/uploads\/2022\/05\/FINAL-PAVILLION.png\" alt=\"\" class=\"wp-image-51277 lazyload\" data-srcset=\"https:\/\/nordichouse.is\/wp-content\/uploads\/2022\/05\/FINAL-PAVILLION.png 3447w, https:\/\/nordichouse.is\/wp-content\/uploads\/2022\/05\/FINAL-PAVILLION-640x313.png 640w, https:\/\/nordichouse.is\/wp-content\/uploads\/2022\/05\/FINAL-PAVILLION-1220x597.png 1220w, https:\/\/nordichouse.is\/wp-content\/uploads\/2022\/05\/FINAL-PAVILLION-768x376.png 768w, https:\/\/nordichouse.is\/wp-content\/uploads\/2022\/05\/FINAL-PAVILLION-1536x752.png 1536w, https:\/\/nordichouse.is\/wp-content\/uploads\/2022\/05\/FINAL-PAVILLION-2048x1002.png 2048w\" data-sizes=\"(max-width: 3447px) 100vw, 3447px\" src=\"data:image\/svg+xml;base64,PHN2ZyB3aWR0aD0iMSIgaGVpZ2h0PSIxIiB4bWxucz0iaHR0cDovL3d3dy53My5vcmcvMjAwMC9zdmciPjwvc3ZnPg==\" style=\"--smush-placeholder-width: 3447px; --smush-placeholder-aspect-ratio: 3447\/1687;\" \/><\/figure>\n\n\n\n<figure class=\"wp-block-image size-large\"><img decoding=\"async\" width=\"3447\" height=\"1687\" data-id=\"51280\" data-src=\"https:\/\/nordichouse.is\/wp-content\/uploads\/2022\/05\/FINAL-PAVILLION-2.png\" alt=\"\" class=\"wp-image-51280 lazyload\" data-srcset=\"https:\/\/nordichouse.is\/wp-content\/uploads\/2022\/05\/FINAL-PAVILLION-2.png 3447w, https:\/\/nordichouse.is\/wp-content\/uploads\/2022\/05\/FINAL-PAVILLION-2-640x313.png 640w, https:\/\/nordichouse.is\/wp-content\/uploads\/2022\/05\/FINAL-PAVILLION-2-1220x597.png 1220w, https:\/\/nordichouse.is\/wp-content\/uploads\/2022\/05\/FINAL-PAVILLION-2-768x376.png 768w, https:\/\/nordichouse.is\/wp-content\/uploads\/2022\/05\/FINAL-PAVILLION-2-1536x752.png 1536w, https:\/\/nordichouse.is\/wp-content\/uploads\/2022\/05\/FINAL-PAVILLION-2-2048x1002.png 2048w\" data-sizes=\"(max-width: 3447px) 100vw, 3447px\" src=\"data:image\/svg+xml;base64,PHN2ZyB3aWR0aD0iMSIgaGVpZ2h0PSIxIiB4bWxucz0iaHR0cDovL3d3dy53My5vcmcvMjAwMC9zdmciPjwvc3ZnPg==\" style=\"--smush-placeholder-width: 3447px; --smush-placeholder-aspect-ratio: 3447\/1687;\" \/><\/figure>\n<\/figure>\n\n<h3 class=\"wp-block-heading\">BIO: BALDUR HELGI SNORRASON<\/h3>\n\n<p><a href=\"http:\/\/barkstudio.is\">barkstudio.is<\/a><\/p>\n\n<p>Baldur Helgi Snorrason er f\u00f8dt i Reykjav\u00edk i 1986.\u00a0Han har drevet tegnestuen Bark siden han blev f\u00e6rdig som kandidat i arkitektur fra Det Kongelige Arkitektakademi i K\u00f8benhavn 2016.&#13;\nHan har arbejdet med gr\u00e6nserne for arkitektur, design og kunst i forskellige projekter, der p\u00e5 den ene eller anden m\u00e5de omhandler rum- og oplevelsesdesign. Den mangfoldige flora af projekter i de seneste \u00e5r afspejler Baldurs tv\u00e6rfaglige tilgang, men de seneste v\u00e6rker omfatter: Singularitet og interaktiv spejlinstallation, der markerede \u00e5bningen af\u00a0\u200b\u200bIsland Art Festival 2020 og Sj\u00e1varm\u00e1l, en lydskulptur, der vandt i en nylig konkurrence om et nyt udend\u00f8rs kunstv\u00e6rk i Reykjav\u00edk, Island.&#13;\n<\/p>\n\n<p>Carpenters: <br\/>Ragnar M\u00e1r Nikul\u00e1sson<br\/>Sigmar Freyr Eggertsson<\/p>\n","protected":false},"excerpt":{"rendered":"<p>Nordens Hus \u00e5bner en B\u00c6REDYGTIG OG MULTIFUKTIONEL Pavillon, der kan levere og facilitere kommende arrangementer af enhver art. &#8211; Pavillonen har mange form\u00e5l til alle former for udend\u00f8rs arrangementer relateret til vores inkluderende, b\u00e6redygtige og mangfoldige program. Pavillonen forsyner det nordiske hus med &#8216;en scene&#8217;, der netop skaber faciliteterne for inkluderende, mangfoldige, b\u00e6redygtige og tv\u00e6rsektorielle [&hellip;]<\/p>\n","protected":false},"author":6,"featured_media":0,"parent":0,"menu_order":0,"comment_status":"closed","ping_status":"closed","template":"","meta":{"_acf_changed":false,"footnotes":""},"class_list":["post-51285","page","type-page","status-publish","hentry","no-banner-image"],"acf":[],"_links":{"self":[{"href":"https:\/\/nordichouse.is\/da\/wp-json\/wp\/v2\/pages\/51285","targetHints":{"allow":["GET"]}}],"collection":[{"href":"https:\/\/nordichouse.is\/da\/wp-json\/wp\/v2\/pages"}],"about":[{"href":"https:\/\/nordichouse.is\/da\/wp-json\/wp\/v2\/types\/page"}],"author":[{"embeddable":true,"href":"https:\/\/nordichouse.is\/da\/wp-json\/wp\/v2\/users\/6"}],"replies":[{"embeddable":true,"href":"https:\/\/nordichouse.is\/da\/wp-json\/wp\/v2\/comments?post=51285"}],"version-history":[{"count":0,"href":"https:\/\/nordichouse.is\/da\/wp-json\/wp\/v2\/pages\/51285\/revisions"}],"wp:attachment":[{"href":"https:\/\/nordichouse.is\/da\/wp-json\/wp\/v2\/media?parent=51285"}],"curies":[{"name":"wp","href":"https:\/\/api.w.org\/{rel}","templated":true}]}}