{"id":459,"date":"2015-05-27T11:40:58","date_gmt":"2015-05-27T11:40:58","guid":{"rendered":"https:\/\/nordichouse.is\/fyrir-born-2\/"},"modified":"2021-05-31T17:07:50","modified_gmt":"2021-05-31T17:07:50","slug":"for-born","status":"publish","type":"page","link":"https:\/\/nordichouse.is\/da\/for-born\/","title":{"rendered":"Nordens hus for b\u00f8rn"},"content":{"rendered":"<p>Nordens Hus er gennem \u00e5rene blevet kendt som et hyggligt sted for b\u00f8rnefamilier. B\u00f8rnebiblioteket er meget popul\u00e6rt og \u00e5ret rundt byder vi p\u00e5 diverse b\u00f8rnekulturbegivenheder. Vi l\u00e6gger v\u00e6gt p\u00e5 kvalitet, kreativitet og afslappet stemning.<\/p>\n","protected":false},"excerpt":{"rendered":"<p>Nordens Hus er gennem \u00e5rene blevet kendt som et hyggligt sted for b\u00f8rnefamilier. B\u00f8rnebiblioteket er meget popul\u00e6rt og \u00e5ret rundt byder vi p\u00e5 diverse b\u00f8rnekulturbegivenheder. Vi l\u00e6gger v\u00e6gt p\u00e5 kvalitet, kreativitet og afslappet stemning.<\/p>\n","protected":false},"author":26,"featured_media":0,"parent":0,"menu_order":0,"comment_status":"closed","ping_status":"closed","template":"","meta":{"_acf_changed":false,"footnotes":""},"class_list":["post-459","page","type-page","status-publish","hentry","no-banner-image"],"acf":[],"_links":{"self":[{"href":"https:\/\/nordichouse.is\/da\/wp-json\/wp\/v2\/pages\/459","targetHints":{"allow":["GET"]}}],"collection":[{"href":"https:\/\/nordichouse.is\/da\/wp-json\/wp\/v2\/pages"}],"about":[{"href":"https:\/\/nordichouse.is\/da\/wp-json\/wp\/v2\/types\/page"}],"author":[{"embeddable":true,"href":"https:\/\/nordichouse.is\/da\/wp-json\/wp\/v2\/users\/26"}],"replies":[{"embeddable":true,"href":"https:\/\/nordichouse.is\/da\/wp-json\/wp\/v2\/comments?post=459"}],"version-history":[{"count":0,"href":"https:\/\/nordichouse.is\/da\/wp-json\/wp\/v2\/pages\/459\/revisions"}],"wp:attachment":[{"href":"https:\/\/nordichouse.is\/da\/wp-json\/wp\/v2\/media?parent=459"}],"curies":[{"name":"wp","href":"https:\/\/api.w.org\/{rel}","templated":true}]}}