{"id":417,"date":"2015-05-26T17:10:59","date_gmt":"2015-05-26T17:10:59","guid":{"rendered":"https:\/\/nordichouse.is\/?page_id=417"},"modified":"2022-03-30T10:04:17","modified_gmt":"2022-03-30T10:04:17","slug":"literaturpriserne","status":"publish","type":"page","link":"https:\/\/nordichouse.is\/da\/literaturpriserne\/","title":{"rendered":"Nordisk R\u00e5ds litteraturpris"},"content":{"rendered":"<p>Nordens Hus i Reykjavik har siden \u00e5bningen haft en f\u00f8rende rolle i Islands litter\u00e6re milj\u00f8. Huset er medstifter af og skueplads for to af landets st\u00f8rste internationale litteraturfestivaler: Reykjaviks internationale litteraturfestival og Reykjaviks internationale b\u00f8rne- og ungdomslitteraturfestival. Biblioteket i Nordens Hus er det st\u00f8rste af sin slags i Norden og litteraturarrangementer bliver afholdt i huset \u00e5ret rundt.<\/p>\n","protected":false},"excerpt":{"rendered":"<p>Nordens Hus i Reykjavik har siden \u00e5bningen haft en f\u00f8rende rolle i Islands litter\u00e6re milj\u00f8. Huset er medstifter af og skueplads for to af landets st\u00f8rste internationale litteraturfestivaler: Reykjaviks internationale litteraturfestival og Reykjaviks internationale b\u00f8rne- og ungdomslitteraturfestival. Biblioteket i Nordens Hus er det st\u00f8rste af sin slags i Norden og litteraturarrangementer bliver afholdt i huset [&hellip;]<\/p>\n","protected":false},"author":26,"featured_media":0,"parent":0,"menu_order":0,"comment_status":"closed","ping_status":"closed","template":"","meta":{"_acf_changed":false,"footnotes":""},"class_list":["post-417","page","type-page","status-publish","hentry","no-banner-image"],"acf":[],"_links":{"self":[{"href":"https:\/\/nordichouse.is\/da\/wp-json\/wp\/v2\/pages\/417","targetHints":{"allow":["GET"]}}],"collection":[{"href":"https:\/\/nordichouse.is\/da\/wp-json\/wp\/v2\/pages"}],"about":[{"href":"https:\/\/nordichouse.is\/da\/wp-json\/wp\/v2\/types\/page"}],"author":[{"embeddable":true,"href":"https:\/\/nordichouse.is\/da\/wp-json\/wp\/v2\/users\/26"}],"replies":[{"embeddable":true,"href":"https:\/\/nordichouse.is\/da\/wp-json\/wp\/v2\/comments?post=417"}],"version-history":[{"count":0,"href":"https:\/\/nordichouse.is\/da\/wp-json\/wp\/v2\/pages\/417\/revisions"}],"wp:attachment":[{"href":"https:\/\/nordichouse.is\/da\/wp-json\/wp\/v2\/media?parent=417"}],"curies":[{"name":"wp","href":"https:\/\/api.w.org\/{rel}","templated":true}]}}