{"id":416,"date":"2015-05-06T13:50:06","date_gmt":"2015-05-06T13:50:06","guid":{"rendered":"https:\/\/nordichouse.is\/?page_id=416"},"modified":"2025-02-10T11:01:12","modified_gmt":"2025-02-10T11:01:12","slug":"bokasafn","status":"publish","type":"page","link":"https:\/\/nordichouse.is\/da\/bokasafn\/","title":{"rendered":"Biblioteket"},"content":{"rendered":"\r\n<p class=\"has-medium-font-size\">Biblioteket i Nordens Hus er offentligt og \u00e5bent for alle. Biblioteket p\u00e5begyndte sit virke i 1969 \u00e5ret efter Nordens Hus belv indviet. Bibliotekets s\u00e6rkende er at her udelukkende findes litteratur af nordiske forfattere p\u00e5 de nordiske sprog, dog ikke islandsk bortset fra overs\u00e6ttelser til et af de \u00f8vrige nordiske sprog. I samlingen er sk\u00f8n- og faglitteratur for b\u00f8rn og voksne, tidskrifter, dagblade, lydb\u00f8ger, musik (CD\u00b4er) og e-b\u00f8ger samt nordisk grafik . Et af landets st\u00f8rste samlinger af nordiske film er til udl\u00e5n i biblioteket. Samlingen omfatter v\u00e6rker p\u00e5 7 sprog: dansk, norsk, svensk, finsk, f\u00e6r\u00f8sk, samisk og gr\u00f8nlandsk.<\/p>\r\n\r\n\r\n\r\n<p class=\"has-medium-font-size\">Enkeltindivider, biblioteker, skoler og andre institutioner kan benytte bibliotket.<br \/><br \/><\/p>\r\n\r\n\r\n\r\n<div class=\"wp-block-media-text alignwide is-stacked-on-mobile\">\r\n<figure class=\"wp-block-media-text__media\"><img decoding=\"async\" width=\"948\" height=\"692\" class=\"wp-image-23288 size-full lazyload\" data-src=\"https:\/\/nordichouse.is\/wp-content\/uploads\/2020\/03\/69850334_2881019838581356_3308047621708316672_n.jpg\" alt=\"\" data-srcset=\"https:\/\/nordichouse.is\/wp-content\/uploads\/2020\/03\/69850334_2881019838581356_3308047621708316672_n.jpg 948w, https:\/\/nordichouse.is\/wp-content\/uploads\/2020\/03\/69850334_2881019838581356_3308047621708316672_n-640x467.jpg 640w, https:\/\/nordichouse.is\/wp-content\/uploads\/2020\/03\/69850334_2881019838581356_3308047621708316672_n-768x561.jpg 768w\" data-sizes=\"(max-width: 948px) 100vw, 948px\" src=\"data:image\/svg+xml;base64,PHN2ZyB3aWR0aD0iMSIgaGVpZ2h0PSIxIiB4bWxucz0iaHR0cDovL3d3dy53My5vcmcvMjAwMC9zdmciPjwvc3ZnPg==\" style=\"--smush-placeholder-width: 948px; --smush-placeholder-aspect-ratio: 948\/692;\" \/><\/figure>\r\n<div class=\"wp-block-media-text__content\">\r\n<h2 class=\"wp-block-heading\">Servis<\/h2>\r\n\r\n\r\n\r\n<p>Du skal v\u00e6re 18 \u00e5r for at f\u00e5 l\u00e5nerkort til biblioteket. L\u00e5nerkort er gratis og g\u00e6lder 1 \u00e5r.\u00a0<br \/><br \/><strong>Utl\u00e5ningstiden \u00e4r:<\/strong><br \/>30 dagar f\u00f6r alla b\u00f6cker och tidskrifter, om inte annat anges av en dekal p\u00e5 bokomslaget.<br \/>7 dagar f\u00f6r DVD-skivor.<br \/>90 dagar f\u00f6r Artotek.<br \/><br \/>Om du inte l\u00e4mnar tillbaka dina l\u00e5n i tid tillkommer avgifter. <strong>Du kan f\u00f6rnya dina l\u00e5n p\u00e5 leitir.is.<\/strong><br \/><br \/>B\u00f6cker och annat material 100 kr per dag.<br \/>Det totala b\u00f6tesbeloppet per person \u00f6verstiger aldrig 7 500 kr.<br \/><br \/><strong>Referensavgift f\u00f6r f\u00f6rlorat material och material som skadats i l\u00e5ntagarens hantering:<\/strong><br \/>\u2022 B\u00f6cker 2 000 kr.<br \/>\u2022 DVD 2 000 kr.<br \/>\u2022 Konstverk 20 000 kr.<br \/>\u2022 Tidningar 1 000 kr.<br \/><br \/>Vid nytt material (mindre \u00e4n tv\u00e5 \u00e5r gammalt) g\u00e4ller k\u00f6peskillingen.<\/p>\r\n<\/div>\r\n<\/div>\r\n\r\n\r\n\r\n<div class=\"wp-block-media-text alignwide has-media-on-the-right is-stacked-on-mobile\">\r\n<figure class=\"wp-block-media-text__media\"><img decoding=\"async\" width=\"1220\" height=\"813\" class=\"wp-image-54928 size-full lazyload\" data-src=\"https:\/\/nordichouse.is\/wp-content\/uploads\/2023\/01\/20221113_EinarAskellLestur_EA-24-1220x813.jpg\" alt=\"\" data-srcset=\"https:\/\/nordichouse.is\/wp-content\/uploads\/2023\/01\/20221113_EinarAskellLestur_EA-24-1220x813.jpg 1220w, https:\/\/nordichouse.is\/wp-content\/uploads\/2023\/01\/20221113_EinarAskellLestur_EA-24-640x427.jpg 640w, https:\/\/nordichouse.is\/wp-content\/uploads\/2023\/01\/20221113_EinarAskellLestur_EA-24-768x512.jpg 768w, https:\/\/nordichouse.is\/wp-content\/uploads\/2023\/01\/20221113_EinarAskellLestur_EA-24.jpg 1280w\" data-sizes=\"(max-width: 1220px) 100vw, 1220px\" src=\"data:image\/svg+xml;base64,PHN2ZyB3aWR0aD0iMSIgaGVpZ2h0PSIxIiB4bWxucz0iaHR0cDovL3d3dy53My5vcmcvMjAwMC9zdmciPjwvc3ZnPg==\" style=\"--smush-placeholder-width: 1220px; --smush-placeholder-aspect-ratio: 1220\/813;\" \/><\/figure>\r\n<div class=\"wp-block-media-text__content\">\r\n<h2 class=\"wp-block-heading\">Nordens hus barnbibliotek<\/h2>\r\n\r\n\r\n\r\n<p>Barnbiblioteket ligger i nedre v\u00e5ningen av biblioteket och \u00e4r en mysig samlingsplats f\u00f6r barn och familjer.<\/p>\r\n\r\n\r\n\r\n<p>I barnbiblioteket finns det barn- och ungdomsb\u00f6cker p\u00e5 sju nordiska spr\u00e5k; du tr\u00e4ffar k\u00e4nda barnboksfigurer som Pippi L\u00e5ngstrump och Mumintrollen och under vintern bjuder vi p\u00e5 sagostunder p\u00e5 finska, norska, gr\u00f6nl\u00e4ndska, danska, isl\u00e4ndsk, f\u00e4r\u00f6isk och svenska. I barnbiblioteket anordnas det ocks\u00e5 barnutst\u00e4llningar \u00e5ret runt.<\/p>\r\n<\/div>\r\n<\/div>\r\n\r\n\r\n\r\n<div class=\"wp-block-media-text alignwide is-stacked-on-mobile\">\r\n<figure class=\"wp-block-media-text__media\"><img decoding=\"async\" width=\"1220\" height=\"813\" class=\"wp-image-13216 size-full lazyload\" data-src=\"https:\/\/nordichouse.is\/wp-content\/uploads\/2017\/12\/1250-1-1220x813.jpg\" alt=\"\" data-srcset=\"https:\/\/nordichouse.is\/wp-content\/uploads\/2017\/12\/1250-1-1220x813.jpg 1220w, https:\/\/nordichouse.is\/wp-content\/uploads\/2017\/12\/1250-1-640x426.jpg 640w, https:\/\/nordichouse.is\/wp-content\/uploads\/2017\/12\/1250-1-768x512.jpg 768w, https:\/\/nordichouse.is\/wp-content\/uploads\/2017\/12\/1250-1.jpg 1250w\" data-sizes=\"(max-width: 1220px) 100vw, 1220px\" src=\"data:image\/svg+xml;base64,PHN2ZyB3aWR0aD0iMSIgaGVpZ2h0PSIxIiB4bWxucz0iaHR0cDovL3d3dy53My5vcmcvMjAwMC9zdmciPjwvc3ZnPg==\" style=\"--smush-placeholder-width: 1220px; --smush-placeholder-aspect-ratio: 1220\/813;\" \/><\/figure>\r\n<div class=\"wp-block-media-text__content\">\r\n<h2 class=\"wp-block-heading\">Art\u00f3tek<\/h2>\r\n\r\n\r\n\r\n<p>Artoteket eller kunstudl\u00e5net i Nordens Hus\u2019 bibliotek g\u00e5r tilbage til 1972. Det \u00e5r for\u00e6rede Nordisk Grafik Union, Nordens Hus 200 grafiske v\u00e6rker, som skulle v\u00e6re begyndelsen til et kunstudl\u00e5n. Gaven var givet med klausul om at v\u00e6rkerne skulle v\u00e6re til offentlig udl\u00e5n p\u00e5 lige fod med bibliotekets b\u00f8ger.<\/p>\r\n\r\n\r\n\r\n<p>Udl\u00e5net p\u00e5begyndtes i 1976 og blev regnet for en stor fornyelse og vel modtaget. Der er siden f\u00f8jet adskillige til samlingen som nu best\u00e5r af omkring 600 v\u00e6rker. Med l\u00e5nerkort til Nordens Hus\u2019 bibliotek kan man l\u00e5ne 3 grafiske v\u00e6rker i 3 m\u00e5neder ad gangen.<\/p>\r\n<\/div>\r\n<\/div>\r\n","protected":false},"excerpt":{"rendered":"<p>Biblioteket i Nordens Hus er offentligt og \u00e5bent for alle. Biblioteket p\u00e5begyndte sit virke i 1969 \u00e5ret efter Nordens Hus belv indviet. Bibliotekets s\u00e6rkende er at her udelukkende findes litteratur af nordiske forfattere p\u00e5 de nordiske sprog, dog ikke islandsk bortset fra overs\u00e6ttelser til et af de \u00f8vrige nordiske sprog. I samlingen er sk\u00f8n- og [&hellip;]<\/p>\n","protected":false},"author":6,"featured_media":58229,"parent":0,"menu_order":0,"comment_status":"closed","ping_status":"closed","template":"","meta":{"_acf_changed":false,"footnotes":""},"class_list":["post-416","page","type-page","status-publish","has-post-thumbnail","hentry","no-banner-image"],"acf":[],"_links":{"self":[{"href":"https:\/\/nordichouse.is\/da\/wp-json\/wp\/v2\/pages\/416","targetHints":{"allow":["GET"]}}],"collection":[{"href":"https:\/\/nordichouse.is\/da\/wp-json\/wp\/v2\/pages"}],"about":[{"href":"https:\/\/nordichouse.is\/da\/wp-json\/wp\/v2\/types\/page"}],"author":[{"embeddable":true,"href":"https:\/\/nordichouse.is\/da\/wp-json\/wp\/v2\/users\/6"}],"replies":[{"embeddable":true,"href":"https:\/\/nordichouse.is\/da\/wp-json\/wp\/v2\/comments?post=416"}],"version-history":[{"count":0,"href":"https:\/\/nordichouse.is\/da\/wp-json\/wp\/v2\/pages\/416\/revisions"}],"wp:featuredmedia":[{"embeddable":true,"href":"https:\/\/nordichouse.is\/da\/wp-json\/wp\/v2\/media\/58229"}],"wp:attachment":[{"href":"https:\/\/nordichouse.is\/da\/wp-json\/wp\/v2\/media?parent=416"}],"curies":[{"name":"wp","href":"https:\/\/api.w.org\/{rel}","templated":true}]}}