{"id":29885,"date":"2021-06-18T13:03:42","date_gmt":"2021-06-18T13:03:42","guid":{"rendered":"https:\/\/nordichouse.is\/covid-19\/"},"modified":"2021-06-18T13:06:57","modified_gmt":"2021-06-18T13:06:57","slug":"covid-19","status":"publish","type":"page","link":"https:\/\/nordichouse.is\/da\/covid-19\/","title":{"rendered":"COVID-19"},"content":{"rendered":"\n<h2 class=\"wp-block-heading\">Et trygt bes\u00f8k<\/h2>\n\n<p>N\u00e5r du bes\u00f8ker oss, forventer vi at du:<\/p>\n\n<ul class=\"wp-block-list\"><li>Du skal holde minst 1-2 meters avstand til andre bes\u00f8kende og ansatte, avhengig av gjeldende restriksjoner. <a href=\"https:\/\/www.covid.is\/categories\/effective-restrictions-on-gatherings\" target=\"_blank\" rel=\"noopener\">Du kan om gjeldende restriksjoner her.<\/a><\/li><li>Bruk ansiktsmaske<\/li><li>Unng\u00e5 \u00e5 h\u00e5ndhilse og klemme<\/li><li>Host i armhulen, og vask hendene ofte. H\u00e5ndsprit er utplassert i alle rom ved Nordens hus.&#13;\n<\/li><li>F\u00f8lg skilt og de ansattes retningslinjer<\/li><\/ul>\n\n<p><\/p>\n","protected":false},"excerpt":{"rendered":"<p>Et trygt bes\u00f8k N\u00e5r du bes\u00f8ker oss, forventer vi at du: Du skal holde minst 1-2 meters avstand til andre bes\u00f8kende og ansatte, avhengig av gjeldende restriksjoner. Du kan om gjeldende restriksjoner her. Bruk ansiktsmaske Unng\u00e5 \u00e5 h\u00e5ndhilse og klemme Host i armhulen, og vask hendene ofte. H\u00e5ndsprit er utplassert i alle rom ved Nordens [&hellip;]<\/p>\n","protected":false},"author":6,"featured_media":0,"parent":0,"menu_order":0,"comment_status":"closed","ping_status":"closed","template":"","meta":{"_acf_changed":false,"footnotes":""},"class_list":["post-29885","page","type-page","status-publish","hentry","no-banner-image"],"acf":[],"_links":{"self":[{"href":"https:\/\/nordichouse.is\/da\/wp-json\/wp\/v2\/pages\/29885","targetHints":{"allow":["GET"]}}],"collection":[{"href":"https:\/\/nordichouse.is\/da\/wp-json\/wp\/v2\/pages"}],"about":[{"href":"https:\/\/nordichouse.is\/da\/wp-json\/wp\/v2\/types\/page"}],"author":[{"embeddable":true,"href":"https:\/\/nordichouse.is\/da\/wp-json\/wp\/v2\/users\/6"}],"replies":[{"embeddable":true,"href":"https:\/\/nordichouse.is\/da\/wp-json\/wp\/v2\/comments?post=29885"}],"version-history":[{"count":0,"href":"https:\/\/nordichouse.is\/da\/wp-json\/wp\/v2\/pages\/29885\/revisions"}],"wp:attachment":[{"href":"https:\/\/nordichouse.is\/da\/wp-json\/wp\/v2\/media?parent=29885"}],"curies":[{"name":"wp","href":"https:\/\/api.w.org\/{rel}","templated":true}]}}