{"id":29022,"date":"2021-01-19T20:22:51","date_gmt":"2021-01-19T20:22:51","guid":{"rendered":"https:\/\/nordichouse.is\/visitor-guide\/"},"modified":"2021-06-22T15:39:07","modified_gmt":"2021-06-22T15:39:07","slug":"visitor-guide","status":"publish","type":"page","link":"https:\/\/nordichouse.is\/da\/visitor-guide\/","title":{"rendered":"Virtuelle bes\u00f8g"},"content":{"rendered":"\n<h2 class=\"wp-block-heading\">Virtuel rundvisning<\/h2>\n\n\n\n<h3 class=\"wp-block-heading\">Nordens Hus: Et samlet kunstv\u00e6rk<\/h3>\n\n\n\n<p>En virtuel rundvisning om husets historie, kultur og arkitektur<\/p>\n\n\n\n<figure class=\"wp-block-embed alignwide is-type-video is-provider-vimeo wp-block-embed-vimeo wp-embed-aspect-21-9 wp-has-aspect-ratio\"><div class=\"wp-block-embed__wrapper\">\n<iframe title=\"The Nordic House: A Total Work of Art\" data-src=\"https:\/\/player.vimeo.com\/video\/491225965?dnt=1&amp;app_id=122963\" width=\"640\" height=\"268\" frameborder=\"0\" allow=\"autoplay; fullscreen; picture-in-picture; clipboard-write\" src=\"data:image\/svg+xml;base64,PHN2ZyB3aWR0aD0iMSIgaGVpZ2h0PSIxIiB4bWxucz0iaHR0cDovL3d3dy53My5vcmcvMjAwMC9zdmciPjwvc3ZnPg==\" class=\"lazyload\" data-load-mode=\"1\"><\/iframe>\n<\/div><\/figure>\n\n\n\n<p>Manuskript: Gu\u00f0ni T\u00f3masson\nDansk voiceover: Charlotte B\u00f8ving\nInstrukt\u00f8r: Kristbj\u00f6rg Kona Kristj\u00e1nsd\u00f3ttir\nFilmfotograf og redakt\u00f8r: Blair Alexander Massie\nProduseret af Nordens Hus i Reykjavik<\/p>\n\n\n\n<div class=\"wp-block-media-text alignwide has-media-on-the-right is-stacked-on-mobile has-paleyellow-background-color has-background\"><figure class=\"wp-block-media-text__media\"><img decoding=\"async\" width=\"1080\" height=\"1080\" data-src=\"https:\/\/nordichouse.is\/wp-content\/uploads\/2018\/09\/nh_audioguide_symbol.png\" alt=\"Audioguide Illustration\" class=\"wp-image-26884 size-full lazyload\" data-srcset=\"https:\/\/nordichouse.is\/wp-content\/uploads\/2018\/09\/nh_audioguide_symbol.png 1080w, https:\/\/nordichouse.is\/wp-content\/uploads\/2018\/09\/nh_audioguide_symbol-640x640.png 640w, https:\/\/nordichouse.is\/wp-content\/uploads\/2018\/09\/nh_audioguide_symbol-768x768.png 768w\" data-sizes=\"(max-width: 1080px) 100vw, 1080px\" src=\"data:image\/svg+xml;base64,PHN2ZyB3aWR0aD0iMSIgaGVpZ2h0PSIxIiB4bWxucz0iaHR0cDovL3d3dy53My5vcmcvMjAwMC9zdmciPjwvc3ZnPg==\" style=\"--smush-placeholder-width: 1080px; --smush-placeholder-aspect-ratio: 1080\/1080;\" \/><\/figure><div class=\"wp-block-media-text__content\">\n<h2 class=\"wp-block-heading\">Nordens hus audioguide<\/h2>\n\n\n\n<p>Audioguiden er en interaktiv oplevelse som tilbyder en indsigtsfuld tur rundt i huset og dets omkringliggende have. B\u00e5de husets historie og arkitektur er bredt d\u00e6kket i guiden som giver dig et ny perspektiv p\u00e5 denne kulturelle perle midt i Vatsm\u00fdrin. Audioguiden tager omkring 20 minutter og man kan v\u00e6lge dansk, engelsk og islandsk. Opl\u00e6seren af den danske audioguide er direkt\u00f8ren for huset fra 2014-2018, Mikkel Harder og den finske audioguide er Nordisk Ministerr\u00e5ds generalsekret\u00e6r, Paula Lehtom\u00e4ki.<\/p>\n\n\n\n<p>Du kan bruge afspilleren nedenfor for at lytte til vores audio guide gratis, eller l\u00e5ne udstyret i receptionen.<\/p>\n\n\n\n<figure class=\"wp-block-audio\"><audio controls src=\"https:\/\/nordichouse.is\/wp-content\/uploads\/2018\/09\/hljodganga_ens.mp3\"><\/audio><figcaption>English<\/figcaption><\/figure>\n\n\n\n<figure class=\"wp-block-audio\"><audio controls src=\"https:\/\/nordichouse.is\/wp-content\/uploads\/2018\/09\/hljodganga_isl.mp3\"><\/audio><figcaption>\u00cdslenska<\/figcaption><\/figure>\n\n\n\n<figure class=\"wp-block-audio\"><audio controls src=\"https:\/\/nordichouse.is\/wp-content\/uploads\/2018\/09\/hljodganga_dan.mp3\"><\/audio><figcaption>Dansk<\/figcaption><\/figure>\n\n\n\n<figure class=\"wp-block-audio\"><audio controls src=\"https:\/\/nordichouse.is\/wp-content\/uploads\/2019\/10\/nh-finnska-loka-online-audio-converter-com_.mp3\"><\/audio><figcaption>Suomi<\/figcaption><\/figure>\n<\/div><\/div>\n","protected":false},"excerpt":{"rendered":"<p>Virtuel rundvisning Nordens Hus: Et samlet kunstv\u00e6rk En virtuel rundvisning om husets historie, kultur og arkitektur Manuskript: Gu\u00f0ni T\u00f3masson Dansk voiceover: Charlotte B\u00f8ving Instrukt\u00f8r: Kristbj\u00f6rg Kona Kristj\u00e1nsd\u00f3ttir Filmfotograf og redakt\u00f8r: Blair Alexander Massie Produseret af Nordens Hus i Reykjavik<\/p>\n","protected":false},"author":6,"featured_media":0,"parent":0,"menu_order":0,"comment_status":"closed","ping_status":"closed","template":"","meta":{"_acf_changed":false,"footnotes":""},"class_list":["post-29022","page","type-page","status-publish","hentry","no-banner-image"],"acf":[],"_links":{"self":[{"href":"https:\/\/nordichouse.is\/da\/wp-json\/wp\/v2\/pages\/29022","targetHints":{"allow":["GET"]}}],"collection":[{"href":"https:\/\/nordichouse.is\/da\/wp-json\/wp\/v2\/pages"}],"about":[{"href":"https:\/\/nordichouse.is\/da\/wp-json\/wp\/v2\/types\/page"}],"author":[{"embeddable":true,"href":"https:\/\/nordichouse.is\/da\/wp-json\/wp\/v2\/users\/6"}],"replies":[{"embeddable":true,"href":"https:\/\/nordichouse.is\/da\/wp-json\/wp\/v2\/comments?post=29022"}],"version-history":[{"count":0,"href":"https:\/\/nordichouse.is\/da\/wp-json\/wp\/v2\/pages\/29022\/revisions"}],"wp:attachment":[{"href":"https:\/\/nordichouse.is\/da\/wp-json\/wp\/v2\/media?parent=29022"}],"curies":[{"name":"wp","href":"https:\/\/api.w.org\/{rel}","templated":true}]}}