{"id":28839,"date":"2021-05-05T13:28:36","date_gmt":"2021-05-05T13:28:36","guid":{"rendered":"https:\/\/nordichouse.is\/bookings\/"},"modified":"2025-11-21T07:54:02","modified_gmt":"2025-11-21T07:54:02","slug":"bookings","status":"publish","type":"page","link":"https:\/\/nordichouse.is\/da\/bookings\/","title":{"rendered":"Bookings"},"content":{"rendered":"\n<h2 class=\"wp-block-heading\">Et anderledes m\u00f8dested<\/h2>\n\n\n\n<p>Nordens hus\u202fkan tilbyde gode m\u00f8de- og konferencefaciliteter i smukke omgivelser. Venligst udfyld ans\u00f8gningsskemaet til at leje lokaler i knappen her nedenunder. For yderligere information kan du sende mail til booking@nordichouse.is. <strong>Bookingkontoret holder \u00e5bent tirsdag til fredag mellem kl. 10:00 og 12:00.&nbsp;<\/strong><\/p>\n\n\n\n<div style=\"height:21px\" aria-hidden=\"true\" class=\"wp-block-spacer\"><\/div>\n\n\n\n<div class=\"wp-block-columns alignwide is-layout-flex wp-container-core-columns-is-layout-9d6595d7 wp-block-columns-is-layout-flex\">\n<div class=\"wp-block-column is-layout-flow wp-block-column-is-layout-flow\" style=\"flex-basis:50%\">\n<figure class=\"wp-block-image size-large mb-0\"><img decoding=\"async\" width=\"1220\" height=\"814\" data-src=\"https:\/\/nordichouse.is\/wp-content\/uploads\/2025\/07\/JON9646-1220x814.jpg\" alt=\"\" class=\"wp-image-61812 lazyload\" data-srcset=\"https:\/\/nordichouse.is\/wp-content\/uploads\/2025\/07\/JON9646-1220x814.jpg 1220w, https:\/\/nordichouse.is\/wp-content\/uploads\/2025\/07\/JON9646-640x427.jpg 640w, https:\/\/nordichouse.is\/wp-content\/uploads\/2025\/07\/JON9646-768x512.jpg 768w, https:\/\/nordichouse.is\/wp-content\/uploads\/2025\/07\/JON9646-1536x1025.jpg 1536w, https:\/\/nordichouse.is\/wp-content\/uploads\/2025\/07\/JON9646-2048x1366.jpg 2048w\" data-sizes=\"(max-width: 1220px) 100vw, 1220px\" src=\"data:image\/svg+xml;base64,PHN2ZyB3aWR0aD0iMSIgaGVpZ2h0PSIxIiB4bWxucz0iaHR0cDovL3d3dy53My5vcmcvMjAwMC9zdmciPjwvc3ZnPg==\" style=\"--smush-placeholder-width: 1220px; --smush-placeholder-aspect-ratio: 1220\/814;\" \/><\/figure>\n\n\n\n<div class=\"wp-block-columns are-vertically-aligned-bottom is-not-stacked-on-mobile is-layout-flex wp-container-core-columns-is-layout-9d6595d7 wp-block-columns-is-layout-flex\">\n<div class=\"wp-block-column is-vertically-aligned-bottom is-layout-flow wp-block-column-is-layout-flow\" style=\"flex-basis:40%\">\n<h3 class=\"wp-block-heading\"><strong>Alvar<\/strong><\/h3>\n<\/div>\n\n\n\n<div class=\"wp-block-column is-vertically-aligned-bottom is-layout-flow wp-block-column-is-layout-flow\" style=\"flex-basis:60%\">\n<p class=\"has-text-align-right\">12 pax, 65&#8243; tv<\/p>\n<\/div>\n<\/div>\n\n\n\n<p class=\"has-text-align-left has-small-font-size\"><strong><em>Alvar<\/em><\/strong><em>&nbsp;m\u00f6tesrummet\u202f(max. 14 personer). Udstyret med et 65&nbsp;tomme tv og privat WiFi.<\/em><\/p>\n<\/div>\n\n\n\n<div class=\"wp-block-column is-layout-flow wp-block-column-is-layout-flow\" style=\"flex-basis:50%\">\n<figure class=\"wp-block-image size-large mb-0\"><img decoding=\"async\" width=\"1220\" height=\"814\" data-src=\"https:\/\/nordichouse.is\/wp-content\/uploads\/2025\/07\/JON968346904400-1220x814.jpg\" alt=\"\" class=\"wp-image-61815 lazyload\" data-srcset=\"https:\/\/nordichouse.is\/wp-content\/uploads\/2025\/07\/JON968346904400-1220x814.jpg 1220w, https:\/\/nordichouse.is\/wp-content\/uploads\/2025\/07\/JON968346904400-640x427.jpg 640w, https:\/\/nordichouse.is\/wp-content\/uploads\/2025\/07\/JON968346904400-768x512.jpg 768w, https:\/\/nordichouse.is\/wp-content\/uploads\/2025\/07\/JON968346904400-1536x1025.jpg 1536w, https:\/\/nordichouse.is\/wp-content\/uploads\/2025\/07\/JON968346904400-2048x1366.jpg 2048w\" data-sizes=\"(max-width: 1220px) 100vw, 1220px\" src=\"data:image\/svg+xml;base64,PHN2ZyB3aWR0aD0iMSIgaGVpZ2h0PSIxIiB4bWxucz0iaHR0cDovL3d3dy53My5vcmcvMjAwMC9zdmciPjwvc3ZnPg==\" style=\"--smush-placeholder-width: 1220px; --smush-placeholder-aspect-ratio: 1220\/814;\" \/><\/figure>\n\n\n\n<div class=\"wp-block-columns are-vertically-aligned-bottom is-not-stacked-on-mobile is-layout-flex wp-container-core-columns-is-layout-9d6595d7 wp-block-columns-is-layout-flex\">\n<div class=\"wp-block-column is-vertically-aligned-bottom is-layout-flow wp-block-column-is-layout-flow\" style=\"flex-basis:40%\">\n<h3 class=\"wp-block-heading\"><strong>Aino<\/strong><\/h3>\n<\/div>\n\n\n\n<div class=\"wp-block-column is-vertically-aligned-bottom is-layout-flow wp-block-column-is-layout-flow\" style=\"flex-basis:60%\">\n<p class=\"has-text-align-right\">8 pax, 65&#8243; tv<\/p>\n<\/div>\n<\/div>\n\n\n\n<p class=\"has-text-align-left has-small-font-size\"><strong><em>Aino<\/em><\/strong><em>&nbsp;m\u00f6tesrummet\u202f(max. 10 personer). Udstyret med et 65&nbsp;tomme tv og privat WiFi.<\/em><\/p>\n<\/div>\n<\/div>\n\n\n\n<div class=\"alignwide\"><iframe data-src=\"https:\/\/noona.app\/nordichouse\/book?iframe=true&#038;darkModeDisabled=true&#038;showCancelButton=true\" frameborder='0' width='100%' height='800' style='height: 80vh; max-height: 800px;' src=\"data:image\/svg+xml;base64,PHN2ZyB3aWR0aD0iMSIgaGVpZ2h0PSIxIiB4bWxucz0iaHR0cDovL3d3dy53My5vcmcvMjAwMC9zdmciPjwvc3ZnPg==\" class=\"lazyload\" data-load-mode=\"1\"><\/iframe><\/div>\n\n\n\n<div style=\"height:40px\" aria-hidden=\"true\" class=\"wp-block-spacer\"><\/div>\n\n\n\n<div class=\"wp-block-columns alignwide is-layout-flex wp-container-core-columns-is-layout-9d6595d7 wp-block-columns-is-layout-flex\">\n<div class=\"wp-block-column is-layout-flow wp-block-column-is-layout-flow\" style=\"flex-basis:100%\">\n<figure class=\"wp-block-image size-large\"><img decoding=\"async\" width=\"1220\" height=\"814\" data-src=\"https:\/\/nordichouse.is\/wp-content\/uploads\/2025\/07\/JON979546768229-1220x814.jpg\" alt=\"\" class=\"wp-image-61818 lazyload\" data-srcset=\"https:\/\/nordichouse.is\/wp-content\/uploads\/2025\/07\/JON979546768229-1220x814.jpg 1220w, https:\/\/nordichouse.is\/wp-content\/uploads\/2025\/07\/JON979546768229-640x427.jpg 640w, https:\/\/nordichouse.is\/wp-content\/uploads\/2025\/07\/JON979546768229-768x512.jpg 768w, https:\/\/nordichouse.is\/wp-content\/uploads\/2025\/07\/JON979546768229-1536x1025.jpg 1536w, https:\/\/nordichouse.is\/wp-content\/uploads\/2025\/07\/JON979546768229-2048x1366.jpg 2048w\" data-sizes=\"(max-width: 1220px) 100vw, 1220px\" src=\"data:image\/svg+xml;base64,PHN2ZyB3aWR0aD0iMSIgaGVpZ2h0PSIxIiB4bWxucz0iaHR0cDovL3d3dy53My5vcmcvMjAwMC9zdmciPjwvc3ZnPg==\" style=\"--smush-placeholder-width: 1220px; --smush-placeholder-aspect-ratio: 1220\/814;\" \/><\/figure>\n\n\n\n<div class=\"wp-block-columns is-layout-flex wp-container-core-columns-is-layout-9d6595d7 wp-block-columns-is-layout-flex\">\n<div class=\"wp-block-column is-layout-flow wp-block-column-is-layout-flow\" style=\"flex-basis:50%\">\n<figure class=\"wp-block-image size-large\"><img decoding=\"async\" width=\"1220\" height=\"814\" data-src=\"https:\/\/nordichouse.is\/wp-content\/uploads\/2025\/07\/JON981646904383-1220x814.jpg\" alt=\"\" class=\"wp-image-61821 lazyload\" data-srcset=\"https:\/\/nordichouse.is\/wp-content\/uploads\/2025\/07\/JON981646904383-1220x814.jpg 1220w, https:\/\/nordichouse.is\/wp-content\/uploads\/2025\/07\/JON981646904383-640x427.jpg 640w, https:\/\/nordichouse.is\/wp-content\/uploads\/2025\/07\/JON981646904383-768x512.jpg 768w, https:\/\/nordichouse.is\/wp-content\/uploads\/2025\/07\/JON981646904383-1536x1025.jpg 1536w, https:\/\/nordichouse.is\/wp-content\/uploads\/2025\/07\/JON981646904383-2048x1366.jpg 2048w\" data-sizes=\"(max-width: 1220px) 100vw, 1220px\" src=\"data:image\/svg+xml;base64,PHN2ZyB3aWR0aD0iMSIgaGVpZ2h0PSIxIiB4bWxucz0iaHR0cDovL3d3dy53My5vcmcvMjAwMC9zdmciPjwvc3ZnPg==\" style=\"--smush-placeholder-width: 1220px; --smush-placeholder-aspect-ratio: 1220\/814;\" \/><\/figure>\n<\/div>\n\n\n\n<div class=\"wp-block-column is-layout-flow wp-block-column-is-layout-flow\" style=\"flex-basis:50%\">\n<h3 class=\"wp-block-heading\"><strong>Elissa Auditorium<\/strong><\/h3>\n\n\n\n<p class=\"has-text-align-left\"><em>Max personer:<\/em> 90<br><em>Arrangementer:<\/em>&nbsp;Valg af forskellige arrangementer (seminarer, teater, klassev\u00e6relse, U-form).<br><em>Udstyr:<\/em> <a href=\"https:\/\/nordichouse.is\/wp-content\/uploads\/2025\/07\/NH-Tech-list-Elissa.pdf\" data-type=\"link\" data-id=\"https:\/\/nordichouse.is\/wp-content\/uploads\/2025\/07\/NH-Tech-list-Elissa.pdf\" target=\"_blank\" rel=\"noreferrer noopener\">Se udstyrslisten her<\/a><\/p>\n\n\n\n<div class=\"wp-block-columns is-layout-flex wp-container-core-columns-is-layout-9d6595d7 wp-block-columns-is-layout-flex\">\n<div class=\"wp-block-column is-layout-flow wp-block-column-is-layout-flow\" style=\"flex-basis:50%\"><\/div>\n\n\n\n<div class=\"wp-block-column is-layout-flow wp-block-column-is-layout-flow\" style=\"flex-basis:50%\"><\/div>\n<\/div>\n<\/div>\n<\/div>\n<\/div>\n<\/div>\n\n\n\n<h3 class=\"wp-block-heading\">Kontakt for bookinger<\/h3>\n\n\n\n<p>Bookinger og yderligere information er tilg\u00e6ngelige p\u00e5 <a href=\"mailto:booking@nordichouse.is?subject=Meeting room inquiry\">booking@nordichouse.is<\/a> eller via telefon <a href=\"tel:+3548987030\" data-type=\"tel\" data-id=\"tel:+3548987030\">+354 898 7030<\/a>.<\/p>\n\n\n\n<div style=\"height:4em\" aria-hidden=\"true\" class=\"wp-block-spacer\"><\/div>\n\n\n\n<div class=\"wp-block-media-text alignwide has-media-on-the-right is-stacked-on-mobile\" style=\"grid-template-columns:auto 35%\"><div class=\"wp-block-media-text__content\">\n<h2 class=\"wp-block-heading\">Catering &#8211; Plantan Bistro<\/h2>\n\n\n\n<p><strong>Plantan bistr\u00f3<\/strong> \u00e4r en restaurang och cateringtj\u00e4nst som erbjuder en s\u00e4songsbetonad meny med tonvikt p\u00e5 god och h\u00e4lsosam mat, hembakade bakverk och gott kaffe. Allt p\u00e5 menyn \u00e4r veganskt och urvalet varierar n\u00e5got beroende p\u00e5 s\u00e4song och k\u00f6kets kreativitet.<\/p>\n\n\n\n<p><br><br><a href=\"https:\/\/www.facebook.com\/plantankaffihus\" target=\"_blank\" rel=\"noopener\">Plantan p\u00e5 Facebook<\/a><\/p>\n\n\n\n<p><a href=\"https:\/\/www.instagram.com\/plantankaffihus\" target=\"_blank\" rel=\"noopener\">Plantan p\u00e5 Instagram<\/a><\/p>\n\n\n\n<figure class=\"wp-block-image size-full is-resized\"><a class=\"https:\/\/www.plantankaffihus.is\/\" href=\"https:\/\/www.plantankaffihus.is\/\" rel=\"https:\/\/www.plantankaffihus.is\/\"><img decoding=\"async\" width=\"332\" height=\"278\" data-src=\"https:\/\/nordichouse.is\/wp-content\/uploads\/2025\/03\/Screenshot-2025-03-06-at-10.29.02.png\" alt=\"\" class=\"wp-image-60402 lazyload\" style=\"--smush-placeholder-width: 332px; --smush-placeholder-aspect-ratio: 332\/278;width:109px;height:auto\" src=\"data:image\/svg+xml;base64,PHN2ZyB3aWR0aD0iMSIgaGVpZ2h0PSIxIiB4bWxucz0iaHR0cDovL3d3dy53My5vcmcvMjAwMC9zdmciPjwvc3ZnPg==\" \/><\/a><\/figure>\n<\/div><figure class=\"wp-block-media-text__media\"><img decoding=\"async\" width=\"813\" height=\"1220\" data-src=\"https:\/\/nordichouse.is\/wp-content\/uploads\/2025\/01\/image00005-813x1220.jpeg\" alt=\"Matur fr\u00e1 Plantan Bistro\" class=\"wp-image-59913 size-full lazyload\" data-srcset=\"https:\/\/nordichouse.is\/wp-content\/uploads\/2025\/01\/image00005-813x1220.jpeg 813w, https:\/\/nordichouse.is\/wp-content\/uploads\/2025\/01\/image00005-427x640.jpeg 427w, https:\/\/nordichouse.is\/wp-content\/uploads\/2025\/01\/image00005-768x1152.jpeg 768w, https:\/\/nordichouse.is\/wp-content\/uploads\/2025\/01\/image00005-1024x1536.jpeg 1024w, https:\/\/nordichouse.is\/wp-content\/uploads\/2025\/01\/image00005-1365x2048.jpeg 1365w, https:\/\/nordichouse.is\/wp-content\/uploads\/2025\/01\/image00005-scaled.jpeg 1707w\" data-sizes=\"(max-width: 813px) 100vw, 813px\" src=\"data:image\/svg+xml;base64,PHN2ZyB3aWR0aD0iMSIgaGVpZ2h0PSIxIiB4bWxucz0iaHR0cDovL3d3dy53My5vcmcvMjAwMC9zdmciPjwvc3ZnPg==\" style=\"--smush-placeholder-width: 813px; --smush-placeholder-aspect-ratio: 813\/1220;\" \/><\/figure><\/div>\n\n\n\n<div class=\"wp-block-cover alignwide\"><img decoding=\"async\" width=\"2560\" height=\"1710\" class=\"wp-block-cover__image-background wp-image-29221 lazyload\" alt=\"\" data-src=\"https:\/\/nordichouse.is\/wp-content\/uploads\/2021\/05\/50416815653_e5cd858b10_o-scaled.jpg\" style=\"--smush-placeholder-width: 2560px; --smush-placeholder-aspect-ratio: 2560\/1710;object-position:64% 73%\" data-object-fit=\"cover\" data-object-position=\"64% 73%\" data-srcset=\"https:\/\/nordichouse.is\/wp-content\/uploads\/2021\/05\/50416815653_e5cd858b10_o-scaled.jpg 2560w, https:\/\/nordichouse.is\/wp-content\/uploads\/2021\/05\/50416815653_e5cd858b10_o-640x427.jpg 640w, https:\/\/nordichouse.is\/wp-content\/uploads\/2021\/05\/50416815653_e5cd858b10_o-1220x815.jpg 1220w, https:\/\/nordichouse.is\/wp-content\/uploads\/2021\/05\/50416815653_e5cd858b10_o-768x513.jpg 768w, https:\/\/nordichouse.is\/wp-content\/uploads\/2021\/05\/50416815653_e5cd858b10_o-1536x1026.jpg 1536w, https:\/\/nordichouse.is\/wp-content\/uploads\/2021\/05\/50416815653_e5cd858b10_o-2048x1368.jpg 2048w\" data-sizes=\"(max-width: 2560px) 100vw, 2560px\" src=\"data:image\/svg+xml;base64,PHN2ZyB3aWR0aD0iMSIgaGVpZ2h0PSIxIiB4bWxucz0iaHR0cDovL3d3dy53My5vcmcvMjAwMC9zdmciPjwvc3ZnPg==\" \/><span aria-hidden=\"true\" class=\"wp-block-cover__background has-background-dim-0 has-background-dim\"><\/span><div class=\"wp-block-cover__inner-container is-layout-flow wp-block-cover-is-layout-flow\">\n<p class=\"has-text-align-center has-large-font-size\"><\/p>\n<\/div><\/div>\n\n\n\n<h2 class=\"wp-block-heading\">Rundvisning<\/h2>\n\n\n\n<p>Vi byder grupper velkommen efter aftale.<\/p>\n\n\n\n<div class=\"wp-block-cover alignwide is-light\"><img decoding=\"async\" width=\"2560\" height=\"1707\" class=\"wp-block-cover__image-background wp-image-29205 lazyload\" alt=\"\" data-src=\"https:\/\/nordichouse.is\/wp-content\/uploads\/2021\/05\/designmarch-julietterowland80-scaled.jpg\" style=\"--smush-placeholder-width: 2560px; --smush-placeholder-aspect-ratio: 2560\/1707;object-position:40% 12%\" data-object-fit=\"cover\" data-object-position=\"40% 12%\" data-srcset=\"https:\/\/nordichouse.is\/wp-content\/uploads\/2021\/05\/designmarch-julietterowland80-scaled.jpg 2560w, https:\/\/nordichouse.is\/wp-content\/uploads\/2021\/05\/designmarch-julietterowland80-640x427.jpg 640w, https:\/\/nordichouse.is\/wp-content\/uploads\/2021\/05\/designmarch-julietterowland80-1220x813.jpg 1220w, https:\/\/nordichouse.is\/wp-content\/uploads\/2021\/05\/designmarch-julietterowland80-768x512.jpg 768w, https:\/\/nordichouse.is\/wp-content\/uploads\/2021\/05\/designmarch-julietterowland80-1536x1024.jpg 1536w, https:\/\/nordichouse.is\/wp-content\/uploads\/2021\/05\/designmarch-julietterowland80-2048x1365.jpg 2048w\" data-sizes=\"(max-width: 2560px) 100vw, 2560px\" src=\"data:image\/svg+xml;base64,PHN2ZyB3aWR0aD0iMSIgaGVpZ2h0PSIxIiB4bWxucz0iaHR0cDovL3d3dy53My5vcmcvMjAwMC9zdmciPjwvc3ZnPg==\" \/><span aria-hidden=\"true\" class=\"wp-block-cover__background has-background-dim-0 has-background-dim\"><\/span><div class=\"wp-block-cover__inner-container is-layout-flow wp-block-cover-is-layout-flow\">\n<p class=\"has-text-align-center has-large-font-size\"><\/p>\n<\/div><\/div>\n\n\n\n<p><\/p>\n","protected":false},"excerpt":{"rendered":"<p>Et anderledes m\u00f8dested Nordens hus\u202fkan tilbyde gode m\u00f8de- og konferencefaciliteter i smukke omgivelser. Venligst udfyld ans\u00f8gningsskemaet til at leje lokaler i knappen her nedenunder. For yderligere information kan du sende mail til booking@nordichouse.is. Bookingkontoret holder \u00e5bent tirsdag til fredag mellem kl. 10:00 og 12:00.&nbsp; Alvar 12 pax, 65&#8243; tv Alvar&nbsp;m\u00f6tesrummet\u202f(max. 14 personer). Udstyret med et [&hellip;]<\/p>\n","protected":false},"author":6,"featured_media":0,"parent":0,"menu_order":0,"comment_status":"closed","ping_status":"closed","template":"","meta":{"_acf_changed":false,"footnotes":""},"class_list":["post-28839","page","type-page","status-publish","hentry","no-banner-image"],"acf":[],"_links":{"self":[{"href":"https:\/\/nordichouse.is\/da\/wp-json\/wp\/v2\/pages\/28839","targetHints":{"allow":["GET"]}}],"collection":[{"href":"https:\/\/nordichouse.is\/da\/wp-json\/wp\/v2\/pages"}],"about":[{"href":"https:\/\/nordichouse.is\/da\/wp-json\/wp\/v2\/types\/page"}],"author":[{"embeddable":true,"href":"https:\/\/nordichouse.is\/da\/wp-json\/wp\/v2\/users\/6"}],"replies":[{"embeddable":true,"href":"https:\/\/nordichouse.is\/da\/wp-json\/wp\/v2\/comments?post=28839"}],"version-history":[{"count":0,"href":"https:\/\/nordichouse.is\/da\/wp-json\/wp\/v2\/pages\/28839\/revisions"}],"wp:attachment":[{"href":"https:\/\/nordichouse.is\/da\/wp-json\/wp\/v2\/media?parent=28839"}],"curies":[{"name":"wp","href":"https:\/\/api.w.org\/{rel}","templated":true}]}}