{"id":28100,"date":"2021-03-24T17:28:44","date_gmt":"2021-03-24T17:28:44","guid":{"rendered":"https:\/\/nordichouse.is\/fastir-lidir\/"},"modified":"2021-05-28T11:00:34","modified_gmt":"2021-05-28T11:00:34","slug":"fastir-lidir","status":"publish","type":"page","link":"https:\/\/nordichouse.is\/da\/fastir-lidir\/","title":{"rendered":"Faste punkter"},"content":{"rendered":"\n<div class=\"wp-block-media-text alignwide is-stacked-on-mobile\"><figure class=\"wp-block-media-text__media\"><img decoding=\"async\" width=\"960\" height=\"958\" data-src=\"https:\/\/nordichouse.is\/wp-content\/uploads\/2021\/05\/69850334_2881019838581356_3308047621708316672_n.jpg\" alt=\"\" class=\"wp-image-29372 size-full lazyload\" data-srcset=\"https:\/\/nordichouse.is\/wp-content\/uploads\/2021\/05\/69850334_2881019838581356_3308047621708316672_n.jpg 960w, https:\/\/nordichouse.is\/wp-content\/uploads\/2021\/05\/69850334_2881019838581356_3308047621708316672_n-640x640.jpg 640w, https:\/\/nordichouse.is\/wp-content\/uploads\/2021\/05\/69850334_2881019838581356_3308047621708316672_n-400x400.jpg 400w, https:\/\/nordichouse.is\/wp-content\/uploads\/2021\/05\/69850334_2881019838581356_3308047621708316672_n-768x766.jpg 768w\" data-sizes=\"(max-width: 960px) 100vw, 960px\" src=\"data:image\/svg+xml;base64,PHN2ZyB3aWR0aD0iMSIgaGVpZ2h0PSIxIiB4bWxucz0iaHR0cDovL3d3dy53My5vcmcvMjAwMC9zdmciPjwvc3ZnPg==\" style=\"--smush-placeholder-width: 960px; --smush-placeholder-aspect-ratio: 960\/958;\" \/><\/figure><div class=\"wp-block-media-text__content\">\n<h2 class=\"wp-block-heading\">Biblioteket anbefaler<\/h2>\n\n\n\n<p>I disse tider, er der ikke noget bedre end at kunne forsvinde ned i en god bog. P\u00e5 Nordens Hus\u2019 bibliotek har vi et stort udvalg af nordiske b\u00f8ger, dvd og magasiner i alle mulige emner og genre, s\u00e5 hvor skal man starte? Her vil Nordens Hus\u2019 bibliotikarer komme med tips, anbefalinger og ideer som kan inspirere til nyt og sp\u00e6ndende l\u00e6sestof. M\u00e5ske kan de hj\u00e6lpe med at finde din n\u00e6ste yndlingsbog.<\/p>\n\n\n\n<p><a href=\"https:\/\/nordichouse.is\/da\/bokasafn\/\">Biblioteket<\/a><\/p>\n\n\n\n<div class=\"wp-block-buttons is-layout-flex wp-block-buttons-is-layout-flex\">\n<div class=\"wp-block-button is-style-outline is-style-outline--1\"><a class=\"wp-block-button__link no-border-radius\" href=\"https:\/\/nordichouse.is\/da\/bokasafnid-maelir-med\/\">L\u00e6s mere<\/a><\/div>\n<\/div>\n<\/div><\/div>\n\n<div class=\"wp-block-media-text alignwide has-media-on-the-right is-stacked-on-mobile\"><figure class=\"wp-block-media-text__media\"><img decoding=\"async\" width=\"1220\" height=\"911\" data-src=\"https:\/\/nordichouse.is\/wp-content\/uploads\/2018\/02\/image00013-1220x911.jpg\" alt=\"Pikknikk konsertserie\" class=\"wp-image-13955 size-full lazyload\" data-srcset=\"https:\/\/nordichouse.is\/wp-content\/uploads\/2018\/02\/image00013-1220x911.jpg 1220w, https:\/\/nordichouse.is\/wp-content\/uploads\/2018\/02\/image00013-640x478.jpg 640w, https:\/\/nordichouse.is\/wp-content\/uploads\/2018\/02\/image00013-768x574.jpg 768w, https:\/\/nordichouse.is\/wp-content\/uploads\/2018\/02\/image00013-1536x1147.jpg 1536w, https:\/\/nordichouse.is\/wp-content\/uploads\/2018\/02\/image00013-2048x1530.jpg 2048w\" data-sizes=\"(max-width: 1220px) 100vw, 1220px\" src=\"data:image\/svg+xml;base64,PHN2ZyB3aWR0aD0iMSIgaGVpZ2h0PSIxIiB4bWxucz0iaHR0cDovL3d3dy53My5vcmcvMjAwMC9zdmciPjwvc3ZnPg==\" style=\"--smush-placeholder-width: 1220px; --smush-placeholder-aspect-ratio: 1220\/911;\" \/><\/figure><div class=\"wp-block-media-text__content\">\n<h2 class=\"wp-block-heading\">Pikknikk konsertserie<\/h2>\n\n\n\n<p>Konsertserien Pikknikk \u00e4r en av Nordens hus popul\u00e4raste evenemang och en \u00e5terkommande h\u00e4ndelse i husets kulturkalender. Konsertserien \u00e4ger rum i den vackra milj\u00f6n runt Nordens hus v\u00e4xthus p\u00e5 sommaren och lockar till sig b\u00e5de isl\u00e4ndska som utl\u00e4ndska musikentusiaster. Det \u00e4r gratis intr\u00e4de till alla konserter och v\u00e4ldigt popul\u00e4rt att sitta p\u00e5 gr\u00e4set utanf\u00f6r v\u00e4xthuset och ha det gott med f\u00f6rfriskningar medan musiken blir ett med naturen.<\/p>\n\n\n\n<div class=\"wp-block-buttons is-layout-flex wp-block-buttons-is-layout-flex\">\n<div class=\"wp-block-button is-style-outline is-style-outline--2\"><a class=\"wp-block-button__link no-border-radius\" href=\"https:\/\/nordichouse.is\/da\/event_tags\/pikknikkkonsertserie2021\/\">Se Picknick-konserter 2021<\/a><\/div>\n<\/div>\n<\/div><\/div>\n\n<div class=\"wp-block-media-text alignwide is-stacked-on-mobile\"><figure class=\"wp-block-media-text__media\"><img decoding=\"async\" width=\"1220\" height=\"813\" data-src=\"https:\/\/nordichouse.is\/wp-content\/uploads\/2021\/03\/nordichouse-julietterowland24-1220x813.jpg\" alt=\"\" class=\"wp-image-27835 size-full lazyload\" data-srcset=\"https:\/\/nordichouse.is\/wp-content\/uploads\/2021\/03\/nordichouse-julietterowland24-1220x813.jpg 1220w, https:\/\/nordichouse.is\/wp-content\/uploads\/2021\/03\/nordichouse-julietterowland24-640x427.jpg 640w, https:\/\/nordichouse.is\/wp-content\/uploads\/2021\/03\/nordichouse-julietterowland24-768x512.jpg 768w, https:\/\/nordichouse.is\/wp-content\/uploads\/2021\/03\/nordichouse-julietterowland24-1536x1024.jpg 1536w, https:\/\/nordichouse.is\/wp-content\/uploads\/2021\/03\/nordichouse-julietterowland24-2048x1365.jpg 2048w\" data-sizes=\"(max-width: 1220px) 100vw, 1220px\" src=\"data:image\/svg+xml;base64,PHN2ZyB3aWR0aD0iMSIgaGVpZ2h0PSIxIiB4bWxucz0iaHR0cDovL3d3dy53My5vcmcvMjAwMC9zdmciPjwvc3ZnPg==\" style=\"--smush-placeholder-width: 1220px; --smush-placeholder-aspect-ratio: 1220\/813;\" \/><\/figure><div class=\"wp-block-media-text__content\">\n<h2 class=\"wp-block-heading\">Nordens hus for b\u00f8rn<\/h2>\n\n\n\n<p>Nordens Hus er gennem \u00e5rene blevet kendt som et hyggligt sted for b\u00f8rnefamilier. B\u00f8rnebiblioteket er meget popul\u00e6rt og \u00e5ret rundt byder vi p\u00e5 diverse b\u00f8rnekulturbegivenheder. Vi l\u00e6gger v\u00e6gt p\u00e5 kvalitet, kreativitet og afslappet stemning.<\/p>\n\n\n\n<div class=\"wp-block-buttons is-layout-flex wp-block-buttons-is-layout-flex\">\n<div class=\"wp-block-button is-style-outline is-style-outline--3\"><a class=\"wp-block-button__link no-border-radius\" href=\"https:\/\/nordichouse.is\/da\/for-born\/\">Les m\u00e6re<\/a><\/div>\n<\/div>\n<\/div><\/div>\n\n<div class=\"wp-block-media-text alignwide has-media-on-the-right is-stacked-on-mobile\"><figure class=\"wp-block-media-text__media\"><img decoding=\"async\" width=\"1220\" height=\"744\" data-src=\"https:\/\/nordichouse.is\/wp-content\/uploads\/2020\/08\/nh_featuredimage3x-1220x744.jpg\" alt=\"\" class=\"wp-image-25288 size-full lazyload\" data-srcset=\"https:\/\/nordichouse.is\/wp-content\/uploads\/2020\/08\/nh_featuredimage3x-1220x744.jpg 1220w, https:\/\/nordichouse.is\/wp-content\/uploads\/2020\/08\/nh_featuredimage3x-640x390.jpg 640w, https:\/\/nordichouse.is\/wp-content\/uploads\/2020\/08\/nh_featuredimage3x-768x468.jpg 768w, https:\/\/nordichouse.is\/wp-content\/uploads\/2020\/08\/nh_featuredimage3x-1536x936.jpg 1536w, https:\/\/nordichouse.is\/wp-content\/uploads\/2020\/08\/nh_featuredimage3x-525x320.jpg 525w, https:\/\/nordichouse.is\/wp-content\/uploads\/2020\/08\/nh_featuredimage3x.jpg 1575w\" data-sizes=\"(max-width: 1220px) 100vw, 1220px\" src=\"data:image\/svg+xml;base64,PHN2ZyB3aWR0aD0iMSIgaGVpZ2h0PSIxIiB4bWxucz0iaHR0cDovL3d3dy53My5vcmcvMjAwMC9zdmciPjwvc3ZnPg==\" style=\"--smush-placeholder-width: 1220px; --smush-placeholder-aspect-ratio: 1220\/744;\" \/><\/figure><div class=\"wp-block-media-text__content\">\n<h2 class=\"wp-block-heading\">Forfatteraftener<\/h2>\n\n\n\n<p>Nordens Hus udg\u00f8r en central litter\u00e6r arena i Reykjavik. Nordens Hus har en lang tradition for at arrangere forfatterevents med aktuelle og sp\u00e6ndende nordiske forfattere i for\u00e5rs- og i efter\u00e5rsperioden. Det er vores m\u00e5l at invitere et s\u00e5 bredt spektrum af interessante og relevante forfattere, som fort\u00e6ller om sine b\u00f8ger og sit forfatterskab.<\/p>\n\n\n\n<div class=\"wp-block-buttons is-layout-flex wp-block-buttons-is-layout-flex\">\n<div class=\"wp-block-button is-style-outline is-style-outline--4\"><a class=\"wp-block-button__link no-border-radius\" href=\"https:\/\/nordichouse.is\/da\/hofundakvold\/\">L\u00e6s mere<\/a><\/div>\n<\/div>\n<\/div><\/div>\n\n<div class=\"wp-block-media-text alignwide is-stacked-on-mobile is-image-fill\"><figure class=\"wp-block-media-text__media lazyload\" style=\"background-image:inherit;background-position:50% 50%\" data-bg-image=\"url(https:\/\/nordichouse.is\/wp-content\/uploads\/2020\/12\/1250-1-1220x806.jpg)\"><img decoding=\"async\" width=\"1220\" height=\"806\" data-src=\"https:\/\/nordichouse.is\/wp-content\/uploads\/2020\/12\/1250-1-1220x806.jpg\" alt=\"\" class=\"wp-image-27139 size-full lazyload\" data-srcset=\"https:\/\/nordichouse.is\/wp-content\/uploads\/2020\/12\/1250-1-1220x806.jpg 1220w, https:\/\/nordichouse.is\/wp-content\/uploads\/2020\/12\/1250-1-640x423.jpg 640w, https:\/\/nordichouse.is\/wp-content\/uploads\/2020\/12\/1250-1-768x507.jpg 768w, https:\/\/nordichouse.is\/wp-content\/uploads\/2020\/12\/1250-1.jpg 1250w\" data-sizes=\"(max-width: 1220px) 100vw, 1220px\" src=\"data:image\/svg+xml;base64,PHN2ZyB3aWR0aD0iMSIgaGVpZ2h0PSIxIiB4bWxucz0iaHR0cDovL3d3dy53My5vcmcvMjAwMC9zdmciPjwvc3ZnPg==\" style=\"--smush-placeholder-width: 1220px; --smush-placeholder-aspect-ratio: 1220\/806;\" \/><\/figure><div class=\"wp-block-media-text__content\">\n<h2 class=\"wp-block-heading\">Nordens rikedomm<\/h2>\n\n\n\n<h4 class=\"wp-block-heading\">Det nordiske kulturprogrammet ingen venter p\u00e5<\/h4>\n\n\n\n<p>Au\u00f0ur og Arnbj\u00f6rg diskuterer aktuelle teamer og historiske begivenheter i et s\u00e6rlig islandskt nordisk universellt sammenheng, sammen med velvalgte relativt gode gjester. Fra Nordens hus i Reykjavik. Stort sett p\u00e5 Islandsk, uten undertitler.<\/p>\n\n\n\n<div class=\"wp-block-buttons is-layout-flex wp-block-buttons-is-layout-flex\">\n<div class=\"wp-block-button is-style-outline is-style-outline--5\"><a class=\"wp-block-button__link no-border-radius\" href=\"https:\/\/nordichouse.is\/da\/serier\/audur-nordursins-da\/\">Afspil<\/a><\/div>\n<\/div>\n<\/div><\/div>\n\n<div class=\"wp-block-media-text alignwide has-media-on-the-right is-stacked-on-mobile is-image-fill\"><figure class=\"wp-block-media-text__media lazyload\" style=\"background-image:inherit;background-position:50% 50%\" data-bg-image=\"url(https:\/\/nordichouse.is\/wp-content\/uploads\/2020\/03\/lestrahpur2000-1220x813.jpg)\"><img decoding=\"async\" width=\"1220\" height=\"813\" data-src=\"https:\/\/nordichouse.is\/wp-content\/uploads\/2020\/03\/lestrahpur2000-1220x813.jpg\" alt=\"\" class=\"wp-image-23294 size-full lazyload\" data-srcset=\"https:\/\/nordichouse.is\/wp-content\/uploads\/2020\/03\/lestrahpur2000-1220x813.jpg 1220w, https:\/\/nordichouse.is\/wp-content\/uploads\/2020\/03\/lestrahpur2000-640x427.jpg 640w, https:\/\/nordichouse.is\/wp-content\/uploads\/2020\/03\/lestrahpur2000-768x512.jpg 768w, https:\/\/nordichouse.is\/wp-content\/uploads\/2020\/03\/lestrahpur2000-1536x1024.jpg 1536w, https:\/\/nordichouse.is\/wp-content\/uploads\/2020\/03\/lestrahpur2000.jpg 2000w\" data-sizes=\"(max-width: 1220px) 100vw, 1220px\" src=\"data:image\/svg+xml;base64,PHN2ZyB3aWR0aD0iMSIgaGVpZ2h0PSIxIiB4bWxucz0iaHR0cDovL3d3dy53My5vcmcvMjAwMC9zdmciPjwvc3ZnPg==\" style=\"--smush-placeholder-width: 1220px; --smush-placeholder-aspect-ratio: 1220\/813;\" \/><\/figure><div class=\"wp-block-media-text__content\">\n<h2 class=\"wp-block-heading\">Nordens Hus\u2019 bogcirkel<\/h2>\n\n\n\n<p>Nordens Hus afholder en bogcirkel p\u00e5 Reykjav\u00edks smukkeste bibliotek, hvor vi taler om aktuel nordisk litteratur. B\u00f8gerne er tilg\u00e6ngelige hos Nordens hus bibliotek og kan bestilles og afhentes med bibliotekskort. Vi l\u00e6ser p\u00e5 skandinavisk og taler sammen om litteraturen p\u00e5 \u201dblandinavisk\u201d. Samtalen finder sted p\u00e5 biblioteket, og Nordens hus tilbyder kaffe og te.<\/p>\n\n\n\n<p>Deltagelse er gratis, men der er begr\u00e6nsede pladser og registrering er derfor n\u00f8dvendig.<\/p>\n\n\n\n<div class=\"wp-block-buttons is-layout-flex wp-block-buttons-is-layout-flex\">\n<div class=\"wp-block-button is-style-outline is-style-outline--6\"><a class=\"wp-block-button__link no-border-radius\" href=\"https:\/\/nordichouse.is\/da\/leshringur-norraena-hussins\/\">L\u00e6s mere<\/a><\/div>\n<\/div>\n<\/div><\/div>\n\n<p><\/p>\n","protected":false},"excerpt":{"rendered":"","protected":false},"author":6,"featured_media":0,"parent":0,"menu_order":0,"comment_status":"closed","ping_status":"closed","template":"","meta":{"_acf_changed":false,"footnotes":""},"class_list":["post-28100","page","type-page","status-publish","hentry","no-banner-image"],"acf":[],"_links":{"self":[{"href":"https:\/\/nordichouse.is\/da\/wp-json\/wp\/v2\/pages\/28100","targetHints":{"allow":["GET"]}}],"collection":[{"href":"https:\/\/nordichouse.is\/da\/wp-json\/wp\/v2\/pages"}],"about":[{"href":"https:\/\/nordichouse.is\/da\/wp-json\/wp\/v2\/types\/page"}],"author":[{"embeddable":true,"href":"https:\/\/nordichouse.is\/da\/wp-json\/wp\/v2\/users\/6"}],"replies":[{"embeddable":true,"href":"https:\/\/nordichouse.is\/da\/wp-json\/wp\/v2\/comments?post=28100"}],"version-history":[{"count":0,"href":"https:\/\/nordichouse.is\/da\/wp-json\/wp\/v2\/pages\/28100\/revisions"}],"wp:attachment":[{"href":"https:\/\/nordichouse.is\/da\/wp-json\/wp\/v2\/media?parent=28100"}],"curies":[{"name":"wp","href":"https:\/\/api.w.org\/{rel}","templated":true}]}}