{"id":27466,"date":"2021-01-15T13:53:33","date_gmt":"2021-01-15T13:53:33","guid":{"rendered":"https:\/\/nordichouse.is\/explore-the-nordic-house\/"},"modified":"2021-06-02T11:41:23","modified_gmt":"2021-06-02T11:41:23","slug":"explore-the-nordic-house","status":"publish","type":"page","link":"https:\/\/nordichouse.is\/da\/explore-the-nordic-house\/","title":{"rendered":"Oplev Nordens Hus"},"content":{"rendered":"\n<p>International m\u00f8dested for nordisk samtidskunst og kultur.<\/p>\n\n<div class=\"wp-block-media-text alignwide is-stacked-on-mobile\"><figure class=\"wp-block-media-text__media\"><img decoding=\"async\" width=\"640\" height=\"427\" data-src=\"https:\/\/nordichouse.is\/wp-content\/uploads\/2020\/10\/underneathopeningexhibition-julietterowland20-640x427.jpg\" alt=\"\" class=\"wp-image-26109 size-medium lazyload\" data-srcset=\"https:\/\/nordichouse.is\/wp-content\/uploads\/2020\/10\/underneathopeningexhibition-julietterowland20-640x427.jpg 640w, https:\/\/nordichouse.is\/wp-content\/uploads\/2020\/10\/underneathopeningexhibition-julietterowland20-1220x813.jpg 1220w, https:\/\/nordichouse.is\/wp-content\/uploads\/2020\/10\/underneathopeningexhibition-julietterowland20-768x512.jpg 768w, https:\/\/nordichouse.is\/wp-content\/uploads\/2020\/10\/underneathopeningexhibition-julietterowland20-1536x1024.jpg 1536w, https:\/\/nordichouse.is\/wp-content\/uploads\/2020\/10\/underneathopeningexhibition-julietterowland20-2048x1365.jpg 2048w\" data-sizes=\"(max-width: 640px) 100vw, 640px\" src=\"data:image\/svg+xml;base64,PHN2ZyB3aWR0aD0iMSIgaGVpZ2h0PSIxIiB4bWxucz0iaHR0cDovL3d3dy53My5vcmcvMjAwMC9zdmciPjwvc3ZnPg==\" style=\"--smush-placeholder-width: 640px; --smush-placeholder-aspect-ratio: 640\/427;\" \/><\/figure><div class=\"wp-block-media-text__content\">\n<h2 class=\"wp-block-heading\">Hvelfing<\/h2>\n\n\n\n<p>Vi kallar utst\u00e4llningshallen f\u00f6r\u00a0Hvelfing. Valvet fungerar som fundament f\u00f6r salen och i valvet f\u00f6rvarar man sina v\u00e4rdefullaste ting. I denna utst\u00e4llningshall vill vi l\u00e5ta konsten ta del av en nordisk samh\u00e4llelig diskurs.<\/p>\n\n\n\n<div class=\"wp-block-buttons is-layout-flex wp-block-buttons-is-layout-flex\">\n<div class=\"wp-block-button is-style-outline is-style-outline--1\"><a class=\"wp-block-button__link no-border-radius\" href=\"https:\/\/nordichouse.is\/da\/om-huset\/hvelfing\/\">L\u00e6s mere<\/a><\/div>\n<\/div>\n<\/div><\/div>\n\n<div class=\"wp-block-media-text alignwide has-media-on-the-right is-stacked-on-mobile\"><figure class=\"wp-block-media-text__media\"><img decoding=\"async\" width=\"4252\" height=\"2835\" data-src=\"https:\/\/nordichouse.is\/wp-content\/uploads\/2016\/06\/MG_5404.jpg\" alt=\"\" class=\"wp-image-6695 size-full lazyload\" src=\"data:image\/svg+xml;base64,PHN2ZyB3aWR0aD0iMSIgaGVpZ2h0PSIxIiB4bWxucz0iaHR0cDovL3d3dy53My5vcmcvMjAwMC9zdmciPjwvc3ZnPg==\" style=\"--smush-placeholder-width: 4252px; --smush-placeholder-aspect-ratio: 4252\/2835;\" \/><\/figure><div class=\"wp-block-media-text__content\">\n<h2 class=\"wp-block-heading\">Biblioteket<\/h2>\n\n\n\n<p>Biblioteket i Nordens Hus er offentligt og \u00e5bent for alle. Bibliotekets s\u00e6rkende er at her udelukkende findes litteratur af nordiske forfattere p\u00e5 de nordiske sprog, dog ikke islandsk bortset fra overs\u00e6ttelser til et af de \u00f8vrige nordiske sprog.<\/p>\n\n\n\n<div class=\"wp-block-buttons is-layout-flex wp-block-buttons-is-layout-flex\">\n<div class=\"wp-block-button is-style-outline is-style-outline--2\"><a class=\"wp-block-button__link no-border-radius\" href=\"https:\/\/nordichouse.is\/da\/bokasafn\/\">L\u00e6s mere<\/a><\/div>\n<\/div>\n<\/div><\/div>\n\n<div class=\"wp-block-media-text alignwide is-stacked-on-mobile\"><figure class=\"wp-block-media-text__media\"><img decoding=\"async\" width=\"640\" height=\"421\" data-src=\"https:\/\/nordichouse.is\/wp-content\/uploads\/2015\/05\/z9a3746l-640x421.jpg\" alt=\"B\u00f8rnegrotten i Nordens hus\" class=\"wp-image-10880 size-medium lazyload\" data-srcset=\"https:\/\/nordichouse.is\/wp-content\/uploads\/2015\/05\/z9a3746l-640x421.jpg 640w, https:\/\/nordichouse.is\/wp-content\/uploads\/2015\/05\/z9a3746l-768x505.jpg 768w, https:\/\/nordichouse.is\/wp-content\/uploads\/2015\/05\/z9a3746l-1220x802.jpg 1220w, https:\/\/nordichouse.is\/wp-content\/uploads\/2015\/05\/z9a3746l.jpg 1500w\" data-sizes=\"(max-width: 640px) 100vw, 640px\" src=\"data:image\/svg+xml;base64,PHN2ZyB3aWR0aD0iMSIgaGVpZ2h0PSIxIiB4bWxucz0iaHR0cDovL3d3dy53My5vcmcvMjAwMC9zdmciPjwvc3ZnPg==\" style=\"--smush-placeholder-width: 640px; --smush-placeholder-aspect-ratio: 640\/421;\" \/><\/figure><div class=\"wp-block-media-text__content\">\n<h2 class=\"wp-block-heading\">B\u00f8rnegrotten<\/h2>\n\n\n\n<p>I b\u00f8rnegrotten er sk\u00f8n- og faglitteratur for b\u00f8rn p\u00e5 alle 7 nordiske sprog. Om vinteren er her eventyrtimer for b\u00f8rn p\u00e5 dansk, finsk, norsk og svensk. B\u00f8rnehaver, skoler og andre grupper kan bestille bes\u00f8g og rundvisning i Nordens Hus og biblioteket.<\/p>\n<\/div><\/div>\n\n<div class=\"wp-block-media-text alignwide has-media-on-the-right is-stacked-on-mobile\"><figure class=\"wp-block-media-text__media\"><img decoding=\"async\" width=\"640\" height=\"426\" data-src=\"https:\/\/nordichouse.is\/wp-content\/uploads\/2020\/06\/1250mm-640x426.jpg\" alt=\"Mennesker p\u00e5 Artotek\" class=\"wp-image-24889 size-medium lazyload\" data-srcset=\"https:\/\/nordichouse.is\/wp-content\/uploads\/2020\/06\/1250mm-640x426.jpg 640w, https:\/\/nordichouse.is\/wp-content\/uploads\/2020\/06\/1250mm-1220x813.jpg 1220w, https:\/\/nordichouse.is\/wp-content\/uploads\/2020\/06\/1250mm-768x512.jpg 768w, https:\/\/nordichouse.is\/wp-content\/uploads\/2020\/06\/1250mm.jpg 1250w\" data-sizes=\"(max-width: 640px) 100vw, 640px\" src=\"data:image\/svg+xml;base64,PHN2ZyB3aWR0aD0iMSIgaGVpZ2h0PSIxIiB4bWxucz0iaHR0cDovL3d3dy53My5vcmcvMjAwMC9zdmciPjwvc3ZnPg==\" style=\"--smush-placeholder-width: 640px; --smush-placeholder-aspect-ratio: 640\/426;\" \/><\/figure><div class=\"wp-block-media-text__content\">\n<h2 class=\"wp-block-heading\">Artotek<\/h2>\n\n\n\n<p>Biblioteket i Nordens Hus r\u00e5der over en imponerende kunstsamling af nordiske grafikere. Mod fremvisning af bibliotekets l\u00e5nerkort kan alle l\u00e5ne op til tre grafiske v\u00e6rker i tre m\u00e5neder ad gangen.<\/p>\n\n\n\n<div class=\"wp-block-buttons is-layout-flex wp-block-buttons-is-layout-flex\">\n<div class=\"wp-block-button is-style-outline is-style-outline--3\"><a class=\"wp-block-button__link no-border-radius\" href=\"https:\/\/nordichouse.is\/da\/artotek\/\">L\u00e6s mere<\/a><\/div>\n<\/div>\n<\/div><\/div>\n\n<div class=\"wp-block-media-text alignwide is-stacked-on-mobile\"><figure class=\"wp-block-media-text__media\"><img decoding=\"async\" width=\"1220\" height=\"813\" data-src=\"https:\/\/nordichouse.is\/wp-content\/uploads\/2021\/03\/nordichouse-julietterowland24-1220x813.jpg\" alt=\"\" class=\"wp-image-27835 size-full lazyload\" data-srcset=\"https:\/\/nordichouse.is\/wp-content\/uploads\/2021\/03\/nordichouse-julietterowland24-1220x813.jpg 1220w, https:\/\/nordichouse.is\/wp-content\/uploads\/2021\/03\/nordichouse-julietterowland24-640x427.jpg 640w, https:\/\/nordichouse.is\/wp-content\/uploads\/2021\/03\/nordichouse-julietterowland24-768x512.jpg 768w, https:\/\/nordichouse.is\/wp-content\/uploads\/2021\/03\/nordichouse-julietterowland24-1536x1024.jpg 1536w, https:\/\/nordichouse.is\/wp-content\/uploads\/2021\/03\/nordichouse-julietterowland24-2048x1365.jpg 2048w\" data-sizes=\"(max-width: 1220px) 100vw, 1220px\" src=\"data:image\/svg+xml;base64,PHN2ZyB3aWR0aD0iMSIgaGVpZ2h0PSIxIiB4bWxucz0iaHR0cDovL3d3dy53My5vcmcvMjAwMC9zdmciPjwvc3ZnPg==\" style=\"--smush-placeholder-width: 1220px; --smush-placeholder-aspect-ratio: 1220\/813;\" \/><\/figure><div class=\"wp-block-media-text__content\">\n<h2 class=\"wp-block-heading\">Nordens hus for b\u00f8rn<\/h2>\n\n\n\n<p>Nordens Hus er gennem \u00e5rene blevet kendt som et hyggligt sted for b\u00f8rnefamilier. B\u00f8rnebiblioteket er meget popul\u00e6rt og \u00e5ret rundt byder vi p\u00e5 diverse b\u00f8rnekulturbegivenheder. Vi l\u00e6gger v\u00e6gt p\u00e5 kvalitet, kreativitet og afslappet stemning.<\/p>\n\n\n\n<div class=\"wp-block-buttons is-layout-flex wp-block-buttons-is-layout-flex\">\n<div class=\"wp-block-button is-style-outline is-style-outline--4\"><a class=\"wp-block-button__link no-border-radius\" href=\"https:\/\/nordichouse.is\/da\/for-born\/\">Les m\u00e6re<\/a><\/div>\n<\/div>\n<\/div><\/div>\n\n<div class=\"wp-block-media-text alignwide has-media-on-the-right is-stacked-on-mobile\"><figure class=\"wp-block-media-text__media\"><img decoding=\"async\" width=\"480\" height=\"640\" data-src=\"https:\/\/nordichouse.is\/wp-content\/uploads\/2021\/05\/sono02-480x640.jpg\" alt=\"Vegetarisk sk\u00e5l fra Sono\" class=\"wp-image-29468 size-medium lazyload\" data-srcset=\"https:\/\/nordichouse.is\/wp-content\/uploads\/2021\/05\/sono02-480x640.jpg 480w, https:\/\/nordichouse.is\/wp-content\/uploads\/2021\/05\/sono02.jpg 720w\" data-sizes=\"(max-width: 480px) 100vw, 480px\" src=\"data:image\/svg+xml;base64,PHN2ZyB3aWR0aD0iMSIgaGVpZ2h0PSIxIiB4bWxucz0iaHR0cDovL3d3dy53My5vcmcvMjAwMC9zdmciPjwvc3ZnPg==\" style=\"--smush-placeholder-width: 480px; --smush-placeholder-aspect-ratio: 480\/640;\" \/><\/figure><div class=\"wp-block-media-text__content\">\n<h2 class=\"wp-block-heading\">Sono restaurant<\/h2>\n\n\n\n<p>En vegetarisk restaurant og catering service, som bev\u00e6ger sig med \u00e5rstiderne. Sono bruger urter og krydderier fra lokalomr\u00e5det med en blanding af mellem\u00f8stlige krydderier.<\/p>\n\n\n\n<div class=\"wp-block-buttons is-layout-flex wp-block-buttons-is-layout-flex\">\n<div class=\"wp-block-button is-style-outline is-style-outline--5\"><a class=\"wp-block-button__link no-border-radius\" href=\"https:\/\/nordichouse.is\/da\/sono-matseljur\/\" target=\"_blank\" rel=\"noreferrer noopener\">L\u00e6s mere<\/a><\/div>\n<\/div>\n<\/div><\/div>\n\n<div class=\"wp-block-media-text alignwide is-stacked-on-mobile\"><figure class=\"wp-block-media-text__media\"><img decoding=\"async\" width=\"640\" height=\"426\" data-src=\"https:\/\/nordichouse.is\/wp-content\/uploads\/2015\/05\/fri\u00f0landi\u00f0-640x426.jpg\" alt=\"\" class=\"wp-image-5755 size-medium lazyload\" data-srcset=\"https:\/\/nordichouse.is\/wp-content\/uploads\/2015\/05\/fri\u00f0landi\u00f0-640x426.jpg 640w, https:\/\/nordichouse.is\/wp-content\/uploads\/2015\/05\/fri\u00f0landi\u00f0-768x512.jpg 768w, https:\/\/nordichouse.is\/wp-content\/uploads\/2015\/05\/fri\u00f0landi\u00f0.jpg 1220w\" data-sizes=\"(max-width: 640px) 100vw, 640px\" src=\"data:image\/svg+xml;base64,PHN2ZyB3aWR0aD0iMSIgaGVpZ2h0PSIxIiB4bWxucz0iaHR0cDovL3d3dy53My5vcmcvMjAwMC9zdmciPjwvc3ZnPg==\" style=\"--smush-placeholder-width: 640px; --smush-placeholder-aspect-ratio: 640\/426;\" \/><\/figure><div class=\"wp-block-media-text__content\">\n<h2 class=\"wp-block-heading\">Det fredede omr\u00e5de i Vatnsmyrin<\/h2>\n\n\n\n<p>Det fredede omr\u00e5de i Vatnsmyrin er en naturperle. Her er der chance for at f\u00f8lge med og opleve fuglene i deres naturlige omgivelser og mulighed for at nyde vild vegetation midt i Reykjavik. Islands Universitet, Nordens Hus og Reykjavik by arbejder sammen for at istands\u00e6tte Vatnsmyrin.<\/p>\n\n\n\n<div class=\"wp-block-buttons is-layout-flex wp-block-buttons-is-layout-flex\">\n<div class=\"wp-block-button is-style-outline is-style-outline--6\"><a class=\"wp-block-button__link no-border-radius\" href=\"https:\/\/nordichouse.is\/da\/fridlandid-i-vatnsmyrinni\/\">L\u00e6s mere<\/a><\/div>\n<\/div>\n<\/div><\/div>\n\n<div class=\"wp-block-group alignwide\"><div class=\"wp-block-group__inner-container is-layout-flow wp-block-group-is-layout-flow\">\n<h2 class=\"wp-block-heading\">Bestill bes\u00f8k i Nordens hus<\/h2>\n\n\n\n<p>Vi byder grupper velkommen til at bes\u00f8ge efter aftale. Bes\u00f8g i skole- og b\u00f8rnehavegrupper er gratis.\r\n<\/p>\n\n\n\n<div class=\"wp-block-buttons is-layout-flex wp-block-buttons-is-layout-flex\">\n<div class=\"wp-block-button is-style-outline is-style-outline--7\"><a class=\"wp-block-button__link no-border-radius\" href=\"https:\/\/nordichouse.is\/da\/besok\/\">L\u00e6s mere<\/a><\/div>\n\n\n\n<div class=\"wp-block-button is-style-outline is-style-outline--8\"><a class=\"wp-block-button__link no-border-radius\" href=\"https:\/\/nordichouse.is\/da\/bookings\/bestill-besoek\/\">Bestill bes\u00f8k<\/a><\/div>\n<\/div>\n<\/div><\/div>\n\n<p><\/p>\n","protected":false},"excerpt":{"rendered":"<p>International m\u00f8dested for nordisk samtidskunst og kultur.<\/p>\n","protected":false},"author":6,"featured_media":0,"parent":0,"menu_order":0,"comment_status":"closed","ping_status":"closed","template":"","meta":{"_acf_changed":false,"footnotes":""},"class_list":["post-27466","page","type-page","status-publish","hentry","no-banner-image"],"acf":[],"_links":{"self":[{"href":"https:\/\/nordichouse.is\/da\/wp-json\/wp\/v2\/pages\/27466","targetHints":{"allow":["GET"]}}],"collection":[{"href":"https:\/\/nordichouse.is\/da\/wp-json\/wp\/v2\/pages"}],"about":[{"href":"https:\/\/nordichouse.is\/da\/wp-json\/wp\/v2\/types\/page"}],"author":[{"embeddable":true,"href":"https:\/\/nordichouse.is\/da\/wp-json\/wp\/v2\/users\/6"}],"replies":[{"embeddable":true,"href":"https:\/\/nordichouse.is\/da\/wp-json\/wp\/v2\/comments?post=27466"}],"version-history":[{"count":0,"href":"https:\/\/nordichouse.is\/da\/wp-json\/wp\/v2\/pages\/27466\/revisions"}],"wp:attachment":[{"href":"https:\/\/nordichouse.is\/da\/wp-json\/wp\/v2\/media?parent=27466"}],"curies":[{"name":"wp","href":"https:\/\/api.w.org\/{rel}","templated":true}]}}