{"id":26206,"date":"2020-10-19T10:42:54","date_gmt":"2020-10-19T10:42:54","guid":{"rendered":"https:\/\/nordichouse.is\/nordic-artists-as-sustainability-agents-a-discussion-on-the-occasion-of-the-nordic-council-prizes-for-culture-and-environment-2020\/"},"modified":"2020-11-04T22:52:04","modified_gmt":"2020-11-04T22:52:04","slug":"nordic-artists-as-sustainability-agents","status":"publish","type":"page","link":"https:\/\/nordichouse.is\/da\/nordic-artists-as-sustainability-agents\/","title":{"rendered":"Nordiske Artister som B\u00e6rekraftige Agenter &#8211; en diskusjon i anledning Nordisk R\u00e5ds priser for kultur og milj\u00f8 2020"},"content":{"rendered":"","protected":false},"excerpt":{"rendered":"","protected":false},"author":26,"featured_media":26226,"parent":0,"menu_order":0,"comment_status":"closed","ping_status":"closed","template":"","meta":{"_acf_changed":false,"footnotes":""},"class_list":["post-26206","page","type-page","status-publish","has-post-thumbnail","hentry","no-banner-image"],"acf":[],"_links":{"self":[{"href":"https:\/\/nordichouse.is\/da\/wp-json\/wp\/v2\/pages\/26206","targetHints":{"allow":["GET"]}}],"collection":[{"href":"https:\/\/nordichouse.is\/da\/wp-json\/wp\/v2\/pages"}],"about":[{"href":"https:\/\/nordichouse.is\/da\/wp-json\/wp\/v2\/types\/page"}],"author":[{"embeddable":true,"href":"https:\/\/nordichouse.is\/da\/wp-json\/wp\/v2\/users\/26"}],"replies":[{"embeddable":true,"href":"https:\/\/nordichouse.is\/da\/wp-json\/wp\/v2\/comments?post=26206"}],"version-history":[{"count":0,"href":"https:\/\/nordichouse.is\/da\/wp-json\/wp\/v2\/pages\/26206\/revisions"}],"wp:featuredmedia":[{"embeddable":true,"href":"https:\/\/nordichouse.is\/da\/wp-json\/wp\/v2\/media\/26226"}],"wp:attachment":[{"href":"https:\/\/nordichouse.is\/da\/wp-json\/wp\/v2\/media?parent=26206"}],"curies":[{"name":"wp","href":"https:\/\/api.w.org\/{rel}","templated":true}]}}