{"id":25771,"date":"2020-09-18T19:13:21","date_gmt":"2020-09-18T19:13:21","guid":{"rendered":"https:\/\/nordichouse.is\/leshringur-norraena-hussins\/"},"modified":"2021-02-09T13:19:00","modified_gmt":"2021-02-09T13:19:00","slug":"leshringur-norraena-hussins","status":"publish","type":"page","link":"https:\/\/nordichouse.is\/da\/leshringur-norraena-hussins\/","title":{"rendered":"Nordens Hus\u2019 bogcirkel"},"content":{"rendered":"<p>Er du nysgerrig efter nordisk litteratur, men ved ikke, hvor du skal starte?<\/p>\n<p><b>Nordens Hus afholder en bogcirkel p\u00e5 Reykjav\u00edks smukkeste bibliotek, hvor vi taler om aktuel nordisk litteratur. Bogkredsen ledes af Sunna D\u00eds M\u00e1sd\u00f3ttir, litteraturkritiker og medlem af det islandske prisudvalg for Nordisk R\u00e5ds litteraturpris.<\/b><\/p>\n<p><b>Dette for\u00e5r<\/b>\u00a0l\u00e6ses der blandt andet: Monika Fagerholms \u201cHvem d\u00f6dade bambi\u201d, Niviaq Korneliussens \u201cBlomsterdalen\u201d og Yayha Hassans digtsamling YAYHA HASSAN 2.<\/p>\n<p><b>Vi l\u00e6ser p\u00e5 skandinavisk<\/b>\u00a0og taler sammen om litteraturen p\u00e5 \u201dblandinavisk\u201d. Samtalen finder sted p\u00e5 biblioteket, og Nordens hus tilbyder kaffe og te.<\/p>\n<p><b>B\u00f8gerne<\/b>\u00a0er tilg\u00e6ngelige hos Nordens hus bibliotek og kan bestilles og afhentes med bibliotekskort. Har du ikke et bibliotekskort? Ingen fare, det er inkluderet for medlemmer af denne bogen cirkel!<\/p>\n<p>Deltagelse er gratis, men der er begr\u00e6nsede pladser og registrering er derfor n\u00f8dvendig. V\u00e6r opm\u00e6rksom p\u00e5, at man tilmelder sig hele s\u00e6sonens fire bogkredse. Efter\u00e5rets bogkreds er desv\u00e6rre fyldt,\u00a0<b>men er du interesseret i at deltage i en kommende bogcirkel send da en mail til\u00a0<\/b><a href=\"mailto:bibliotek@nordichouse.is\"><b>bibliotek@nordichouse.is<\/b><\/a><b>.<\/b><\/p>\n<p><b>Tilmelding er fuld<\/b><\/p>\n","protected":false},"excerpt":{"rendered":"<p>Er du nysgerrig efter nordisk litteratur, men ved ikke, hvor du skal starte? Nordens Hus afholder en bogcirkel p\u00e5 Reykjav\u00edks smukkeste bibliotek, hvor vi taler om aktuel nordisk litteratur. Bogkredsen ledes af Sunna D\u00eds M\u00e1sd\u00f3ttir, litteraturkritiker og medlem af det islandske prisudvalg for Nordisk R\u00e5ds litteraturpris. Dette for\u00e5r\u00a0l\u00e6ses der blandt andet: Monika Fagerholms \u201cHvem d\u00f6dade [&hellip;]<\/p>\n","protected":false},"author":26,"featured_media":0,"parent":0,"menu_order":0,"comment_status":"closed","ping_status":"closed","template":"","meta":{"_acf_changed":false,"footnotes":""},"class_list":["post-25771","page","type-page","status-publish","hentry","no-banner-image"],"acf":[],"_links":{"self":[{"href":"https:\/\/nordichouse.is\/da\/wp-json\/wp\/v2\/pages\/25771","targetHints":{"allow":["GET"]}}],"collection":[{"href":"https:\/\/nordichouse.is\/da\/wp-json\/wp\/v2\/pages"}],"about":[{"href":"https:\/\/nordichouse.is\/da\/wp-json\/wp\/v2\/types\/page"}],"author":[{"embeddable":true,"href":"https:\/\/nordichouse.is\/da\/wp-json\/wp\/v2\/users\/26"}],"replies":[{"embeddable":true,"href":"https:\/\/nordichouse.is\/da\/wp-json\/wp\/v2\/comments?post=25771"}],"version-history":[{"count":0,"href":"https:\/\/nordichouse.is\/da\/wp-json\/wp\/v2\/pages\/25771\/revisions"}],"wp:attachment":[{"href":"https:\/\/nordichouse.is\/da\/wp-json\/wp\/v2\/media?parent=25771"}],"curies":[{"name":"wp","href":"https:\/\/api.w.org\/{rel}","templated":true}]}}