{"id":24679,"date":"2020-05-28T23:25:53","date_gmt":"2020-05-28T23:25:53","guid":{"rendered":"https:\/\/nordichouse.is\/pikknikk-tonleikar\/"},"modified":"2020-07-01T11:40:25","modified_gmt":"2020-07-01T11:40:25","slug":"pikknikk-tonleikar","status":"publish","type":"page","link":"https:\/\/nordichouse.is\/da\/pikknikk-tonleikar\/","title":{"rendered":"Picnic-koncerter"},"content":{"rendered":"<p>Nordens Hus sl\u00e5r glasd\u00f8rene op og inviterer til koncerter under den lysende islandske himmel hver s\u00f8ndag eftermiddag fra 5 juli til 9 august kl. 15 i vores smukke drivhus. Vi pr\u00e6senterer islandske kunstnere med musik som b\u00e5de lader sig inspirere af traditioner og eksperimenterer med de nyeste genrer og tendenser. Alle koncerterne er gratis.<\/p>\n<p>Kaffe, kager, mad og drykke kan k\u00f8bes i <a href=\"https:\/\/nordichouse.is\/da\/matr\/\">MATR<\/a> cafe.<\/p>\n","protected":false},"excerpt":{"rendered":"<p>Nordens Hus sl\u00e5r glasd\u00f8rene op og inviterer til koncerter under den lysende islandske himmel hver s\u00f8ndag eftermiddag fra 5 juli til 9 august kl. 15 i vores smukke drivhus. Vi pr\u00e6senterer islandske kunstnere med musik som b\u00e5de lader sig inspirere af traditioner og eksperimenterer med de nyeste genrer og tendenser. Alle koncerterne er gratis. Kaffe, [&hellip;]<\/p>\n","protected":false},"author":26,"featured_media":25171,"parent":0,"menu_order":0,"comment_status":"closed","ping_status":"closed","template":"","meta":{"_acf_changed":false,"footnotes":""},"class_list":["post-24679","page","type-page","status-publish","has-post-thumbnail","hentry","no-banner-image"],"acf":[],"_links":{"self":[{"href":"https:\/\/nordichouse.is\/da\/wp-json\/wp\/v2\/pages\/24679","targetHints":{"allow":["GET"]}}],"collection":[{"href":"https:\/\/nordichouse.is\/da\/wp-json\/wp\/v2\/pages"}],"about":[{"href":"https:\/\/nordichouse.is\/da\/wp-json\/wp\/v2\/types\/page"}],"author":[{"embeddable":true,"href":"https:\/\/nordichouse.is\/da\/wp-json\/wp\/v2\/users\/26"}],"replies":[{"embeddable":true,"href":"https:\/\/nordichouse.is\/da\/wp-json\/wp\/v2\/comments?post=24679"}],"version-history":[{"count":0,"href":"https:\/\/nordichouse.is\/da\/wp-json\/wp\/v2\/pages\/24679\/revisions"}],"wp:featuredmedia":[{"embeddable":true,"href":"https:\/\/nordichouse.is\/da\/wp-json\/wp\/v2\/media\/25171"}],"wp:attachment":[{"href":"https:\/\/nordichouse.is\/da\/wp-json\/wp\/v2\/media?parent=24679"}],"curies":[{"name":"wp","href":"https:\/\/api.w.org\/{rel}","templated":true}]}}