{"id":23656,"date":"2020-03-25T12:47:36","date_gmt":"2020-03-25T12:47:36","guid":{"rendered":"https:\/\/nordichouse.is\/?page_id=23656"},"modified":"2020-05-15T11:40:18","modified_gmt":"2020-05-15T11:40:18","slug":"bibliotikarenes-rekommendationer","status":"publish","type":"page","link":"https:\/\/nordichouse.is\/da\/bibliotikarenes-rekommendationer\/","title":{"rendered":"Biblioteket anbefaler"},"content":{"rendered":"<div>I disse tider, er der ikke noget bedre end at kunne forsvinde ned i en god bog. P\u00e5 Nordens Hus\u2019 bibliotek har vi et stort udvalg af nordiske b\u00f8ger, dvd og magasiner i alle mulige emner og genre, s\u00e5 hvor skal man starte? Her vil Nordens Hus\u2019 bibliotikarer komme med tips, anbefalinger og ideer som kan inspirere til nyt og sp\u00e6ndende l\u00e6sestof. M\u00e5ske kan de hj\u00e6lpe med at finde din n\u00e6ste yndlingsbog?<\/div>\n<div><\/div>\n","protected":false},"excerpt":{"rendered":"<p>I disse tider, er der ikke noget bedre end at kunne forsvinde ned i en god bog. P\u00e5 Nordens Hus\u2019 bibliotek har vi et stort udvalg af nordiske b\u00f8ger, dvd og magasiner i alle mulige emner og genre, s\u00e5 hvor skal man starte? Her vil Nordens Hus\u2019 bibliotikarer komme med tips, anbefalinger og ideer som [&hellip;]<\/p>\n","protected":false},"author":26,"featured_media":23731,"parent":0,"menu_order":0,"comment_status":"closed","ping_status":"closed","template":"","meta":{"_acf_changed":false,"footnotes":""},"class_list":["post-23656","page","type-page","status-publish","has-post-thumbnail","hentry","no-banner-image"],"acf":[],"_links":{"self":[{"href":"https:\/\/nordichouse.is\/da\/wp-json\/wp\/v2\/pages\/23656","targetHints":{"allow":["GET"]}}],"collection":[{"href":"https:\/\/nordichouse.is\/da\/wp-json\/wp\/v2\/pages"}],"about":[{"href":"https:\/\/nordichouse.is\/da\/wp-json\/wp\/v2\/types\/page"}],"author":[{"embeddable":true,"href":"https:\/\/nordichouse.is\/da\/wp-json\/wp\/v2\/users\/26"}],"replies":[{"embeddable":true,"href":"https:\/\/nordichouse.is\/da\/wp-json\/wp\/v2\/comments?post=23656"}],"version-history":[{"count":0,"href":"https:\/\/nordichouse.is\/da\/wp-json\/wp\/v2\/pages\/23656\/revisions"}],"wp:featuredmedia":[{"embeddable":true,"href":"https:\/\/nordichouse.is\/da\/wp-json\/wp\/v2\/media\/23731"}],"wp:attachment":[{"href":"https:\/\/nordichouse.is\/da\/wp-json\/wp\/v2\/media?parent=23656"}],"curies":[{"name":"wp","href":"https:\/\/api.w.org\/{rel}","templated":true}]}}