{"id":20876,"date":"2019-04-05T11:01:00","date_gmt":"2019-04-05T11:01:00","guid":{"rendered":"https:\/\/nordichouse.is\/heimsoknir\/"},"modified":"2025-01-14T11:10:13","modified_gmt":"2025-01-14T11:10:13","slug":"boern-og-unge","status":"publish","type":"page","link":"https:\/\/nordichouse.is\/da\/boern-og-unge\/","title":{"rendered":"B\u00f8rn og unge"},"content":{"rendered":"\n<p class=\"has-medium-font-size\">Vi byder grupper velkommen til at bes\u00f8ge efter aftale. Bes\u00f8g i skole- og b\u00f8rnehavegrupper er gratis.<\/p>\n\n\n\n<p class=\"has-medium-font-size\">Mere informatino fra Nordens hus konst- och kulturf\u00f6rmedlare:\nHrafnhildur Gissurard\u00f3ttir \/ <a href=\"mailto:hrafnhildur@nordichouse.is\">hrafnhildur@nordichouse.is<\/a> \/ <a href=\"tel:+3545517061\">551 7061<\/a>.<\/p>\n\n\n\n<div class=\"wp-block-buttons is-layout-flex wp-block-buttons-is-layout-flex\">\n<div class=\"wp-block-button is-style-outline is-style-outline--1\"><a class=\"wp-block-button__link no-border-radius wp-element-button\" href=\"https:\/\/nordichouse.is\/da\/bookings\/bestill-besoek\/\">Bestil Bes\u00f8k<\/a><\/div>\n\n\n\n<div class=\"wp-block-button is-style-outline is-style-outline--2\"><a class=\"wp-block-button__link no-border-radius wp-element-button\" href=\"https:\/\/nordichouse.is\/wp-content\/uploads\/2025\/01\/NorraenaHusid-Kort_TILBUID.pdf\">Se karta \u00f6ver Nordens Hus<\/a><\/div>\n<\/div>\n\n\n\n<div class=\"wp-block-media-text alignwide is-stacked-on-mobile\" style=\"grid-template-columns:30% auto\"><figure class=\"wp-block-media-text__media\"><img decoding=\"async\" width=\"863\" height=\"1220\" data-src=\"https:\/\/nordichouse.is\/wp-content\/uploads\/2024\/10\/BARNASTARF_HAUSTVETUR_TILBUID_2024-863x1220.jpg\" alt=\"\" class=\"wp-image-59450 size-medium lazyload\" data-srcset=\"https:\/\/nordichouse.is\/wp-content\/uploads\/2024\/10\/BARNASTARF_HAUSTVETUR_TILBUID_2024-863x1220.jpg 863w, https:\/\/nordichouse.is\/wp-content\/uploads\/2024\/10\/BARNASTARF_HAUSTVETUR_TILBUID_2024-452x640.jpg 452w, https:\/\/nordichouse.is\/wp-content\/uploads\/2024\/10\/BARNASTARF_HAUSTVETUR_TILBUID_2024-768x1086.jpg 768w, https:\/\/nordichouse.is\/wp-content\/uploads\/2024\/10\/BARNASTARF_HAUSTVETUR_TILBUID_2024-1086x1536.jpg 1086w, https:\/\/nordichouse.is\/wp-content\/uploads\/2024\/10\/BARNASTARF_HAUSTVETUR_TILBUID_2024.jpg 1414w\" data-sizes=\"(max-width: 863px) 100vw, 863px\" src=\"data:image\/svg+xml;base64,PHN2ZyB3aWR0aD0iMSIgaGVpZ2h0PSIxIiB4bWxucz0iaHR0cDovL3d3dy53My5vcmcvMjAwMC9zdmciPjwvc3ZnPg==\" style=\"--smush-placeholder-width: 863px; --smush-placeholder-aspect-ratio: 863\/1220;\" \/><\/figure><div class=\"wp-block-media-text__content\">\n<h2 class=\"wp-block-heading\">Brochure om b\u00f8rne- og ungdomsprogrammer (Islandsk og Engelsk)<\/h2>\n\n\n\n<p>V\u00e5r och sommar 2023<\/p>\n\n\n\n<div class=\"wp-block-buttons is-layout-flex wp-block-buttons-is-layout-flex\">\n<div class=\"wp-block-button is-style-outline is-style-outline--3\"><a class=\"wp-block-button__link no-border-radius wp-element-button\" href=\"https:\/\/nordichouse.is\/wp-content\/uploads\/2024\/10\/BARNASTARF_HAUSTVETUR_TILBUID_2024.pdf\">Se brochuren<\/a><\/div>\n<\/div>\n\n\n\n<p><\/p>\n<\/div><\/div>\n\n\n\n<figure class=\"wp-block-image alignwide size-large\"><img decoding=\"async\" width=\"1220\" height=\"813\" data-src=\"https:\/\/nordichouse.is\/wp-content\/uploads\/2021\/04\/nordichouse-julietterowland33-1220x813.jpg\" alt=\"\" class=\"wp-image-28162 lazyload\" data-srcset=\"https:\/\/nordichouse.is\/wp-content\/uploads\/2021\/04\/nordichouse-julietterowland33-1220x813.jpg 1220w, https:\/\/nordichouse.is\/wp-content\/uploads\/2021\/04\/nordichouse-julietterowland33-640x427.jpg 640w, https:\/\/nordichouse.is\/wp-content\/uploads\/2021\/04\/nordichouse-julietterowland33-768x512.jpg 768w, https:\/\/nordichouse.is\/wp-content\/uploads\/2021\/04\/nordichouse-julietterowland33-1536x1024.jpg 1536w, https:\/\/nordichouse.is\/wp-content\/uploads\/2021\/04\/nordichouse-julietterowland33-2048x1365.jpg 2048w\" data-sizes=\"(max-width: 1220px) 100vw, 1220px\" src=\"data:image\/svg+xml;base64,PHN2ZyB3aWR0aD0iMSIgaGVpZ2h0PSIxIiB4bWxucz0iaHR0cDovL3d3dy53My5vcmcvMjAwMC9zdmciPjwvc3ZnPg==\" style=\"--smush-placeholder-width: 1220px; --smush-placeholder-aspect-ratio: 1220\/813;\" \/><\/figure>\n\n\n\n<h2 class=\"wp-block-heading\">Pedagogiska aktiviteter f\u00f6r barn och ungdomar i Nordens hus<\/h2>\n\n\n\n<p>Nordens hus l\u00e4gger stor vikt p\u00e5 kreativ utbildning, samvaro och f\u00f6rmedling av nordisk kultur och konst till barn och ungdomar. Aktiviteter f\u00f6r barn och familjer, inbokade skolbes\u00f6k och verkst\u00e4der av olika slag planeras in \u00e5ret runt.<\/p>\n\n\n\n<p>L\u00e4ra om Norden ing\u00e5r i l\u00e4roplanen f\u00f6r 6.klassen i Island och Nordens hus syftar till att erbjuda kompletterande utbildning till skolmaterialet som fokuserar p\u00e5 konst och kultur.\n<\/p>\n\n\n\n<p>Nordens hus har genom \u00e5ren etablerad sig som en mysig samlingsplats f\u00f6r barn och familjer och man kan l\u00e4tt gl\u00f6mma bort sig i husets barnbibliotek som har ett varierat urval av barn- och ungdomsb\u00f6cker p\u00e5 de nordiska spr\u00e5ken.<\/p>\n\n\n\n<p>Nordens hus pedagogiska program utg\u00e5r ifr\u00e5n grundskolans l\u00e4roplan och f\u00f6ljer Nordiska ministerr\u00e5dets strategi i arbete med barn och ungdomar d\u00e4r barns r\u00e4ttigheter och inflytande \u00e4r grundstenar.<\/p>\n\n\n\n<div class=\"wp-block-columns is-layout-flex wp-container-core-columns-is-layout-9d6595d7 wp-block-columns-is-layout-flex\">\n<div class=\"wp-block-column is-layout-flow wp-block-column-is-layout-flow\" style=\"flex-basis:100%\">\n<figure class=\"wp-block-gallery alignwide has-nested-images columns-default is-cropped wp-block-gallery-4 is-layout-flex wp-block-gallery-is-layout-flex\">\n<figure class=\"wp-block-image size-large\"><img decoding=\"async\" width=\"1220\" height=\"811\" data-id=\"28244\" data-src=\"https:\/\/nordichouse.is\/wp-content\/uploads\/2021\/04\/zzz-1-1220x811.jpg\" alt=\"\" class=\"wp-image-28244 lazyload\" data-srcset=\"https:\/\/nordichouse.is\/wp-content\/uploads\/2021\/04\/zzz-1-1220x811.jpg 1220w, https:\/\/nordichouse.is\/wp-content\/uploads\/2021\/04\/zzz-1-640x425.jpg 640w, https:\/\/nordichouse.is\/wp-content\/uploads\/2021\/04\/zzz-1-768x511.jpg 768w, https:\/\/nordichouse.is\/wp-content\/uploads\/2021\/04\/zzz-1.jpg 1250w\" data-sizes=\"(max-width: 1220px) 100vw, 1220px\" src=\"data:image\/svg+xml;base64,PHN2ZyB3aWR0aD0iMSIgaGVpZ2h0PSIxIiB4bWxucz0iaHR0cDovL3d3dy53My5vcmcvMjAwMC9zdmciPjwvc3ZnPg==\" style=\"--smush-placeholder-width: 1220px; --smush-placeholder-aspect-ratio: 1220\/811;\" \/><\/figure>\n\n\n\n<figure class=\"wp-block-image size-large\"><img decoding=\"async\" width=\"1220\" height=\"1220\" data-id=\"27864\" data-src=\"https:\/\/nordichouse.is\/wp-content\/uploads\/2021\/03\/oskudagur5-1220x1220.jpg\" alt=\"\" class=\"wp-image-27864 lazyload\" data-srcset=\"https:\/\/nordichouse.is\/wp-content\/uploads\/2021\/03\/oskudagur5-1220x1220.jpg 1220w, https:\/\/nordichouse.is\/wp-content\/uploads\/2021\/03\/oskudagur5-640x640.jpg 640w, https:\/\/nordichouse.is\/wp-content\/uploads\/2021\/03\/oskudagur5-400x400.jpg 400w, https:\/\/nordichouse.is\/wp-content\/uploads\/2021\/03\/oskudagur5-768x768.jpg 768w, https:\/\/nordichouse.is\/wp-content\/uploads\/2021\/03\/oskudagur5-1536x1536.jpg 1536w, https:\/\/nordichouse.is\/wp-content\/uploads\/2021\/03\/oskudagur5-2048x2048.jpg 2048w, https:\/\/nordichouse.is\/wp-content\/uploads\/2021\/03\/oskudagur5-800x800.jpg 800w\" data-sizes=\"(max-width: 1220px) 100vw, 1220px\" src=\"data:image\/svg+xml;base64,PHN2ZyB3aWR0aD0iMSIgaGVpZ2h0PSIxIiB4bWxucz0iaHR0cDovL3d3dy53My5vcmcvMjAwMC9zdmciPjwvc3ZnPg==\" style=\"--smush-placeholder-width: 1220px; --smush-placeholder-aspect-ratio: 1220\/1220;\" \/><\/figure>\n<\/figure>\n<\/div>\n<\/div>\n\n\n\n<h3 class=\"wp-block-heading\">Nordens hus barnbibliotek<\/h3>\n\n\n\n<p>Barnbiblioteket ligger i nedre v\u00e5ningen av biblioteket och \u00e4r en mysig samlingsplats f\u00f6r barn och familjer. <\/p>\n\n\n\n<p>I barnbiblioteket finns det barn- och ungdomsb\u00f6cker p\u00e5 sju nordiska spr\u00e5k; du tr\u00e4ffar k\u00e4nda barnboksfigurer som Pippi L\u00e5ngstrump och Mumintrollen och under vintern bjuder vi p\u00e5 sagostunder p\u00e5 finska, norska, gr\u00f6nl\u00e4ndska, danska, isl\u00e4ndsk, f\u00e4r\u00f6isk och svenska. I barnbiblioteket anordnas det ocks\u00e5 barnutst\u00e4llningar \u00e5ret runt.<\/p>\n\n\n\n<div class=\"wp-block-buttons is-layout-flex wp-block-buttons-is-layout-flex\">\n<div class=\"wp-block-button is-style-outline is-style-outline--5\"><a class=\"wp-block-button__link no-border-radius wp-element-button\" href=\"https:\/\/nordichouse.is\/da\/for-born\/lesestund\/\">Sagostunder<\/a><\/div>\n<\/div>\n\n\n\n<figure class=\"wp-block-image size-large\"><img decoding=\"async\" width=\"1220\" height=\"1220\" data-src=\"https:\/\/nordichouse.is\/wp-content\/uploads\/2022\/11\/bogbanan-swim-1-1220x1220.jpg\" alt=\"\" class=\"wp-image-54409 lazyload\" data-srcset=\"https:\/\/nordichouse.is\/wp-content\/uploads\/2022\/11\/bogbanan-swim-1-1220x1220.jpg 1220w, https:\/\/nordichouse.is\/wp-content\/uploads\/2022\/11\/bogbanan-swim-1-640x640.jpg 640w, https:\/\/nordichouse.is\/wp-content\/uploads\/2022\/11\/bogbanan-swim-1-400x400.jpg 400w, https:\/\/nordichouse.is\/wp-content\/uploads\/2022\/11\/bogbanan-swim-1-768x768.jpg 768w, https:\/\/nordichouse.is\/wp-content\/uploads\/2022\/11\/bogbanan-swim-1-1536x1536.jpg 1536w, https:\/\/nordichouse.is\/wp-content\/uploads\/2022\/11\/bogbanan-swim-1-2048x2048.jpg 2048w, https:\/\/nordichouse.is\/wp-content\/uploads\/2022\/11\/bogbanan-swim-1-800x800.jpg 800w\" data-sizes=\"(max-width: 1220px) 100vw, 1220px\" src=\"data:image\/svg+xml;base64,PHN2ZyB3aWR0aD0iMSIgaGVpZ2h0PSIxIiB4bWxucz0iaHR0cDovL3d3dy53My5vcmcvMjAwMC9zdmciPjwvc3ZnPg==\" style=\"--smush-placeholder-width: 1220px; --smush-placeholder-aspect-ratio: 1220\/1220;\" \/><\/figure>\n\n\n\n<h2 class=\"wp-block-heading\"><br><strong>Hvad er den nordiske bogsluger?<\/strong><\/h2>\n\n\n\n<p>Den&nbsp;<a href=\"https:\/\/bokslukaren.org\/da\/\">nordiske bogsluger<\/a>s&nbsp;hjemmeside giver adgang til en masse samtaleideer og uddannelsesmateriale for for\u00e6ldre, b\u00f8rnehaver og folkeskoler baseret p\u00e5 nordiske billedb\u00f8ger. Ideen er et initiativ, som er skabt af nordisk kulturkontakt, hvor m\u00e5let er at udvikle gratis og lettilg\u00e6ngeligt undervisningsmatierale p\u00e5 alle de nordiske sprog, s\u00e5dan at alle b\u00f8rn har adgang til v\u00e6rdifulde oplevelser i nordiske b\u00f8ger.&nbsp;<\/p>\n\n\n\n<p><a href=\"https:\/\/borgarbokasafn.is\/norraeni-bokagleypirinn\">Her<\/a>&nbsp;kan du se hvilke b\u00f8ger, der kan findes i Reykjav\u00edk&#8217;s City Library og mange andre b\u00f8ger, som ogs\u00e5 kan findes p\u00e5 et af de nordiske sprog hos Nordens hus i Reykjav\u00edk.&nbsp;<\/p>\n\n\n\n<p>Den p\u00e6dagogiske hjemmeside er resultatet af et nordisk samarbejde mellem Reykjav\u00edk City Library, Nordens hus i Finland, Nordens hus p\u00e5 F\u00e6r\u00f8erne, Nordens Institut i Gr\u00f8nland og det Nordiske Institut p\u00e5 \u00c5land.&nbsp;<\/p>\n\n\n\n<p>I 2023 vil der v\u00e6re en udstilling i Nordens hus b\u00f8rnebibliotek baseret p\u00e5 b\u00f8gerne og materialet fra den nordiske bogsluger.<\/p>\n\n\n\n<figure class=\"wp-block-image size-full is-resized\"><img decoding=\"async\" data-src=\"https:\/\/nordichouse.is\/wp-content\/uploads\/2022\/11\/BBS_logo_gratt_allt-2.svg\" alt=\"\" class=\"wp-image-54406 lazyload\" style=\"width:299px;height:128px\" src=\"data:image\/svg+xml;base64,PHN2ZyB3aWR0aD0iMSIgaGVpZ2h0PSIxIiB4bWxucz0iaHR0cDovL3d3dy53My5vcmcvMjAwMC9zdmciPjwvc3ZnPg==\" \/><\/figure>\n\n\n\n<p>For flere oplysninger kontakt venligst:&nbsp;<\/p>\n\n\n\n<p>Gu\u00f0r\u00fan El\u00edsa Ragnarsd\u00f3ttir, ekspert ved Reykjav\u00edk City Library:&nbsp;g<a href=\"mailto:udrun.elisa.ragnarsdottir@reykjavik.is\">udrun.elisa.ragnarsdottir@reykjavik.is<\/a> og Hrafnhildur Gissurard\u00f3ttir, Uddannelsesrepr\u00e6sentant for Nordens hus Reykjav\u00edk.&nbsp;<a href=\"mailto:hrafnhildur@nordichouse.is\">hrafnhildur@nordichouse.is<\/a><\/p>\n\n\n\n<figure class=\"wp-block-image alignwide size-large\"><img decoding=\"async\" width=\"1220\" height=\"813\" data-src=\"https:\/\/nordichouse.is\/wp-content\/uploads\/2021\/04\/nordichouse-julietterowland25-1220x813.jpg\" alt=\"\" class=\"wp-image-28176 lazyload\" data-srcset=\"https:\/\/nordichouse.is\/wp-content\/uploads\/2021\/04\/nordichouse-julietterowland25-1220x813.jpg 1220w, https:\/\/nordichouse.is\/wp-content\/uploads\/2021\/04\/nordichouse-julietterowland25-640x427.jpg 640w, https:\/\/nordichouse.is\/wp-content\/uploads\/2021\/04\/nordichouse-julietterowland25-768x512.jpg 768w, https:\/\/nordichouse.is\/wp-content\/uploads\/2021\/04\/nordichouse-julietterowland25-1536x1024.jpg 1536w, https:\/\/nordichouse.is\/wp-content\/uploads\/2021\/04\/nordichouse-julietterowland25-2048x1365.jpg 2048w\" data-sizes=\"(max-width: 1220px) 100vw, 1220px\" src=\"data:image\/svg+xml;base64,PHN2ZyB3aWR0aD0iMSIgaGVpZ2h0PSIxIiB4bWxucz0iaHR0cDovL3d3dy53My5vcmcvMjAwMC9zdmciPjwvc3ZnPg==\" style=\"--smush-placeholder-width: 1220px; --smush-placeholder-aspect-ratio: 1220\/813;\" \/><\/figure>\n\n\n\n<h2 class=\"wp-block-heading\">Nordens Hus&#8217;s venskabsskole<\/h2>\n\n\n\n<p><div>Projektet <strong>Nordens Hus&#8217;s venskabsskole<\/strong> er et langsigtet f\u00e6llesprojekt med H\u00f3labrekkusk\u00f3li, med fokus p\u00e5 elever i 7. klasse.<\/div><\/p>\n\n\n\n<p>Projektet indledes med et bes\u00f8g i Nordens Hus, hvor eleverne introduceres til husets opgaver, de nordiske lande og h\u00f8jdepunkter i nordisk kultur med s\u00e6rligt fokus p\u00e5 kunst, musik og litteratur. Via projektet laver eleverne gruppearbejde, hvor hver gruppe v\u00e6lger et fokus, hvilket giver eleverne en chance for at l\u00e6re i overensstemmelse med deres interesser under vejledning af en kuratorinstrukt\u00f8r.<\/p>\n\n\n\n<p>Nordens Hus efterlever Nordisk Ministerr\u00e5ds politik vedr. internationalt arbejde med v\u00e6gt p\u00e5 b\u00f8rns rettigheder og visionen for unge mennesker sammen med m\u00e5ls\u00e6tningen om at g\u00f8re de nordiske lande til et af de mest b\u00e6redygtige og integrerede omr\u00e5der i verden.<\/p>\n\n\n\n<figure class=\"wp-block-image alignwide size-large\"><img decoding=\"async\" width=\"1220\" height=\"813\" data-src=\"https:\/\/nordichouse.is\/wp-content\/uploads\/2021\/10\/NordicHouse-JulietteRowland45-1220x813.jpg\" alt=\"\" class=\"wp-image-43082 lazyload\" data-srcset=\"https:\/\/nordichouse.is\/wp-content\/uploads\/2021\/10\/NordicHouse-JulietteRowland45-1220x813.jpg 1220w, https:\/\/nordichouse.is\/wp-content\/uploads\/2021\/10\/NordicHouse-JulietteRowland45-640x427.jpg 640w, https:\/\/nordichouse.is\/wp-content\/uploads\/2021\/10\/NordicHouse-JulietteRowland45-768x512.jpg 768w, https:\/\/nordichouse.is\/wp-content\/uploads\/2021\/10\/NordicHouse-JulietteRowland45-1536x1024.jpg 1536w, https:\/\/nordichouse.is\/wp-content\/uploads\/2021\/10\/NordicHouse-JulietteRowland45-2048x1365.jpg 2048w\" data-sizes=\"(max-width: 1220px) 100vw, 1220px\" src=\"data:image\/svg+xml;base64,PHN2ZyB3aWR0aD0iMSIgaGVpZ2h0PSIxIiB4bWxucz0iaHR0cDovL3d3dy53My5vcmcvMjAwMC9zdmciPjwvc3ZnPg==\" style=\"--smush-placeholder-width: 1220px; --smush-placeholder-aspect-ratio: 1220\/813;\" \/><\/figure>\n\n\n\n<figure class=\"wp-block-gallery has-nested-images columns-default is-cropped wp-block-gallery-6 is-layout-flex wp-block-gallery-is-layout-flex\">\n<figure class=\"wp-block-image size-large\"><img decoding=\"async\" width=\"1220\" height=\"813\" data-id=\"28226\" data-src=\"https:\/\/nordichouse.is\/wp-content\/uploads\/2021\/04\/norraenahusid-julietterowland29-1220x813.jpg\" alt=\"\" class=\"wp-image-28226 lazyload\" data-srcset=\"https:\/\/nordichouse.is\/wp-content\/uploads\/2021\/04\/norraenahusid-julietterowland29-1220x813.jpg 1220w, https:\/\/nordichouse.is\/wp-content\/uploads\/2021\/04\/norraenahusid-julietterowland29-640x426.jpg 640w, https:\/\/nordichouse.is\/wp-content\/uploads\/2021\/04\/norraenahusid-julietterowland29-768x512.jpg 768w, https:\/\/nordichouse.is\/wp-content\/uploads\/2021\/04\/norraenahusid-julietterowland29.jpg 1250w\" data-sizes=\"(max-width: 1220px) 100vw, 1220px\" src=\"data:image\/svg+xml;base64,PHN2ZyB3aWR0aD0iMSIgaGVpZ2h0PSIxIiB4bWxucz0iaHR0cDovL3d3dy53My5vcmcvMjAwMC9zdmciPjwvc3ZnPg==\" style=\"--smush-placeholder-width: 1220px; --smush-placeholder-aspect-ratio: 1220\/813;\" \/><\/figure>\n\n\n\n<figure class=\"wp-block-image size-large\"><img decoding=\"async\" width=\"1220\" height=\"813\" data-id=\"28229\" data-src=\"https:\/\/nordichouse.is\/wp-content\/uploads\/2021\/04\/norraenahusid-julietterowland40-1220x813.jpg\" alt=\"\" class=\"wp-image-28229 lazyload\" data-srcset=\"https:\/\/nordichouse.is\/wp-content\/uploads\/2021\/04\/norraenahusid-julietterowland40-1220x813.jpg 1220w, https:\/\/nordichouse.is\/wp-content\/uploads\/2021\/04\/norraenahusid-julietterowland40-640x426.jpg 640w, https:\/\/nordichouse.is\/wp-content\/uploads\/2021\/04\/norraenahusid-julietterowland40-768x512.jpg 768w, https:\/\/nordichouse.is\/wp-content\/uploads\/2021\/04\/norraenahusid-julietterowland40.jpg 1250w\" data-sizes=\"(max-width: 1220px) 100vw, 1220px\" src=\"data:image\/svg+xml;base64,PHN2ZyB3aWR0aD0iMSIgaGVpZ2h0PSIxIiB4bWxucz0iaHR0cDovL3d3dy53My5vcmcvMjAwMC9zdmciPjwvc3ZnPg==\" style=\"--smush-placeholder-width: 1220px; --smush-placeholder-aspect-ratio: 1220\/813;\" \/><\/figure>\n\n\n\n<figure class=\"wp-block-image size-large\"><img decoding=\"async\" width=\"813\" height=\"1220\" data-id=\"28235\" data-src=\"https:\/\/nordichouse.is\/wp-content\/uploads\/2021\/04\/img_6350-1-813x1220.jpg\" alt=\"\" class=\"wp-image-28235 lazyload\" data-srcset=\"https:\/\/nordichouse.is\/wp-content\/uploads\/2021\/04\/img_6350-1-813x1220.jpg 813w, https:\/\/nordichouse.is\/wp-content\/uploads\/2021\/04\/img_6350-1-427x640.jpg 427w, https:\/\/nordichouse.is\/wp-content\/uploads\/2021\/04\/img_6350-1-768x1152.jpg 768w, https:\/\/nordichouse.is\/wp-content\/uploads\/2021\/04\/img_6350-1-1024x1536.jpg 1024w, https:\/\/nordichouse.is\/wp-content\/uploads\/2021\/04\/img_6350-1-1365x2048.jpg 1365w, https:\/\/nordichouse.is\/wp-content\/uploads\/2021\/04\/img_6350-1-scaled.jpg 1707w\" data-sizes=\"(max-width: 813px) 100vw, 813px\" src=\"data:image\/svg+xml;base64,PHN2ZyB3aWR0aD0iMSIgaGVpZ2h0PSIxIiB4bWxucz0iaHR0cDovL3d3dy53My5vcmcvMjAwMC9zdmciPjwvc3ZnPg==\" style=\"--smush-placeholder-width: 813px; --smush-placeholder-aspect-ratio: 813\/1220;\" \/><\/figure>\n<\/figure>\n\n\n\n<p><\/p>\n","protected":false},"excerpt":{"rendered":"<p>Vi byder grupper velkommen til at bes\u00f8ge efter aftale. Bes\u00f8g i skole- og b\u00f8rnehavegrupper er gratis. Mere informatino fra Nordens hus konst- och kulturf\u00f6rmedlare: Hrafnhildur Gissurard\u00f3ttir \/ hrafnhildur@nordichouse.is \/ 551 7061. Pedagogiska aktiviteter f\u00f6r barn och ungdomar i Nordens hus Nordens hus l\u00e4gger stor vikt p\u00e5 kreativ utbildning, samvaro och f\u00f6rmedling av nordisk kultur och [&hellip;]<\/p>\n","protected":false},"author":6,"featured_media":0,"parent":0,"menu_order":0,"comment_status":"closed","ping_status":"closed","template":"","meta":{"_acf_changed":false,"footnotes":""},"class_list":["post-20876","page","type-page","status-publish","hentry","no-banner-image"],"acf":[],"_links":{"self":[{"href":"https:\/\/nordichouse.is\/da\/wp-json\/wp\/v2\/pages\/20876","targetHints":{"allow":["GET"]}}],"collection":[{"href":"https:\/\/nordichouse.is\/da\/wp-json\/wp\/v2\/pages"}],"about":[{"href":"https:\/\/nordichouse.is\/da\/wp-json\/wp\/v2\/types\/page"}],"author":[{"embeddable":true,"href":"https:\/\/nordichouse.is\/da\/wp-json\/wp\/v2\/users\/6"}],"replies":[{"embeddable":true,"href":"https:\/\/nordichouse.is\/da\/wp-json\/wp\/v2\/comments?post=20876"}],"version-history":[{"count":0,"href":"https:\/\/nordichouse.is\/da\/wp-json\/wp\/v2\/pages\/20876\/revisions"}],"wp:attachment":[{"href":"https:\/\/nordichouse.is\/da\/wp-json\/wp\/v2\/media?parent=20876"}],"curies":[{"name":"wp","href":"https:\/\/api.w.org\/{rel}","templated":true}]}}